{"id":2039,"date":"2018-07-23T08:00:09","date_gmt":"2018-07-23T08:00:09","guid":{"rendered":"https:\/\/www.buefa.ee\/front-page\/"},"modified":"2020-03-24T11:36:47","modified_gmt":"2020-03-24T11:36:47","slug":"front-page","status":"publish","type":"page","link":"https:\/\/www.buefa.ee\/et\/","title":{"rendered":"Avaleht"},"content":{"rendered":"","protected":false},"excerpt":{"rendered":"","protected":false},"author":1,"featured_media":0,"parent":0,"menu_order":0,"comment_status":"closed","ping_status":"closed","template":"templates\/front-page.php","meta":[],"yoast_head":"<!-- This site is optimized with the Yoast SEO plugin v16.0.2 - https:\/\/yoast.com\/wordpress\/plugins\/seo\/ -->\n<title>B\u00fcfa \u2013 New Chemistry<\/title>\n<meta name=\"description\" content=\"B\u00fcfa Composites Baltic O\u00dc teenindab kliente komposiitmaterjalide valdkonnas ning pakub neile kohandatud komposiitmaterjalidest tooteid ja t\u00e4ielikke lahendusi.\" \/>\n<link rel=\"canonical\" href=\"https:\/\/www.buefa.ee\/et\/\" \/>\n<meta property=\"og:locale\" content=\"et_EE\" \/>\n<meta property=\"og:type\" content=\"article\" \/>\n<meta property=\"og:title\" content=\"B\u00fcfa \u2013 New Chemistry\" \/>\n<meta property=\"og:description\" content=\"B\u00fcfa Composites Baltic O\u00dc teenindab kliente komposiitmaterjalide valdkonnas ning pakub neile kohandatud komposiitmaterjalidest tooteid ja t\u00e4ielikke lahendusi.\" \/>\n<meta property=\"og:url\" content=\"https:\/\/www.buefa.ee\/et\/\" \/>\n<meta property=\"og:site_name\" content=\"B\u00dcFA\" \/>\n<meta property=\"article:modified_time\" content=\"2020-03-24T11:36:47+00:00\" \/>\n<meta property=\"og:image\" content=\"https:\/\/www.buefa.ee\/wp-content\/uploads\/2018\/12\/FB-share.png\" \/>\n\t<meta property=\"og:image:width\" content=\"1200\" \/>\n\t<meta property=\"og:image:height\" content=\"630\" \/>\n<meta name=\"twitter:card\" content=\"summary_large_image\" \/>\n<script type=\"application\/ld+json\" class=\"yoast-schema-graph\">{\"@context\":\"https:\/\/schema.org\",\"@graph\":[{\"@type\":\"WebSite\",\"@id\":\"https:\/\/www.buefa.ee\/#website\",\"url\":\"https:\/\/www.buefa.ee\/\",\"name\":\"B\\u00dcFA\",\"description\":\"New Chemistry, composite raw materials, komposiit materjalid\",\"potentialAction\":[{\"@type\":\"SearchAction\",\"target\":\"https:\/\/www.buefa.ee\/?s={search_term_string}\",\"query-input\":\"required name=search_term_string\"}],\"inLanguage\":\"et\"},{\"@type\":\"WebPage\",\"@id\":\"https:\/\/www.buefa.ee\/et\/#webpage\",\"url\":\"https:\/\/www.buefa.ee\/et\/\",\"name\":\"B\\u00fcfa \\u2013 New Chemistry\",\"isPartOf\":{\"@id\":\"https:\/\/www.buefa.ee\/#website\"},\"datePublished\":\"2018-07-23T08:00:09+00:00\",\"dateModified\":\"2020-03-24T11:36:47+00:00\",\"description\":\"B\\u00fcfa Composites Baltic O\\u00dc teenindab kliente komposiitmaterjalide valdkonnas ning pakub neile kohandatud komposiitmaterjalidest tooteid ja t\\u00e4ielikke lahendusi.\",\"breadcrumb\":{\"@id\":\"https:\/\/www.buefa.ee\/et\/#breadcrumb\"},\"inLanguage\":\"et\",\"potentialAction\":[{\"@type\":\"ReadAction\",\"target\":[\"https:\/\/www.buefa.ee\/et\/\"]}]},{\"@type\":\"BreadcrumbList\",\"@id\":\"https:\/\/www.buefa.ee\/et\/#breadcrumb\",\"itemListElement\":[{\"@type\":\"ListItem\",\"position\":1,\"item\":{\"@type\":\"WebPage\",\"@id\":\"https:\/\/www.buefa.ee\/et\/\",\"url\":\"https:\/\/www.buefa.ee\/et\/\",\"name\":\"Home\"}},{\"@type\":\"ListItem\",\"position\":2,\"item\":{\"@type\":\"WebPage\",\"@id\":\"https:\/\/www.buefa.ee\/et\/\",\"url\":\"https:\/\/www.buefa.ee\/et\/\",\"name\":\"Avaleht\"}}]}]}<\/script>\n<!-- \/ Yoast SEO plugin. -->","_links":{"self":[{"href":"https:\/\/www.buefa.ee\/et\/wp-json\/wp\/v2\/pages\/2039"}],"collection":[{"href":"https:\/\/www.buefa.ee\/et\/wp-json\/wp\/v2\/pages"}],"about":[{"href":"https:\/\/www.buefa.ee\/et\/wp-json\/wp\/v2\/types\/page"}],"author":[{"embeddable":true,"href":"https:\/\/www.buefa.ee\/et\/wp-json\/wp\/v2\/users\/1"}],"replies":[{"embeddable":true,"href":"https:\/\/www.buefa.ee\/et\/wp-json\/wp\/v2\/comments?post=2039"}],"version-history":[{"count":11,"href":"https:\/\/www.buefa.ee\/et\/wp-json\/wp\/v2\/pages\/2039\/revisions"}],"predecessor-version":[{"id":3979,"href":"https:\/\/www.buefa.ee\/et\/wp-json\/wp\/v2\/pages\/2039\/revisions\/3979"}],"wp:attachment":[{"href":"https:\/\/www.buefa.ee\/et\/wp-json\/wp\/v2\/media?parent=2039"}],"curies":[{"name":"wp","href":"https:\/\/api.w.org\/{rel}","templated":true}]}}