{"id":2925,"date":"2018-10-28T15:03:18","date_gmt":"2018-10-28T15:03:18","guid":{"rendered":"https:\/\/www.buefa.ee\/?page_id=2925"},"modified":"2019-03-28T14:44:41","modified_gmt":"2019-03-28T14:44:41","slug":"oskusteave","status":"publish","type":"page","link":"https:\/\/www.buefa.ee\/et\/oskusteave\/","title":{"rendered":"Oskusteave"},"content":{"rendered":"<p><span style=\"font-weight: 400;\">B\u00fcfa toetab oma kliente projekti k\u00f5ikides faasides alates \u00fcksikasjalikust tehnilisest n\u00f5ustamisest kuni toote hoolikalt eesm\u00e4rgistatud turustamiseni. Te v\u00f5ite usaldada meie tootejuhtimis- ja m\u00fc\u00fcgir\u00fchma tehnilisi ning \u00e4rilisi kogemusi, kes jagavad teiega oma igak\u00fclgseid teadmisi materjalide, kasutusviiside eksperthinnangute ja turunduse oskusteabe osas.<\/span><\/p>\n","protected":false},"excerpt":{"rendered":"<p>B\u00fcfa toetab oma kliente projekti k\u00f5ikides faasides alates \u00fcksikasjalikust tehnilisest n\u00f5ustamisest kuni toote hoolikalt eesm\u00e4rgistatud turustamiseni. Te v\u00f5ite usaldada meie tootejuhtimis- ja m\u00fc\u00fcgir\u00fchma tehnilisi ning \u00e4rilisi kogemusi, kes jagavad teiega oma igak\u00fclgseid teadmisi materjalide, kasutusviiside eksperthinnangute ja turunduse oskusteabe osas.<\/p>\n","protected":false},"author":1,"featured_media":0,"parent":0,"menu_order":0,"comment_status":"closed","ping_status":"closed","template":"","meta":[],"yoast_head":"<!-- This site is optimized with the Yoast SEO plugin v16.0.2 - https:\/\/yoast.com\/wordpress\/plugins\/seo\/ -->\n<title>Oskusteave - B\u00dcFA<\/title>\n<link rel=\"canonical\" href=\"https:\/\/www.buefa.ee\/et\/oskusteave\/\" \/>\n<meta property=\"og:locale\" content=\"et_EE\" \/>\n<meta property=\"og:type\" content=\"article\" \/>\n<meta property=\"og:title\" content=\"Oskusteave - B\u00dcFA\" \/>\n<meta property=\"og:description\" content=\"B\u00fcfa toetab oma kliente projekti k\u00f5ikides faasides alates \u00fcksikasjalikust tehnilisest n\u00f5ustamisest kuni toote hoolikalt eesm\u00e4rgistatud turustamiseni. Te v\u00f5ite usaldada meie tootejuhtimis- ja m\u00fc\u00fcgir\u00fchma tehnilisi ning \u00e4rilisi kogemusi, kes jagavad teiega oma igak\u00fclgseid teadmisi materjalide, kasutusviiside eksperthinnangute ja turunduse oskusteabe osas.\" \/>\n<meta property=\"og:url\" content=\"https:\/\/www.buefa.ee\/et\/oskusteave\/\" \/>\n<meta property=\"og:site_name\" content=\"B\u00dcFA\" \/>\n<meta property=\"article:modified_time\" content=\"2019-03-28T14:44:41+00:00\" \/>\n<meta property=\"og:image\" content=\"https:\/\/www.buefa.ee\/wp-content\/uploads\/2018\/12\/FB-share.png\" \/>\n\t<meta property=\"og:image:width\" content=\"1200\" \/>\n\t<meta property=\"og:image:height\" content=\"630\" \/>\n<meta name=\"twitter:card\" content=\"summary_large_image\" \/>\n<script type=\"application\/ld+json\" class=\"yoast-schema-graph\">{\"@context\":\"https:\/\/schema.org\",\"@graph\":[{\"@type\":\"WebSite\",\"@id\":\"https:\/\/www.buefa.ee\/#website\",\"url\":\"https:\/\/www.buefa.ee\/\",\"name\":\"B\\u00dcFA\",\"description\":\"New Chemistry, composite raw materials, komposiit materjalid\",\"potentialAction\":[{\"@type\":\"SearchAction\",\"target\":\"https:\/\/www.buefa.ee\/?s={search_term_string}\",\"query-input\":\"required name=search_term_string\"}],\"inLanguage\":\"et\"},{\"@type\":\"WebPage\",\"@id\":\"https:\/\/www.buefa.ee\/et\/oskusteave\/#webpage\",\"url\":\"https:\/\/www.buefa.ee\/et\/oskusteave\/\",\"name\":\"Oskusteave - B\\u00dcFA\",\"isPartOf\":{\"@id\":\"https:\/\/www.buefa.ee\/#website\"},\"datePublished\":\"2018-10-28T15:03:18+00:00\",\"dateModified\":\"2019-03-28T14:44:41+00:00\",\"breadcrumb\":{\"@id\":\"https:\/\/www.buefa.ee\/et\/oskusteave\/#breadcrumb\"},\"inLanguage\":\"et\",\"potentialAction\":[{\"@type\":\"ReadAction\",\"target\":[\"https:\/\/www.buefa.ee\/et\/oskusteave\/\"]}]},{\"@type\":\"BreadcrumbList\",\"@id\":\"https:\/\/www.buefa.ee\/et\/oskusteave\/#breadcrumb\",\"itemListElement\":[{\"@type\":\"ListItem\",\"position\":1,\"item\":{\"@type\":\"WebPage\",\"@id\":\"https:\/\/www.buefa.ee\/et\/\",\"url\":\"https:\/\/www.buefa.ee\/et\/\",\"name\":\"Home\"}},{\"@type\":\"ListItem\",\"position\":2,\"item\":{\"@type\":\"WebPage\",\"@id\":\"https:\/\/www.buefa.ee\/et\/oskusteave\/\",\"url\":\"https:\/\/www.buefa.ee\/et\/oskusteave\/\",\"name\":\"Oskusteave\"}}]}]}<\/script>\n<!-- \/ Yoast SEO plugin. -->","_links":{"self":[{"href":"https:\/\/www.buefa.ee\/et\/wp-json\/wp\/v2\/pages\/2925"}],"collection":[{"href":"https:\/\/www.buefa.ee\/et\/wp-json\/wp\/v2\/pages"}],"about":[{"href":"https:\/\/www.buefa.ee\/et\/wp-json\/wp\/v2\/types\/page"}],"author":[{"embeddable":true,"href":"https:\/\/www.buefa.ee\/et\/wp-json\/wp\/v2\/users\/1"}],"replies":[{"embeddable":true,"href":"https:\/\/www.buefa.ee\/et\/wp-json\/wp\/v2\/comments?post=2925"}],"version-history":[{"count":4,"href":"https:\/\/www.buefa.ee\/et\/wp-json\/wp\/v2\/pages\/2925\/revisions"}],"predecessor-version":[{"id":3468,"href":"https:\/\/www.buefa.ee\/et\/wp-json\/wp\/v2\/pages\/2925\/revisions\/3468"}],"wp:attachment":[{"href":"https:\/\/www.buefa.ee\/et\/wp-json\/wp\/v2\/media?parent=2925"}],"curies":[{"name":"wp","href":"https:\/\/api.w.org\/{rel}","templated":true}]}}