{"id":2938,"date":"2018-10-28T15:05:54","date_gmt":"2018-10-28T15:05:54","guid":{"rendered":"https:\/\/www.buefa.ee\/?page_id=2938"},"modified":"2019-03-28T14:44:59","modified_gmt":"2019-03-28T14:44:59","slug":"kasutamine","status":"publish","type":"page","link":"https:\/\/www.buefa.ee\/et\/oskusteave\/kasutamine\/","title":{"rendered":"Kasutamine"},"content":{"rendered":"<p><span style=\"font-weight: 400;\">Me soovime teha teiega koost\u00f6\u00f6d avatult ja l\u00e4bipaistvalt, mis on kasulik m\u00f5lemale poolele ning v\u00f5imaldab leida uuenduslikke komposiitmaterjale. Selleks on meil kasutada nii meie teadus- ja arendusosakonnas kui ka meie partneritel paljudes kohtades \u00fcle kogu maailma suurep\u00e4rane valik seadmeid komposiitmaterjalide testimiseks.<\/span><\/p>\n","protected":false},"excerpt":{"rendered":"<p>Me soovime teha teiega koost\u00f6\u00f6d avatult ja l\u00e4bipaistvalt, mis on kasulik m\u00f5lemale poolele ning v\u00f5imaldab leida uuenduslikke komposiitmaterjale.<\/p>\n","protected":false},"author":1,"featured_media":821,"parent":2925,"menu_order":0,"comment_status":"closed","ping_status":"closed","template":"","meta":[],"yoast_head":"<!-- This site is optimized with the Yoast SEO plugin v16.0.2 - https:\/\/yoast.com\/wordpress\/plugins\/seo\/ -->\n<title>Kasutamine - B\u00dcFA<\/title>\n<link rel=\"canonical\" href=\"https:\/\/www.buefa.ee\/et\/oskusteave\/kasutamine\/\" \/>\n<meta property=\"og:locale\" content=\"et_EE\" \/>\n<meta property=\"og:type\" content=\"article\" \/>\n<meta property=\"og:title\" content=\"Kasutamine - B\u00dcFA\" \/>\n<meta property=\"og:description\" content=\"Me soovime teha teiega koost\u00f6\u00f6d avatult ja l\u00e4bipaistvalt, mis on kasulik m\u00f5lemale poolele ning v\u00f5imaldab leida uuenduslikke komposiitmaterjale.\" \/>\n<meta property=\"og:url\" content=\"https:\/\/www.buefa.ee\/et\/oskusteave\/kasutamine\/\" \/>\n<meta property=\"og:site_name\" content=\"B\u00dcFA\" \/>\n<meta property=\"article:modified_time\" content=\"2019-03-28T14:44:59+00:00\" \/>\n<meta property=\"og:image\" content=\"https:\/\/www.buefa.ee\/wp-content\/uploads\/2018\/10\/Product-application.jpg\" \/>\n\t<meta property=\"og:image:width\" content=\"520\" \/>\n\t<meta property=\"og:image:height\" content=\"425\" \/>\n<meta name=\"twitter:card\" content=\"summary_large_image\" \/>\n<script type=\"application\/ld+json\" class=\"yoast-schema-graph\">{\"@context\":\"https:\/\/schema.org\",\"@graph\":[{\"@type\":\"WebSite\",\"@id\":\"https:\/\/www.buefa.ee\/#website\",\"url\":\"https:\/\/www.buefa.ee\/\",\"name\":\"B\\u00dcFA\",\"description\":\"New Chemistry, composite raw materials, komposiit materjalid\",\"potentialAction\":[{\"@type\":\"SearchAction\",\"target\":\"https:\/\/www.buefa.ee\/?s={search_term_string}\",\"query-input\":\"required name=search_term_string\"}],\"inLanguage\":\"et\"},{\"@type\":\"ImageObject\",\"@id\":\"https:\/\/www.buefa.ee\/et\/oskusteave\/kasutamine\/#primaryimage\",\"inLanguage\":\"et\",\"url\":\"https:\/\/www.buefa.ee\/wp-content\/uploads\/2018\/10\/Product-application.jpg\",\"width\":520,\"height\":425},{\"@type\":\"WebPage\",\"@id\":\"https:\/\/www.buefa.ee\/et\/oskusteave\/kasutamine\/#webpage\",\"url\":\"https:\/\/www.buefa.ee\/et\/oskusteave\/kasutamine\/\",\"name\":\"Kasutamine - B\\u00dcFA\",\"isPartOf\":{\"@id\":\"https:\/\/www.buefa.ee\/#website\"},\"primaryImageOfPage\":{\"@id\":\"https:\/\/www.buefa.ee\/et\/oskusteave\/kasutamine\/#primaryimage\"},\"datePublished\":\"2018-10-28T15:05:54+00:00\",\"dateModified\":\"2019-03-28T14:44:59+00:00\",\"breadcrumb\":{\"@id\":\"https:\/\/www.buefa.ee\/et\/oskusteave\/kasutamine\/#breadcrumb\"},\"inLanguage\":\"et\",\"potentialAction\":[{\"@type\":\"ReadAction\",\"target\":[\"https:\/\/www.buefa.ee\/et\/oskusteave\/kasutamine\/\"]}]},{\"@type\":\"BreadcrumbList\",\"@id\":\"https:\/\/www.buefa.ee\/et\/oskusteave\/kasutamine\/#breadcrumb\",\"itemListElement\":[{\"@type\":\"ListItem\",\"position\":1,\"item\":{\"@type\":\"WebPage\",\"@id\":\"https:\/\/www.buefa.ee\/et\/\",\"url\":\"https:\/\/www.buefa.ee\/et\/\",\"name\":\"Home\"}},{\"@type\":\"ListItem\",\"position\":2,\"item\":{\"@type\":\"WebPage\",\"@id\":\"https:\/\/www.buefa.ee\/et\/oskusteave\/\",\"url\":\"https:\/\/www.buefa.ee\/et\/oskusteave\/\",\"name\":\"Oskusteave\"}},{\"@type\":\"ListItem\",\"position\":3,\"item\":{\"@type\":\"WebPage\",\"@id\":\"https:\/\/www.buefa.ee\/et\/oskusteave\/kasutamine\/\",\"url\":\"https:\/\/www.buefa.ee\/et\/oskusteave\/kasutamine\/\",\"name\":\"Kasutamine\"}}]}]}<\/script>\n<!-- \/ Yoast SEO plugin. -->","_links":{"self":[{"href":"https:\/\/www.buefa.ee\/et\/wp-json\/wp\/v2\/pages\/2938"}],"collection":[{"href":"https:\/\/www.buefa.ee\/et\/wp-json\/wp\/v2\/pages"}],"about":[{"href":"https:\/\/www.buefa.ee\/et\/wp-json\/wp\/v2\/types\/page"}],"author":[{"embeddable":true,"href":"https:\/\/www.buefa.ee\/et\/wp-json\/wp\/v2\/users\/1"}],"replies":[{"embeddable":true,"href":"https:\/\/www.buefa.ee\/et\/wp-json\/wp\/v2\/comments?post=2938"}],"version-history":[{"count":5,"href":"https:\/\/www.buefa.ee\/et\/wp-json\/wp\/v2\/pages\/2938\/revisions"}],"predecessor-version":[{"id":3469,"href":"https:\/\/www.buefa.ee\/et\/wp-json\/wp\/v2\/pages\/2938\/revisions\/3469"}],"up":[{"embeddable":true,"href":"https:\/\/www.buefa.ee\/et\/wp-json\/wp\/v2\/pages\/2925"}],"wp:featuredmedia":[{"embeddable":true,"href":"https:\/\/www.buefa.ee\/et\/wp-json\/wp\/v2\/media\/821"}],"wp:attachment":[{"href":"https:\/\/www.buefa.ee\/et\/wp-json\/wp\/v2\/media?parent=2938"}],"curies":[{"name":"wp","href":"https:\/\/api.w.org\/{rel}","templated":true}]}}