{"id":2952,"date":"2018-10-28T15:15:14","date_gmt":"2018-10-28T15:15:14","guid":{"rendered":"https:\/\/www.buefa.ee\/?page_id=2952"},"modified":"2019-03-28T14:48:52","modified_gmt":"2019-03-28T14:48:52","slug":"laboriteenused-ning-teadus-ja-arendustegevus","status":"publish","type":"page","link":"https:\/\/www.buefa.ee\/et\/oskusteave\/laboriteenused-ning-teadus-ja-arendustegevus\/","title":{"rendered":"Laboriteenused ning teadus-ja arendustegevus"},"content":{"rendered":"<p><span style=\"font-weight: 400;\">Komposiitmaterjalid ja teadus on v\u00e4ga tihedalt seotud, peamiselt suurte edusammudega teadus- ja arendustegevuses.<\/span><\/p>\n<p><span style=\"font-weight: 400;\">B\u00fcfa saab teid aidata komposiitmaterjalide parameetrite piiride nihutamisel ja detailide tootmisel. V\u00f5ttes arvesse terviklikku l\u00e4henemist uue toote v\u00e4ljat\u00f6\u00f6tamisele, kasutame k\u00f5iki oma kogemusi ja teadmise materjaliteaduse, katsetamise ja sertifitseerimise ning komposiitmaterjalide koostisosade valmistamise vallas, et leida komposiitmaterjalidele uusi rakendusi.<\/span><\/p>\n<p><span style=\"font-weight: 400;\">Ettev\u00f5ttesisene uurimis- ja arendustegevus Saksamaal (Rastede). Me t\u00f6\u00f6tame oma tooteid v\u00e4lja tulevasi kliente silmas pidades. Meil on j\u00e4rgmistele standarditele vastav tehasesisene katsetuskeskus. Need on vaid \u00fcksikud n\u00e4ited paljudest meie v\u00f5imalustest.<\/span><\/p>\n<ul>\n<li>ISO 5660 (koonuskalorimeeter)<\/li>\n<li>DIN 5510<\/li>\n<li>LOI (hapniku piirindeks)<\/li>\n<li>UIC 564<\/li>\n<\/ul>\n<p>Koost\u00f6\u00f6st meie partneritega tulenev teave lisav\u00f5imaluste kohta.<\/p>\n<p><strong>Kiudude ja kangaste anal\u00fc\u00fcs<\/strong><\/p>\n<ul>\n<li>kiudude vahekauguse ja nendevahelise nurga m\u00e4\u00e4ramine<\/li>\n<li>kiutaskute m\u00f5\u00f5tmine<\/li>\n<li>silmusemoodustamise m\u00e4\u00e4ramine<\/li>\n<li>filamendi l\u00e4bim\u00f5\u00f5du m\u00e4\u00e4ramine<\/li>\n<\/ul>\n<p><strong>Protsessi katsetamine<\/strong><\/p>\n<ul>\n<li>RTMi ja infusiooni katsed \/ voolavuskatse \/ kuumpressimiskatse<\/li>\n<li>klassikaline voolavuskatse ja muud<\/li>\n<\/ul>\n<p><strong>Materjalide anal\u00fc\u00fcsimine<\/strong><\/p>\n<ul>\n<li>komposiitmaterjalide k\u00f5vaduse anal\u00fc\u00fcs: Barcol<\/li>\n<li>kiufraktsiooni anal\u00fc\u00fcs: komposiitmaterjalide kiu- ja vaigusisalduse anal\u00fc\u00fcs ning v\u00e4ljap\u00f5lemine (k\u00f5rgtemperatuurne ahi) ja lagunemine hapetes<\/li>\n<\/ul>\n<p><strong>Mehaaniliste omaduste anal\u00fc\u00fcsimine<\/strong><\/p>\n<ul>\n<li>kiudarmeeritud komposiitmaterjalide <span style=\"font-weight: 400;\">t\u00f5mbetugevus<\/span><\/li>\n<li style=\"font-weight: 400;\"><span style=\"font-weight: 400;\">kiudarmeeritud komposiitmaterjalide survetugevus: ISO ja ASTMi standardite kohaselt<\/span><\/li>\n<li><span style=\"font-weight: 400;\">kiudarmeeritud komposiitmaterjalide paindetugevus<\/span><\/li>\n<li><span style=\"font-weight: 400;\">mitmekihiliste laminaatmaterjalide jagatud tugevus<\/span><\/li>\n<\/ul>\n","protected":false},"excerpt":{"rendered":"<p>Komposiitmaterjalid ja teadus on v\u00e4ga tihedalt seotud, peamiselt suurte edusammudega teadus- ja arendustegevuses.<\/p>\n","protected":false},"author":1,"featured_media":827,"parent":2925,"menu_order":0,"comment_status":"closed","ping_status":"closed","template":"","meta":[],"yoast_head":"<!-- This site is optimized with the Yoast SEO plugin v16.0.2 - https:\/\/yoast.com\/wordpress\/plugins\/seo\/ -->\n<title>Laboriteenused ning teadus-ja arendustegevus - B\u00dcFA<\/title>\n<link rel=\"canonical\" href=\"https:\/\/www.buefa.ee\/et\/oskusteave\/laboriteenused-ning-teadus-ja-arendustegevus\/\" \/>\n<meta property=\"og:locale\" content=\"et_EE\" \/>\n<meta property=\"og:type\" content=\"article\" \/>\n<meta property=\"og:title\" content=\"Laboriteenused ning teadus-ja arendustegevus - B\u00dcFA\" \/>\n<meta property=\"og:description\" content=\"Komposiitmaterjalid ja teadus on v\u00e4ga tihedalt seotud, peamiselt suurte edusammudega teadus- ja arendustegevuses.\" \/>\n<meta property=\"og:url\" content=\"https:\/\/www.buefa.ee\/et\/oskusteave\/laboriteenused-ning-teadus-ja-arendustegevus\/\" \/>\n<meta property=\"og:site_name\" content=\"B\u00dcFA\" \/>\n<meta property=\"article:modified_time\" content=\"2019-03-28T14:48:52+00:00\" \/>\n<meta property=\"og:image\" content=\"https:\/\/www.buefa.ee\/wp-content\/uploads\/2018\/10\/LabTesting-1024x682.jpg\" \/>\n\t<meta property=\"og:image:width\" content=\"1024\" \/>\n\t<meta property=\"og:image:height\" content=\"682\" \/>\n<meta name=\"twitter:card\" content=\"summary_large_image\" \/>\n<meta name=\"twitter:label1\" content=\"Est. reading time\">\n\t<meta name=\"twitter:data1\" content=\"1 minut\">\n<script type=\"application\/ld+json\" class=\"yoast-schema-graph\">{\"@context\":\"https:\/\/schema.org\",\"@graph\":[{\"@type\":\"WebSite\",\"@id\":\"https:\/\/www.buefa.ee\/#website\",\"url\":\"https:\/\/www.buefa.ee\/\",\"name\":\"B\\u00dcFA\",\"description\":\"New Chemistry, composite raw materials, komposiit materjalid\",\"potentialAction\":[{\"@type\":\"SearchAction\",\"target\":\"https:\/\/www.buefa.ee\/?s={search_term_string}\",\"query-input\":\"required name=search_term_string\"}],\"inLanguage\":\"et\"},{\"@type\":\"ImageObject\",\"@id\":\"https:\/\/www.buefa.ee\/et\/oskusteave\/laboriteenused-ning-teadus-ja-arendustegevus\/#primaryimage\",\"inLanguage\":\"et\",\"url\":\"https:\/\/www.buefa.ee\/wp-content\/uploads\/2018\/10\/LabTesting.jpg\",\"width\":5426,\"height\":3616},{\"@type\":\"WebPage\",\"@id\":\"https:\/\/www.buefa.ee\/et\/oskusteave\/laboriteenused-ning-teadus-ja-arendustegevus\/#webpage\",\"url\":\"https:\/\/www.buefa.ee\/et\/oskusteave\/laboriteenused-ning-teadus-ja-arendustegevus\/\",\"name\":\"Laboriteenused ning teadus-ja arendustegevus - B\\u00dcFA\",\"isPartOf\":{\"@id\":\"https:\/\/www.buefa.ee\/#website\"},\"primaryImageOfPage\":{\"@id\":\"https:\/\/www.buefa.ee\/et\/oskusteave\/laboriteenused-ning-teadus-ja-arendustegevus\/#primaryimage\"},\"datePublished\":\"2018-10-28T15:15:14+00:00\",\"dateModified\":\"2019-03-28T14:48:52+00:00\",\"breadcrumb\":{\"@id\":\"https:\/\/www.buefa.ee\/et\/oskusteave\/laboriteenused-ning-teadus-ja-arendustegevus\/#breadcrumb\"},\"inLanguage\":\"et\",\"potentialAction\":[{\"@type\":\"ReadAction\",\"target\":[\"https:\/\/www.buefa.ee\/et\/oskusteave\/laboriteenused-ning-teadus-ja-arendustegevus\/\"]}]},{\"@type\":\"BreadcrumbList\",\"@id\":\"https:\/\/www.buefa.ee\/et\/oskusteave\/laboriteenused-ning-teadus-ja-arendustegevus\/#breadcrumb\",\"itemListElement\":[{\"@type\":\"ListItem\",\"position\":1,\"item\":{\"@type\":\"WebPage\",\"@id\":\"https:\/\/www.buefa.ee\/et\/\",\"url\":\"https:\/\/www.buefa.ee\/et\/\",\"name\":\"Home\"}},{\"@type\":\"ListItem\",\"position\":2,\"item\":{\"@type\":\"WebPage\",\"@id\":\"https:\/\/www.buefa.ee\/et\/oskusteave\/\",\"url\":\"https:\/\/www.buefa.ee\/et\/oskusteave\/\",\"name\":\"Oskusteave\"}},{\"@type\":\"ListItem\",\"position\":3,\"item\":{\"@type\":\"WebPage\",\"@id\":\"https:\/\/www.buefa.ee\/et\/oskusteave\/laboriteenused-ning-teadus-ja-arendustegevus\/\",\"url\":\"https:\/\/www.buefa.ee\/et\/oskusteave\/laboriteenused-ning-teadus-ja-arendustegevus\/\",\"name\":\"Laboriteenused ning teadus-ja arendustegevus\"}}]}]}<\/script>\n<!-- \/ Yoast SEO plugin. -->","_links":{"self":[{"href":"https:\/\/www.buefa.ee\/et\/wp-json\/wp\/v2\/pages\/2952"}],"collection":[{"href":"https:\/\/www.buefa.ee\/et\/wp-json\/wp\/v2\/pages"}],"about":[{"href":"https:\/\/www.buefa.ee\/et\/wp-json\/wp\/v2\/types\/page"}],"author":[{"embeddable":true,"href":"https:\/\/www.buefa.ee\/et\/wp-json\/wp\/v2\/users\/1"}],"replies":[{"embeddable":true,"href":"https:\/\/www.buefa.ee\/et\/wp-json\/wp\/v2\/comments?post=2952"}],"version-history":[{"count":5,"href":"https:\/\/www.buefa.ee\/et\/wp-json\/wp\/v2\/pages\/2952\/revisions"}],"predecessor-version":[{"id":3472,"href":"https:\/\/www.buefa.ee\/et\/wp-json\/wp\/v2\/pages\/2952\/revisions\/3472"}],"up":[{"embeddable":true,"href":"https:\/\/www.buefa.ee\/et\/wp-json\/wp\/v2\/pages\/2925"}],"wp:featuredmedia":[{"embeddable":true,"href":"https:\/\/www.buefa.ee\/et\/wp-json\/wp\/v2\/media\/827"}],"wp:attachment":[{"href":"https:\/\/www.buefa.ee\/et\/wp-json\/wp\/v2\/media?parent=2952"}],"curies":[{"name":"wp","href":"https:\/\/api.w.org\/{rel}","templated":true}]}}