{"id":2965,"date":"2018-10-28T15:09:48","date_gmt":"2018-10-28T15:09:48","guid":{"rendered":"https:\/\/www.buefa.ee\/?page_id=2965"},"modified":"2020-04-16T10:31:06","modified_gmt":"2020-04-16T10:31:06","slug":"tootlemine","status":"publish","type":"page","link":"https:\/\/www.buefa.ee\/et\/oskusteave\/tootlemine\/","title":{"rendered":"T\u00f6\u00f6tlemine"},"content":{"rendered":"<p><span style=\"font-weight: 400;\">Meie t\u00f6\u00f6 on suunatud teie tehtud valiku toetamiseks toodete ja t\u00f6\u00f6tlemismeetodite osas ning me saame teile vajaduse korral alati pakkuda nii tehnilist abi kui ka sobivaid lahendusi. Meie eksperdid aitavad teid meeleldi.<\/span><\/p>\n<p><span style=\"font-weight: 400;\">Meid usaldavad juba paljud firmad ja me loodame, et ka teie moodustate juba osa meie suurest komposiitmaterjale kasutavast perekonnast. B\u00fcfa r\u00fchm annab teie k\u00e4sutusse r\u00fchma asjatundjaid, kes teid projekti elluviimisel aitavad ja juhendavad. V\u00f5tke meiega \u00fchendust ja teavitage meid oma probleemidest, meil on hea meel teid aidata. Allpool l\u00fchike \u00fclevaade.<\/span><\/p>\n<p><b>K\u00e4sitsi lamineerimine: <\/b><span style=\"font-weight: 400;\">v\u00e4ikesed investeeringud, maksimaalne vabadus detailide kujundamisel. Need on selle protsessi kaks eelist, kolmandaks on sobivate kiudtoodete suur valik.<\/span><\/p>\n<p><b>Klaaskiud pihustamine:<\/b><span style=\"font-weight: 400;\"> selle k\u00e4sitsi lamineerimismeetodi edasiarenduse korral on materjali pealekandmine osaliselt mehhaniseeritud. Klaaskiu pihustamisel vormi kasutatakse materjale peaaegu j\u00e4\u00e4tmevabalt.<\/span><\/p>\n<p><b>Valamine: <\/b><span style=\"font-weight: 400;\">aktiveeritud vaik valatakse k\u00e4sitsi v\u00f5i doseerimisseadme kasutamisega valuvormi, kus see k\u00f5veneb ja tahkub. Mitmel juhul on vaik segatud t\u00e4iteainetega, et tagada k\u00f5venemisel v\u00e4iksem mahukahanemine v\u00f5i v\u00e4hendada kulutusi toormaterjalidele.<\/span><\/p>\n<p><b>Kerimine:<\/b><span style=\"font-weight: 400;\"> tavaliselt klaaskiu kujul olev materjal l\u00e4bib reaktsiooniv\u00f5imelist vaiku sisaldava immutusvanni ja suunatakse \u201ekammi\u201c abil katmiss\u00f5lme. See paigaldab klaaskiu p\u00f6\u00f6rlevale s\u00fcdamikule.<\/span><\/p>\n<p><b>Pultrusioon:<\/b><span style=\"font-weight: 400;\"> pidev protsess lattide, torude ja profiilide tootmiseks, mida nimetatakse ka pultrusiooniks.<\/span><\/p>\n<p><span style=\"font-weight: 400;\"><strong>Vaakuminfusioon:<\/strong> selle meetodi eeliseks k\u00e4sitsi lamineerimisega v\u00f5rreldes on kiudude suurem mahusisaldus mis tagab ka k\u00f5rgema mehaanika<\/span><\/p>\n<p><b>RTM: <\/b><span style=\"font-weight: 400;\">vaigu injektsioonprotsess v\u00f5i vaigu transfeervormimine. Kulut\u00f5hus protsess m\u00f5lemalt poolt sileda k\u00fcljega detailide v\u00e4ikese v\u00f5i keskmise suurusega partiide tootmiseks.<\/span><\/p>\n","protected":false},"excerpt":{"rendered":"<p>Meie t\u00f6\u00f6 on suunatud teie tehtud valiku toetamiseks toodete ja t\u00f6\u00f6tlemismeetodite osas ning me saame teile vajaduse korral alati pakkuda nii tehnilist abi kui ka sobivaid lahendusi. Meie eksperdid aitavad teid meeleldi.<\/p>\n","protected":false},"author":1,"featured_media":823,"parent":2925,"menu_order":0,"comment_status":"closed","ping_status":"closed","template":"","meta":[],"yoast_head":"<!-- This site is optimized with the Yoast SEO plugin v16.0.2 - https:\/\/yoast.com\/wordpress\/plugins\/seo\/ -->\n<title>T\u00f6\u00f6tlemine - B\u00dcFA<\/title>\n<link rel=\"canonical\" href=\"https:\/\/www.buefa.ee\/et\/oskusteave\/tootlemine\/\" \/>\n<meta property=\"og:locale\" content=\"et_EE\" \/>\n<meta property=\"og:type\" content=\"article\" \/>\n<meta property=\"og:title\" content=\"T\u00f6\u00f6tlemine - B\u00dcFA\" \/>\n<meta property=\"og:description\" content=\"Meie t\u00f6\u00f6 on suunatud teie tehtud valiku toetamiseks toodete ja t\u00f6\u00f6tlemismeetodite osas ning me saame teile vajaduse korral alati pakkuda nii tehnilist abi kui ka sobivaid lahendusi. Meie eksperdid aitavad teid meeleldi.\" \/>\n<meta property=\"og:url\" content=\"https:\/\/www.buefa.ee\/et\/oskusteave\/tootlemine\/\" \/>\n<meta property=\"og:site_name\" content=\"B\u00dcFA\" \/>\n<meta property=\"article:modified_time\" content=\"2020-04-16T10:31:06+00:00\" \/>\n<meta property=\"og:image\" content=\"https:\/\/www.buefa.ee\/wp-content\/uploads\/2018\/10\/Process-1024x683.jpg\" \/>\n\t<meta property=\"og:image:width\" content=\"1024\" \/>\n\t<meta property=\"og:image:height\" content=\"683\" \/>\n<meta name=\"twitter:card\" content=\"summary_large_image\" \/>\n<meta name=\"twitter:label1\" content=\"Est. reading time\">\n\t<meta name=\"twitter:data1\" content=\"1 minut\">\n<script type=\"application\/ld+json\" class=\"yoast-schema-graph\">{\"@context\":\"https:\/\/schema.org\",\"@graph\":[{\"@type\":\"WebSite\",\"@id\":\"https:\/\/www.buefa.ee\/#website\",\"url\":\"https:\/\/www.buefa.ee\/\",\"name\":\"B\\u00dcFA\",\"description\":\"New Chemistry, composite raw materials, komposiit materjalid\",\"potentialAction\":[{\"@type\":\"SearchAction\",\"target\":\"https:\/\/www.buefa.ee\/?s={search_term_string}\",\"query-input\":\"required name=search_term_string\"}],\"inLanguage\":\"et\"},{\"@type\":\"ImageObject\",\"@id\":\"https:\/\/www.buefa.ee\/et\/oskusteave\/tootlemine\/#primaryimage\",\"inLanguage\":\"et\",\"url\":\"https:\/\/www.buefa.ee\/wp-content\/uploads\/2018\/10\/Process.jpg\",\"width\":5616,\"height\":3744},{\"@type\":\"WebPage\",\"@id\":\"https:\/\/www.buefa.ee\/et\/oskusteave\/tootlemine\/#webpage\",\"url\":\"https:\/\/www.buefa.ee\/et\/oskusteave\/tootlemine\/\",\"name\":\"T\\u00f6\\u00f6tlemine - B\\u00dcFA\",\"isPartOf\":{\"@id\":\"https:\/\/www.buefa.ee\/#website\"},\"primaryImageOfPage\":{\"@id\":\"https:\/\/www.buefa.ee\/et\/oskusteave\/tootlemine\/#primaryimage\"},\"datePublished\":\"2018-10-28T15:09:48+00:00\",\"dateModified\":\"2020-04-16T10:31:06+00:00\",\"breadcrumb\":{\"@id\":\"https:\/\/www.buefa.ee\/et\/oskusteave\/tootlemine\/#breadcrumb\"},\"inLanguage\":\"et\",\"potentialAction\":[{\"@type\":\"ReadAction\",\"target\":[\"https:\/\/www.buefa.ee\/et\/oskusteave\/tootlemine\/\"]}]},{\"@type\":\"BreadcrumbList\",\"@id\":\"https:\/\/www.buefa.ee\/et\/oskusteave\/tootlemine\/#breadcrumb\",\"itemListElement\":[{\"@type\":\"ListItem\",\"position\":1,\"item\":{\"@type\":\"WebPage\",\"@id\":\"https:\/\/www.buefa.ee\/et\/\",\"url\":\"https:\/\/www.buefa.ee\/et\/\",\"name\":\"Home\"}},{\"@type\":\"ListItem\",\"position\":2,\"item\":{\"@type\":\"WebPage\",\"@id\":\"https:\/\/www.buefa.ee\/et\/oskusteave\/\",\"url\":\"https:\/\/www.buefa.ee\/et\/oskusteave\/\",\"name\":\"Oskusteave\"}},{\"@type\":\"ListItem\",\"position\":3,\"item\":{\"@type\":\"WebPage\",\"@id\":\"https:\/\/www.buefa.ee\/et\/oskusteave\/tootlemine\/\",\"url\":\"https:\/\/www.buefa.ee\/et\/oskusteave\/tootlemine\/\",\"name\":\"T\\u00f6\\u00f6tlemine\"}}]}]}<\/script>\n<!-- \/ Yoast SEO plugin. -->","_links":{"self":[{"href":"https:\/\/www.buefa.ee\/et\/wp-json\/wp\/v2\/pages\/2965"}],"collection":[{"href":"https:\/\/www.buefa.ee\/et\/wp-json\/wp\/v2\/pages"}],"about":[{"href":"https:\/\/www.buefa.ee\/et\/wp-json\/wp\/v2\/types\/page"}],"author":[{"embeddable":true,"href":"https:\/\/www.buefa.ee\/et\/wp-json\/wp\/v2\/users\/1"}],"replies":[{"embeddable":true,"href":"https:\/\/www.buefa.ee\/et\/wp-json\/wp\/v2\/comments?post=2965"}],"version-history":[{"count":6,"href":"https:\/\/www.buefa.ee\/et\/wp-json\/wp\/v2\/pages\/2965\/revisions"}],"predecessor-version":[{"id":4000,"href":"https:\/\/www.buefa.ee\/et\/wp-json\/wp\/v2\/pages\/2965\/revisions\/4000"}],"up":[{"embeddable":true,"href":"https:\/\/www.buefa.ee\/et\/wp-json\/wp\/v2\/pages\/2925"}],"wp:featuredmedia":[{"embeddable":true,"href":"https:\/\/www.buefa.ee\/et\/wp-json\/wp\/v2\/media\/823"}],"wp:attachment":[{"href":"https:\/\/www.buefa.ee\/et\/wp-json\/wp\/v2\/media?parent=2965"}],"curies":[{"name":"wp","href":"https:\/\/api.w.org\/{rel}","templated":true}]}}