{"id":2979,"date":"2018-10-28T15:26:53","date_gmt":"2018-10-28T15:26:53","guid":{"rendered":"https:\/\/www.buefa.ee\/?page_id=2979"},"modified":"2019-03-28T14:50:09","modified_gmt":"2019-03-28T14:50:09","slug":"masinaehitus","status":"publish","type":"page","link":"https:\/\/www.buefa.ee\/et\/oskusteave\/masinaehitus\/","title":{"rendered":"Masinaehitus"},"content":{"rendered":"<p>I<span style=\"font-weight: 400;\">gal tootmisprotsessil on erinevad n\u00f5uded masinatle ja seet\u00f5ttu ka erinevad hooldusvajadused. Masinate t\u00fc\u00fcp ja vanus, pihustus- v\u00f5i lamineerimistoiming ning ka koolitatud t\u00f6\u00f6tajate arv on vaid m\u00f5ned n\u00e4ited teeninduse ulatust m\u00f5jutavatest teguritest.<\/span><\/p>\n<p><span style=\"font-weight: 400;\">Teie otsustate hetkevajadusi katva teeninduse ulatuse ja koos B\u00dcFA Teciga teeme kindlaks teeninduse maksumuse.<\/span><\/p>\n<ul>\n<li style=\"font-weight: 400;\"><span style=\"font-weight: 400;\">S\u00fcsteemi toetamine kogu kasutusperioodi v\u00e4ltel.<\/span><\/li>\n<li style=\"font-weight: 400;\"><span style=\"font-weight: 400;\">S\u00fcsteemi \u00fclevaatus ja hooldamine meie teenindustehnikute poolt (olenevalt t\u00f6\u00f6tundide arvust \u00fcks v\u00f5i kaks korda aastas).<\/span><\/li>\n<li style=\"font-weight: 400;\"><span style=\"font-weight: 400;\">Kulunud osade asendamine (nt pumba tihendid) koos j\u00e4rgneva talitluskontrolliga.<\/span><\/li>\n<li style=\"font-weight: 400;\"><span style=\"font-weight: 400;\">Masina seadistuste optimeerimine heitkoguste ja liigpihustamise v\u00e4hendamiseks.<\/span><\/li>\n<li style=\"font-weight: 400;\"><span style=\"font-weight: 400;\">Projekti professionaalne n\u00f5ustamine meie inseneride ja tehnikute poolt.<\/span><\/li>\n<li style=\"font-weight: 400;\"><span style=\"font-weight: 400;\">T\u00f6\u00f6tajate koolitus, mis keskendub masina k\u00e4itlemisele, hooldusele ja remontimisele.<\/span><\/li>\n<li style=\"font-weight: 400;\"><span style=\"font-weight: 400;\">Meie ekspertide oskusteabe kasutamisest tulenevad eelised. Helistage meile julgesti \u2013 meil on alati hea meel teid aidata.<\/span><\/li>\n<\/ul>\n<p><span style=\"font-weight: 400;\">Meie insenerid ja tehnikud kavandavad, tarnivad ning paigaldavad lahendusi, mis on kohandatud just teie vajadustega.<\/span><\/p>\n<ul>\n<li style=\"font-weight: 400;\"><span style=\"font-weight: 400;\">Eris\u00fcsteemid<\/span><\/li>\n<li style=\"font-weight: 400;\"><span style=\"font-weight: 400;\">Mahuti, konteinerid<\/span><\/li>\n<li style=\"font-weight: 400;\"><span style=\"font-weight: 400;\">Materjalivarustus<\/span><\/li>\n<li style=\"font-weight: 400;\"><span style=\"font-weight: 400;\">Segamis- ja pihustamistehnoloogia<\/span><\/li>\n<li style=\"font-weight: 400;\"><span style=\"font-weight: 400;\">T\u00e4itmis ja vooseire s\u00fcsteemid reprodutseeruvate ning optimeeritud protsesside jaoks<\/span><\/li>\n<li style=\"font-weight: 400;\"><span style=\"font-weight: 400;\">Protsessi andmete visualiseerimine ja pikaajaline registreerimine<\/span><\/li>\n<li style=\"font-weight: 400;\"><span style=\"font-weight: 400;\">Integraalsed rakenduss\u00fcsteemid<\/span><\/li>\n<\/ul>\n","protected":false},"excerpt":{"rendered":"<p>Igal tootmisprotsessil on erinevad n\u00f5uded ja seet\u00f5ttu ka erinevad hooldusvajadused. <\/p>\n","protected":false},"author":1,"featured_media":1937,"parent":2925,"menu_order":0,"comment_status":"closed","ping_status":"closed","template":"","meta":[],"yoast_head":"<!-- This site is optimized with the Yoast SEO plugin v16.0.2 - https:\/\/yoast.com\/wordpress\/plugins\/seo\/ -->\n<title>Masinaehitus - B\u00dcFA<\/title>\n<link rel=\"canonical\" href=\"https:\/\/www.buefa.ee\/et\/oskusteave\/masinaehitus\/\" \/>\n<meta property=\"og:locale\" content=\"et_EE\" \/>\n<meta property=\"og:type\" content=\"article\" \/>\n<meta property=\"og:title\" content=\"Masinaehitus - B\u00dcFA\" \/>\n<meta property=\"og:description\" content=\"Igal tootmisprotsessil on erinevad n\u00f5uded ja seet\u00f5ttu ka erinevad hooldusvajadused.\" \/>\n<meta property=\"og:url\" content=\"https:\/\/www.buefa.ee\/et\/oskusteave\/masinaehitus\/\" \/>\n<meta property=\"og:site_name\" content=\"B\u00dcFA\" \/>\n<meta property=\"article:modified_time\" content=\"2019-03-28T14:50:09+00:00\" \/>\n<meta property=\"og:image\" content=\"https:\/\/www.buefa.ee\/wp-content\/uploads\/2018\/12\/Machine-Engineering-pilt.png\" \/>\n\t<meta property=\"og:image:width\" content=\"1000\" \/>\n\t<meta property=\"og:image:height\" content=\"1240\" \/>\n<meta name=\"twitter:card\" content=\"summary_large_image\" \/>\n<meta name=\"twitter:label1\" content=\"Est. reading time\">\n\t<meta name=\"twitter:data1\" content=\"1 minut\">\n<script type=\"application\/ld+json\" class=\"yoast-schema-graph\">{\"@context\":\"https:\/\/schema.org\",\"@graph\":[{\"@type\":\"WebSite\",\"@id\":\"https:\/\/www.buefa.ee\/#website\",\"url\":\"https:\/\/www.buefa.ee\/\",\"name\":\"B\\u00dcFA\",\"description\":\"New Chemistry, composite raw materials, komposiit materjalid\",\"potentialAction\":[{\"@type\":\"SearchAction\",\"target\":\"https:\/\/www.buefa.ee\/?s={search_term_string}\",\"query-input\":\"required name=search_term_string\"}],\"inLanguage\":\"et\"},{\"@type\":\"ImageObject\",\"@id\":\"https:\/\/www.buefa.ee\/et\/oskusteave\/masinaehitus\/#primaryimage\",\"inLanguage\":\"et\",\"url\":\"https:\/\/www.buefa.ee\/wp-content\/uploads\/2018\/12\/Machine-Engineering-pilt.png\",\"width\":1000,\"height\":1240},{\"@type\":\"WebPage\",\"@id\":\"https:\/\/www.buefa.ee\/et\/oskusteave\/masinaehitus\/#webpage\",\"url\":\"https:\/\/www.buefa.ee\/et\/oskusteave\/masinaehitus\/\",\"name\":\"Masinaehitus - B\\u00dcFA\",\"isPartOf\":{\"@id\":\"https:\/\/www.buefa.ee\/#website\"},\"primaryImageOfPage\":{\"@id\":\"https:\/\/www.buefa.ee\/et\/oskusteave\/masinaehitus\/#primaryimage\"},\"datePublished\":\"2018-10-28T15:26:53+00:00\",\"dateModified\":\"2019-03-28T14:50:09+00:00\",\"breadcrumb\":{\"@id\":\"https:\/\/www.buefa.ee\/et\/oskusteave\/masinaehitus\/#breadcrumb\"},\"inLanguage\":\"et\",\"potentialAction\":[{\"@type\":\"ReadAction\",\"target\":[\"https:\/\/www.buefa.ee\/et\/oskusteave\/masinaehitus\/\"]}]},{\"@type\":\"BreadcrumbList\",\"@id\":\"https:\/\/www.buefa.ee\/et\/oskusteave\/masinaehitus\/#breadcrumb\",\"itemListElement\":[{\"@type\":\"ListItem\",\"position\":1,\"item\":{\"@type\":\"WebPage\",\"@id\":\"https:\/\/www.buefa.ee\/et\/\",\"url\":\"https:\/\/www.buefa.ee\/et\/\",\"name\":\"Home\"}},{\"@type\":\"ListItem\",\"position\":2,\"item\":{\"@type\":\"WebPage\",\"@id\":\"https:\/\/www.buefa.ee\/et\/oskusteave\/\",\"url\":\"https:\/\/www.buefa.ee\/et\/oskusteave\/\",\"name\":\"Oskusteave\"}},{\"@type\":\"ListItem\",\"position\":3,\"item\":{\"@type\":\"WebPage\",\"@id\":\"https:\/\/www.buefa.ee\/et\/oskusteave\/masinaehitus\/\",\"url\":\"https:\/\/www.buefa.ee\/et\/oskusteave\/masinaehitus\/\",\"name\":\"Masinaehitus\"}}]}]}<\/script>\n<!-- \/ Yoast SEO plugin. -->","_links":{"self":[{"href":"https:\/\/www.buefa.ee\/et\/wp-json\/wp\/v2\/pages\/2979"}],"collection":[{"href":"https:\/\/www.buefa.ee\/et\/wp-json\/wp\/v2\/pages"}],"about":[{"href":"https:\/\/www.buefa.ee\/et\/wp-json\/wp\/v2\/types\/page"}],"author":[{"embeddable":true,"href":"https:\/\/www.buefa.ee\/et\/wp-json\/wp\/v2\/users\/1"}],"replies":[{"embeddable":true,"href":"https:\/\/www.buefa.ee\/et\/wp-json\/wp\/v2\/comments?post=2979"}],"version-history":[{"count":4,"href":"https:\/\/www.buefa.ee\/et\/wp-json\/wp\/v2\/pages\/2979\/revisions"}],"predecessor-version":[{"id":3473,"href":"https:\/\/www.buefa.ee\/et\/wp-json\/wp\/v2\/pages\/2979\/revisions\/3473"}],"up":[{"embeddable":true,"href":"https:\/\/www.buefa.ee\/et\/wp-json\/wp\/v2\/pages\/2925"}],"wp:featuredmedia":[{"embeddable":true,"href":"https:\/\/www.buefa.ee\/et\/wp-json\/wp\/v2\/media\/1937"}],"wp:attachment":[{"href":"https:\/\/www.buefa.ee\/et\/wp-json\/wp\/v2\/media?parent=2979"}],"curies":[{"name":"wp","href":"https:\/\/api.w.org\/{rel}","templated":true}]}}