{"id":2995,"date":"2018-10-28T15:29:41","date_gmt":"2018-10-28T15:29:41","guid":{"rendered":"https:\/\/www.buefa.ee\/?page_id=2995"},"modified":"2019-03-28T14:52:47","modified_gmt":"2019-03-28T14:52:47","slug":"tehnilised-dokumendid","status":"publish","type":"page","link":"https:\/\/www.buefa.ee\/et\/oskusteave\/tehnilised-dokumendid\/","title":{"rendered":"Tehnilised dokumendid"},"content":{"rendered":"<p><strong>N\u00f5udke vajalikke tehnilisi dokumente<\/strong><\/p>\n<p>Siin on p\u00f5hiline valik dokumentidest, mida me saame teile anda vastava n\u00f5ude esitamisel.<\/p>\n<ul>\n<li>MDS \u2013 kemikaali ohutuskaart<\/li>\n<li>TDS \u2013 tehnilise teabe kaart<\/li>\n<li>CoA \u2013 anal\u00fc\u00fcsi sertifikaat<\/li>\n<li>GL, DNV, RINA \u2013 teatavad kvaliteedisertifikaadid<\/li>\n<\/ul>\n<p>Lisak\u00fcsimuste tekkimisel v\u00f5tke meiega julgesti \u00fchendust.<\/p>\n","protected":false},"excerpt":{"rendered":"<p>N\u00f5udke vajalikke tehnilisi dokumente<\/p>\n","protected":false},"author":1,"featured_media":836,"parent":2925,"menu_order":0,"comment_status":"closed","ping_status":"closed","template":"","meta":[],"yoast_head":"<!-- This site is optimized with the Yoast SEO plugin v16.0.2 - https:\/\/yoast.com\/wordpress\/plugins\/seo\/ -->\n<title>Tehnilised dokumendid - B\u00dcFA<\/title>\n<link rel=\"canonical\" href=\"https:\/\/www.buefa.ee\/et\/oskusteave\/tehnilised-dokumendid\/\" \/>\n<meta property=\"og:locale\" content=\"et_EE\" \/>\n<meta property=\"og:type\" content=\"article\" \/>\n<meta property=\"og:title\" content=\"Tehnilised dokumendid - B\u00dcFA\" \/>\n<meta property=\"og:description\" content=\"N\u00f5udke vajalikke tehnilisi dokumente\" \/>\n<meta property=\"og:url\" content=\"https:\/\/www.buefa.ee\/et\/oskusteave\/tehnilised-dokumendid\/\" \/>\n<meta property=\"og:site_name\" content=\"B\u00dcFA\" \/>\n<meta property=\"article:modified_time\" content=\"2019-03-28T14:52:47+00:00\" \/>\n<meta property=\"og:image\" content=\"https:\/\/www.buefa.ee\/wp-content\/uploads\/2018\/10\/3978_1024_1024.png\" \/>\n\t<meta property=\"og:image:width\" content=\"1024\" \/>\n\t<meta property=\"og:image:height\" content=\"683\" \/>\n<meta name=\"twitter:card\" content=\"summary_large_image\" \/>\n<script type=\"application\/ld+json\" class=\"yoast-schema-graph\">{\"@context\":\"https:\/\/schema.org\",\"@graph\":[{\"@type\":\"WebSite\",\"@id\":\"https:\/\/www.buefa.ee\/#website\",\"url\":\"https:\/\/www.buefa.ee\/\",\"name\":\"B\\u00dcFA\",\"description\":\"New Chemistry, composite raw materials, komposiit materjalid\",\"potentialAction\":[{\"@type\":\"SearchAction\",\"target\":\"https:\/\/www.buefa.ee\/?s={search_term_string}\",\"query-input\":\"required name=search_term_string\"}],\"inLanguage\":\"et\"},{\"@type\":\"ImageObject\",\"@id\":\"https:\/\/www.buefa.ee\/et\/oskusteave\/tehnilised-dokumendid\/#primaryimage\",\"inLanguage\":\"et\",\"url\":\"https:\/\/www.buefa.ee\/wp-content\/uploads\/2018\/10\/3978_1024_1024.png\",\"width\":1024,\"height\":683},{\"@type\":\"WebPage\",\"@id\":\"https:\/\/www.buefa.ee\/et\/oskusteave\/tehnilised-dokumendid\/#webpage\",\"url\":\"https:\/\/www.buefa.ee\/et\/oskusteave\/tehnilised-dokumendid\/\",\"name\":\"Tehnilised dokumendid - B\\u00dcFA\",\"isPartOf\":{\"@id\":\"https:\/\/www.buefa.ee\/#website\"},\"primaryImageOfPage\":{\"@id\":\"https:\/\/www.buefa.ee\/et\/oskusteave\/tehnilised-dokumendid\/#primaryimage\"},\"datePublished\":\"2018-10-28T15:29:41+00:00\",\"dateModified\":\"2019-03-28T14:52:47+00:00\",\"breadcrumb\":{\"@id\":\"https:\/\/www.buefa.ee\/et\/oskusteave\/tehnilised-dokumendid\/#breadcrumb\"},\"inLanguage\":\"et\",\"potentialAction\":[{\"@type\":\"ReadAction\",\"target\":[\"https:\/\/www.buefa.ee\/et\/oskusteave\/tehnilised-dokumendid\/\"]}]},{\"@type\":\"BreadcrumbList\",\"@id\":\"https:\/\/www.buefa.ee\/et\/oskusteave\/tehnilised-dokumendid\/#breadcrumb\",\"itemListElement\":[{\"@type\":\"ListItem\",\"position\":1,\"item\":{\"@type\":\"WebPage\",\"@id\":\"https:\/\/www.buefa.ee\/et\/\",\"url\":\"https:\/\/www.buefa.ee\/et\/\",\"name\":\"Home\"}},{\"@type\":\"ListItem\",\"position\":2,\"item\":{\"@type\":\"WebPage\",\"@id\":\"https:\/\/www.buefa.ee\/et\/oskusteave\/\",\"url\":\"https:\/\/www.buefa.ee\/et\/oskusteave\/\",\"name\":\"Oskusteave\"}},{\"@type\":\"ListItem\",\"position\":3,\"item\":{\"@type\":\"WebPage\",\"@id\":\"https:\/\/www.buefa.ee\/et\/oskusteave\/tehnilised-dokumendid\/\",\"url\":\"https:\/\/www.buefa.ee\/et\/oskusteave\/tehnilised-dokumendid\/\",\"name\":\"Tehnilised dokumendid\"}}]}]}<\/script>\n<!-- \/ Yoast SEO plugin. -->","_links":{"self":[{"href":"https:\/\/www.buefa.ee\/et\/wp-json\/wp\/v2\/pages\/2995"}],"collection":[{"href":"https:\/\/www.buefa.ee\/et\/wp-json\/wp\/v2\/pages"}],"about":[{"href":"https:\/\/www.buefa.ee\/et\/wp-json\/wp\/v2\/types\/page"}],"author":[{"embeddable":true,"href":"https:\/\/www.buefa.ee\/et\/wp-json\/wp\/v2\/users\/1"}],"replies":[{"embeddable":true,"href":"https:\/\/www.buefa.ee\/et\/wp-json\/wp\/v2\/comments?post=2995"}],"version-history":[{"count":3,"href":"https:\/\/www.buefa.ee\/et\/wp-json\/wp\/v2\/pages\/2995\/revisions"}],"predecessor-version":[{"id":2998,"href":"https:\/\/www.buefa.ee\/et\/wp-json\/wp\/v2\/pages\/2995\/revisions\/2998"}],"up":[{"embeddable":true,"href":"https:\/\/www.buefa.ee\/et\/wp-json\/wp\/v2\/pages\/2925"}],"wp:featuredmedia":[{"embeddable":true,"href":"https:\/\/www.buefa.ee\/et\/wp-json\/wp\/v2\/media\/836"}],"wp:attachment":[{"href":"https:\/\/www.buefa.ee\/et\/wp-json\/wp\/v2\/media?parent=2995"}],"curies":[{"name":"wp","href":"https:\/\/api.w.org\/{rel}","templated":true}]}}