{"id":3022,"date":"2018-07-23T08:01:03","date_gmt":"2018-07-23T08:01:03","guid":{"rendered":"https:\/\/www.buefa.ee\/?page_id=3022"},"modified":"2019-03-28T14:59:07","modified_gmt":"2019-03-28T14:59:07","slug":"meist","status":"publish","type":"page","link":"https:\/\/www.buefa.ee\/et\/meist\/","title":{"rendered":"Meist"},"content":{"rendered":"<p><b>Teenindame kliente komposiitmaterjalide valdkonnas ning pakume neile kohandatud komposiitmaterjalidest tooteid ja t\u00e4ielikke lahendusi. Me oleme samuti parimad s\u00fcsteemsed tarnijad t\u00e4nu silmapaistvale tehnilisele teenindamisele ning igak\u00fclgsele oskusteabele seadmete ja rakenduste vallas.<\/b><\/p>\n<h3>P\u00f5him\u00f5tted<\/h3>\n<p><span style=\"font-weight: 400;\">Olles pikaajalise traditsiooniga perekonnaettev\u00f5te, ei m\u00f5tle me mitte kvartaalsetele tulemustele, vaid p\u00f5lvkondade jooksul saavutatud edusammudele. Meie tegevusjuhiseks on see, mis on ettev\u00f5ttele kasulik pikas perspektiivis.<\/span><\/p>\n<p><span style=\"font-weight: 400;\">Sellest hoolimata oleme teadlikud, et ainukesed p\u00fcsivad asjad siin elus on muutused. S\u00f5ltumatu ja keskmise suurusega perekonnaettev\u00f5ttena reageerime uuenduslikult, kiiresti ja paindlikult nii oma klientide vajadustele ja turul toimuvatele muutustele kui ka \u00f6koloogilistele probleemidele. Meie selline hoiak on omane kogu ettev\u00f5ttele<\/span><\/p>\n<p><a href=\"#related-brochures\">Tutvuge B\u00dcFA p\u00f5him\u00f5tetega alltoodud PDF-v\u00e4ljaandes ja videomaterjalides.<\/a><\/p>\n<h3>Komposiitmaterjalid<\/h3>\n<p><span style=\"font-weight: 400;\">B\u00dcFA Composite Systems tarnib s\u00fcsteeme, mis koosnevad uuenduslikest kliendi soovidele vastavatest komposiitmaterjalidest valmistatud toodetest, pakub suurep\u00e4rast tehnilist teenindust, k\u00f5ikeh\u00f5lmavaid lahendusi ja seadmeid, aga ka rakenduste eksperdihinnanguid.<\/span><\/p>\n<p><span style=\"font-weight: 400;\">B\u00dcFA Composite Systemsi kasutuses olev tehnoloogiliste teadmiste kogum t\u00e4hendab eelistatult oskusteavet tootjatele autot\u00f6\u00f6stuse, r\u00f6\u00f6bass\u00f5idukite, tuuleenergeetika, ehituse, sanitaarseadmete, mahutite ja torude, merenduse ning vaba aja veetmise vahendite vallas.<\/span><\/p>\n<h3>J\u00e4rjepidevus<\/h3>\n<p><span style=\"font-weight: 400;\">Me oleme seadnud B\u00dcFA Composite Systemsis t\u00f6\u00f6 eesm\u00e4rgiks selle, et meie tootevalikus oleks \u00fcle 50% koobalti\u00fchendeid mittesisaldavaid tooteid.<\/span><\/p>\n<p><span style=\"font-weight: 400;\">Me t\u00f6\u00f6tame erinevates valdkondades selle nimel, et suurendada meie toodete vastavust s\u00e4\u00e4stva arengu p\u00f5him\u00f5tetele. Alates m\u00f6\u00f6dunud aastast oleme hakanud kasutama \u00f6kovaike, mis on ligikaudu 40 protsendi ulatuses valmistatud taaskasutatavast toorainest.<\/span><\/p>\n<p><span style=\"font-weight: 400;\">Rea projektide raames t\u00f6\u00f6tame v\u00e4lja st\u00fcreenivabu s\u00fcsteeme, mis v\u00f5imaldavad tootjatel v\u00e4hendada heitkoguseid ja saastumist LO\u00dcdega (lenduvate orgaaniliste \u00fchenditega). LO\u00dcdest loobumise j\u00e4rgmiseks n\u00e4iteks on B\u00dcFA<\/span><span style=\"font-weight: 400;\">\u00ae<\/span><span style=\"font-weight: 400;\">-AE-Cleaner, v\u00e4ga t\u00f5hus puhastusvahend, mida tootjad on tunnustanud tavap\u00e4raste puhastusvahendite, n\u00e4iteks atsetooni asendajana.<\/span><\/p>\n<p><span style=\"font-weight: 400;\">Lisaks on B\u00dcFA Composite System v\u00e4lja t\u00f6\u00f6tanud nn \u201et\u00e4ieliku B\u00dcFA vahu vaikude s\u00fcsteemi\u201c. Materjali vahustamisel on v\u00f5imalik v\u00e4hendada detailide massi kuni 45%.<\/span><\/p>\n","protected":false},"excerpt":{"rendered":"<p>.<\/p>\n","protected":false},"author":1,"featured_media":0,"parent":0,"menu_order":0,"comment_status":"closed","ping_status":"closed","template":"templates\/about.php","meta":[],"yoast_head":"<!-- This site is optimized with the Yoast SEO plugin v16.0.2 - https:\/\/yoast.com\/wordpress\/plugins\/seo\/ -->\n<title>Meist - B\u00dcFA<\/title>\n<link rel=\"canonical\" href=\"https:\/\/www.buefa.ee\/et\/meist\/\" \/>\n<meta property=\"og:locale\" content=\"et_EE\" \/>\n<meta property=\"og:type\" content=\"article\" \/>\n<meta property=\"og:title\" content=\"Meist - B\u00dcFA\" \/>\n<meta property=\"og:description\" content=\".\" \/>\n<meta property=\"og:url\" content=\"https:\/\/www.buefa.ee\/et\/meist\/\" \/>\n<meta property=\"og:site_name\" content=\"B\u00dcFA\" \/>\n<meta property=\"article:modified_time\" content=\"2019-03-28T14:59:07+00:00\" \/>\n<meta property=\"og:image\" content=\"https:\/\/www.buefa.ee\/wp-content\/uploads\/2018\/12\/FB-share.png\" \/>\n\t<meta property=\"og:image:width\" content=\"1200\" \/>\n\t<meta property=\"og:image:height\" content=\"630\" \/>\n<meta name=\"twitter:card\" content=\"summary_large_image\" \/>\n<meta name=\"twitter:label1\" content=\"Est. reading time\">\n\t<meta name=\"twitter:data1\" content=\"2 minutit\">\n<script type=\"application\/ld+json\" class=\"yoast-schema-graph\">{\"@context\":\"https:\/\/schema.org\",\"@graph\":[{\"@type\":\"WebSite\",\"@id\":\"https:\/\/www.buefa.ee\/#website\",\"url\":\"https:\/\/www.buefa.ee\/\",\"name\":\"B\\u00dcFA\",\"description\":\"New Chemistry, composite raw materials, komposiit materjalid\",\"potentialAction\":[{\"@type\":\"SearchAction\",\"target\":\"https:\/\/www.buefa.ee\/?s={search_term_string}\",\"query-input\":\"required name=search_term_string\"}],\"inLanguage\":\"et\"},{\"@type\":\"WebPage\",\"@id\":\"https:\/\/www.buefa.ee\/et\/meist\/#webpage\",\"url\":\"https:\/\/www.buefa.ee\/et\/meist\/\",\"name\":\"Meist - B\\u00dcFA\",\"isPartOf\":{\"@id\":\"https:\/\/www.buefa.ee\/#website\"},\"datePublished\":\"2018-07-23T08:01:03+00:00\",\"dateModified\":\"2019-03-28T14:59:07+00:00\",\"breadcrumb\":{\"@id\":\"https:\/\/www.buefa.ee\/et\/meist\/#breadcrumb\"},\"inLanguage\":\"et\",\"potentialAction\":[{\"@type\":\"ReadAction\",\"target\":[\"https:\/\/www.buefa.ee\/et\/meist\/\"]}]},{\"@type\":\"BreadcrumbList\",\"@id\":\"https:\/\/www.buefa.ee\/et\/meist\/#breadcrumb\",\"itemListElement\":[{\"@type\":\"ListItem\",\"position\":1,\"item\":{\"@type\":\"WebPage\",\"@id\":\"https:\/\/www.buefa.ee\/et\/\",\"url\":\"https:\/\/www.buefa.ee\/et\/\",\"name\":\"Home\"}},{\"@type\":\"ListItem\",\"position\":2,\"item\":{\"@type\":\"WebPage\",\"@id\":\"https:\/\/www.buefa.ee\/et\/meist\/\",\"url\":\"https:\/\/www.buefa.ee\/et\/meist\/\",\"name\":\"Meist\"}}]}]}<\/script>\n<!-- \/ Yoast SEO plugin. -->","_links":{"self":[{"href":"https:\/\/www.buefa.ee\/et\/wp-json\/wp\/v2\/pages\/3022"}],"collection":[{"href":"https:\/\/www.buefa.ee\/et\/wp-json\/wp\/v2\/pages"}],"about":[{"href":"https:\/\/www.buefa.ee\/et\/wp-json\/wp\/v2\/types\/page"}],"author":[{"embeddable":true,"href":"https:\/\/www.buefa.ee\/et\/wp-json\/wp\/v2\/users\/1"}],"replies":[{"embeddable":true,"href":"https:\/\/www.buefa.ee\/et\/wp-json\/wp\/v2\/comments?post=3022"}],"version-history":[{"count":6,"href":"https:\/\/www.buefa.ee\/et\/wp-json\/wp\/v2\/pages\/3022\/revisions"}],"predecessor-version":[{"id":3475,"href":"https:\/\/www.buefa.ee\/et\/wp-json\/wp\/v2\/pages\/3022\/revisions\/3475"}],"wp:attachment":[{"href":"https:\/\/www.buefa.ee\/et\/wp-json\/wp\/v2\/media?parent=3022"}],"curies":[{"name":"wp","href":"https:\/\/api.w.org\/{rel}","templated":true}]}}