{"id":3860,"date":"2019-06-21T11:51:30","date_gmt":"2019-06-21T11:51:30","guid":{"rendered":"https:\/\/www.buefa.ee\/oskusteave\/bufa-composites-baltic-ou-general-terms-and-conditions-of-sale\/"},"modified":"2019-07-31T07:18:04","modified_gmt":"2019-07-31T07:18:04","slug":"bufa-composites-baltic-ou-uldised-muugitingimused","status":"publish","type":"page","link":"https:\/\/www.buefa.ee\/et\/oskusteave\/bufa-composites-baltic-ou-uldised-muugitingimused\/","title":{"rendered":"B\u00dcFA Composites Baltic O\u00dc \u00fcldised m\u00fc\u00fcgitingimused"},"content":{"rendered":"<p>Allpool esitatud m\u00fc\u00fcgi \u00fcldtingimused kehtivad \u00fcksnes meie klientide tellimustele. Vastur\u00e4\u00e4kivuste korral m\u00fc\u00fcgitingimuste ja tellimuse teksti v\u00f5i tellimuses nimetatud dokumentide teksti vahel on \u00fclimuslikud m\u00fc\u00fcgitingimused.<\/p>\n<p><a href=\"https:\/\/www.buefa.ee\/wp-content\/uploads\/2019\/07\/GTC-s-BU-FA.2016-08-19_EST.pdf\" target=\"_blank\" rel=\"noopener noreferrer\">B\u00dcFA Composites Baltic O\u00dc \u00fcldised m\u00fc\u00fcgitingimused (.PDF)<\/a><\/p>\n","protected":false},"excerpt":{"rendered":"<p>Allpool esitatud m\u00fc\u00fcgi \u00fcldtingimused kehtivad \u00fcksnes meie klientide tellimustele. Vastur\u00e4\u00e4kivuste korral m\u00fc\u00fcgitingimuste ja tellimuse teksti v\u00f5i tellimuses nimetatud dokumentide teksti vahel on \u00fclimuslikud m\u00fc\u00fcgitingimused.<\/p>\n","protected":false},"author":1,"featured_media":3830,"parent":2925,"menu_order":0,"comment_status":"closed","ping_status":"closed","template":"","meta":[],"yoast_head":"<!-- This site is optimized with the Yoast SEO plugin v16.0.2 - https:\/\/yoast.com\/wordpress\/plugins\/seo\/ -->\n<title>B\u00dcFA Composites Baltic O\u00dc \u00fcldised m\u00fc\u00fcgitingimused - B\u00dcFA<\/title>\n<link rel=\"canonical\" href=\"https:\/\/www.buefa.ee\/et\/oskusteave\/bufa-composites-baltic-ou-uldised-muugitingimused\/\" \/>\n<meta property=\"og:locale\" content=\"et_EE\" \/>\n<meta property=\"og:type\" content=\"article\" \/>\n<meta property=\"og:title\" content=\"B\u00dcFA Composites Baltic O\u00dc \u00fcldised m\u00fc\u00fcgitingimused - B\u00dcFA\" \/>\n<meta property=\"og:description\" content=\"Allpool esitatud m\u00fc\u00fcgi \u00fcldtingimused kehtivad \u00fcksnes meie klientide tellimustele. Vastur\u00e4\u00e4kivuste korral m\u00fc\u00fcgitingimuste ja tellimuse teksti v\u00f5i tellimuses nimetatud dokumentide teksti vahel on \u00fclimuslikud m\u00fc\u00fcgitingimused.\" \/>\n<meta property=\"og:url\" content=\"https:\/\/www.buefa.ee\/et\/oskusteave\/bufa-composites-baltic-ou-uldised-muugitingimused\/\" \/>\n<meta property=\"og:site_name\" content=\"B\u00dcFA\" \/>\n<meta property=\"article:modified_time\" content=\"2019-07-31T07:18:04+00:00\" \/>\n<meta property=\"og:image\" content=\"https:\/\/www.buefa.ee\/wp-content\/uploads\/2019\/06\/shutterstock_39122326-2.png\" \/>\n\t<meta property=\"og:image:width\" content=\"800\" \/>\n\t<meta property=\"og:image:height\" content=\"533\" \/>\n<meta name=\"twitter:card\" content=\"summary_large_image\" \/>\n<script type=\"application\/ld+json\" class=\"yoast-schema-graph\">{\"@context\":\"https:\/\/schema.org\",\"@graph\":[{\"@type\":\"WebSite\",\"@id\":\"https:\/\/www.buefa.ee\/#website\",\"url\":\"https:\/\/www.buefa.ee\/\",\"name\":\"B\\u00dcFA\",\"description\":\"New Chemistry, composite raw materials, komposiit materjalid\",\"potentialAction\":[{\"@type\":\"SearchAction\",\"target\":\"https:\/\/www.buefa.ee\/?s={search_term_string}\",\"query-input\":\"required name=search_term_string\"}],\"inLanguage\":\"et\"},{\"@type\":\"ImageObject\",\"@id\":\"https:\/\/www.buefa.ee\/et\/oskusteave\/bufa-composites-baltic-ou-uldised-muugitingimused\/#primaryimage\",\"inLanguage\":\"et\",\"url\":\"https:\/\/www.buefa.ee\/wp-content\/uploads\/2019\/06\/shutterstock_39122326-2.png\",\"width\":800,\"height\":533},{\"@type\":\"WebPage\",\"@id\":\"https:\/\/www.buefa.ee\/et\/oskusteave\/bufa-composites-baltic-ou-uldised-muugitingimused\/#webpage\",\"url\":\"https:\/\/www.buefa.ee\/et\/oskusteave\/bufa-composites-baltic-ou-uldised-muugitingimused\/\",\"name\":\"B\\u00dcFA Composites Baltic O\\u00dc \\u00fcldised m\\u00fc\\u00fcgitingimused - B\\u00dcFA\",\"isPartOf\":{\"@id\":\"https:\/\/www.buefa.ee\/#website\"},\"primaryImageOfPage\":{\"@id\":\"https:\/\/www.buefa.ee\/et\/oskusteave\/bufa-composites-baltic-ou-uldised-muugitingimused\/#primaryimage\"},\"datePublished\":\"2019-06-21T11:51:30+00:00\",\"dateModified\":\"2019-07-31T07:18:04+00:00\",\"breadcrumb\":{\"@id\":\"https:\/\/www.buefa.ee\/et\/oskusteave\/bufa-composites-baltic-ou-uldised-muugitingimused\/#breadcrumb\"},\"inLanguage\":\"et\",\"potentialAction\":[{\"@type\":\"ReadAction\",\"target\":[\"https:\/\/www.buefa.ee\/et\/oskusteave\/bufa-composites-baltic-ou-uldised-muugitingimused\/\"]}]},{\"@type\":\"BreadcrumbList\",\"@id\":\"https:\/\/www.buefa.ee\/et\/oskusteave\/bufa-composites-baltic-ou-uldised-muugitingimused\/#breadcrumb\",\"itemListElement\":[{\"@type\":\"ListItem\",\"position\":1,\"item\":{\"@type\":\"WebPage\",\"@id\":\"https:\/\/www.buefa.ee\/et\/\",\"url\":\"https:\/\/www.buefa.ee\/et\/\",\"name\":\"Home\"}},{\"@type\":\"ListItem\",\"position\":2,\"item\":{\"@type\":\"WebPage\",\"@id\":\"https:\/\/www.buefa.ee\/et\/oskusteave\/\",\"url\":\"https:\/\/www.buefa.ee\/et\/oskusteave\/\",\"name\":\"Oskusteave\"}},{\"@type\":\"ListItem\",\"position\":3,\"item\":{\"@type\":\"WebPage\",\"@id\":\"https:\/\/www.buefa.ee\/et\/oskusteave\/bufa-composites-baltic-ou-uldised-muugitingimused\/\",\"url\":\"https:\/\/www.buefa.ee\/et\/oskusteave\/bufa-composites-baltic-ou-uldised-muugitingimused\/\",\"name\":\"B\\u00dcFA Composites Baltic O\\u00dc \\u00fcldised m\\u00fc\\u00fcgitingimused\"}}]}]}<\/script>\n<!-- \/ Yoast SEO plugin. -->","_links":{"self":[{"href":"https:\/\/www.buefa.ee\/et\/wp-json\/wp\/v2\/pages\/3860"}],"collection":[{"href":"https:\/\/www.buefa.ee\/et\/wp-json\/wp\/v2\/pages"}],"about":[{"href":"https:\/\/www.buefa.ee\/et\/wp-json\/wp\/v2\/types\/page"}],"author":[{"embeddable":true,"href":"https:\/\/www.buefa.ee\/et\/wp-json\/wp\/v2\/users\/1"}],"replies":[{"embeddable":true,"href":"https:\/\/www.buefa.ee\/et\/wp-json\/wp\/v2\/comments?post=3860"}],"version-history":[{"count":4,"href":"https:\/\/www.buefa.ee\/et\/wp-json\/wp\/v2\/pages\/3860\/revisions"}],"predecessor-version":[{"id":3877,"href":"https:\/\/www.buefa.ee\/et\/wp-json\/wp\/v2\/pages\/3860\/revisions\/3877"}],"up":[{"embeddable":true,"href":"https:\/\/www.buefa.ee\/et\/wp-json\/wp\/v2\/pages\/2925"}],"wp:featuredmedia":[{"embeddable":true,"href":"https:\/\/www.buefa.ee\/et\/wp-json\/wp\/v2\/media\/3830"}],"wp:attachment":[{"href":"https:\/\/www.buefa.ee\/et\/wp-json\/wp\/v2\/media?parent=3860"}],"curies":[{"name":"wp","href":"https:\/\/api.w.org\/{rel}","templated":true}]}}