{"id":2922,"date":"2018-10-28T15:03:18","date_gmt":"2018-10-28T15:03:18","guid":{"rendered":"https:\/\/www.buefa.ee\/know-how\/"},"modified":"2019-02-28T14:28:39","modified_gmt":"2019-02-28T14:28:39","slug":"praktine-patirtis","status":"publish","type":"page","link":"https:\/\/www.buefa.ee\/lt\/praktine-patirtis\/","title":{"rendered":"Praktin\u0117 patirtis"},"content":{"rendered":"<p>\u201eB\u00fcfa\u201c padeda savo klientams visais j\u0173 projekto k\u016brimo etapais: nuo i\u0161samios technin\u0117s konsultacijos iki tikslingo produkto marketingo. Galite pasitik\u0117ti m\u016bs\u0173 produkto valdymo ir pardavimo komand\u0173 techniniais ir komerciniais \u012fg\u016bd\u017eiais dalijantis gausiomis \u017einiomis apie med\u017eiagas, taikymo sri\u010di\u0173 i\u0161manymu ir praktine rinkos patirtimi.<\/p>\n","protected":false},"excerpt":{"rendered":"<p>\u201eB\u00fcfa\u201c padeda savo klientams visais j\u0173 projekto k\u016brimo etapais: nuo i\u0161samios technin\u0117s konsultacijos iki tikslingo produkto marketingo. Galite pasitik\u0117ti m\u016bs\u0173 produkto valdymo ir pardavimo komand\u0173 techniniais ir komerciniais \u012fg\u016bd\u017eiais dalijantis gausiomis \u017einiomis apie med\u017eiagas, taikymo sri\u010di\u0173 i\u0161manymu ir praktine rinkos patirtimi.<\/p>\n","protected":false},"author":1,"featured_media":0,"parent":0,"menu_order":0,"comment_status":"closed","ping_status":"closed","template":"","meta":[],"yoast_head":"<!-- This site is optimized with the Yoast SEO plugin v16.0.2 - https:\/\/yoast.com\/wordpress\/plugins\/seo\/ -->\n<title>Praktin\u0117 patirtis - B\u00dcFA<\/title>\n<link rel=\"canonical\" href=\"https:\/\/www.buefa.ee\/lt\/praktine-patirtis\/\" \/>\n<meta property=\"og:locale\" content=\"lt_LT\" \/>\n<meta property=\"og:type\" content=\"article\" \/>\n<meta property=\"og:title\" content=\"Praktin\u0117 patirtis - B\u00dcFA\" \/>\n<meta property=\"og:description\" content=\"\u201eB\u00fcfa\u201c padeda savo klientams visais j\u0173 projekto k\u016brimo etapais: nuo i\u0161samios technin\u0117s konsultacijos iki tikslingo produkto marketingo. Galite pasitik\u0117ti m\u016bs\u0173 produkto valdymo ir pardavimo komand\u0173 techniniais ir komerciniais \u012fg\u016bd\u017eiais dalijantis gausiomis \u017einiomis apie med\u017eiagas, taikymo sri\u010di\u0173 i\u0161manymu ir praktine rinkos patirtimi.\" \/>\n<meta property=\"og:url\" content=\"https:\/\/www.buefa.ee\/lt\/praktine-patirtis\/\" \/>\n<meta property=\"og:site_name\" content=\"B\u00dcFA\" \/>\n<meta property=\"article:modified_time\" content=\"2019-02-28T14:28:39+00:00\" \/>\n<meta property=\"og:image\" content=\"https:\/\/www.buefa.ee\/wp-content\/uploads\/2018\/12\/FB-share.png\" \/>\n\t<meta property=\"og:image:width\" content=\"1200\" \/>\n\t<meta property=\"og:image:height\" content=\"630\" \/>\n<meta name=\"twitter:card\" content=\"summary_large_image\" \/>\n<script type=\"application\/ld+json\" class=\"yoast-schema-graph\">{\"@context\":\"https:\/\/schema.org\",\"@graph\":[{\"@type\":\"WebSite\",\"@id\":\"https:\/\/www.buefa.ee\/#website\",\"url\":\"https:\/\/www.buefa.ee\/\",\"name\":\"B\\u00dcFA\",\"description\":\"New Chemistry, composite raw materials, komposiit materjalid\",\"potentialAction\":[{\"@type\":\"SearchAction\",\"target\":\"https:\/\/www.buefa.ee\/?s={search_term_string}\",\"query-input\":\"required name=search_term_string\"}],\"inLanguage\":\"lt-LT\"},{\"@type\":\"WebPage\",\"@id\":\"https:\/\/www.buefa.ee\/lt\/praktine-patirtis\/#webpage\",\"url\":\"https:\/\/www.buefa.ee\/lt\/praktine-patirtis\/\",\"name\":\"Praktin\\u0117 patirtis - B\\u00dcFA\",\"isPartOf\":{\"@id\":\"https:\/\/www.buefa.ee\/#website\"},\"datePublished\":\"2018-10-28T15:03:18+00:00\",\"dateModified\":\"2019-02-28T14:28:39+00:00\",\"breadcrumb\":{\"@id\":\"https:\/\/www.buefa.ee\/lt\/praktine-patirtis\/#breadcrumb\"},\"inLanguage\":\"lt-LT\",\"potentialAction\":[{\"@type\":\"ReadAction\",\"target\":[\"https:\/\/www.buefa.ee\/lt\/praktine-patirtis\/\"]}]},{\"@type\":\"BreadcrumbList\",\"@id\":\"https:\/\/www.buefa.ee\/lt\/praktine-patirtis\/#breadcrumb\",\"itemListElement\":[{\"@type\":\"ListItem\",\"position\":1,\"item\":{\"@type\":\"WebPage\",\"@id\":\"https:\/\/www.buefa.ee\/lt\/\",\"url\":\"https:\/\/www.buefa.ee\/lt\/\",\"name\":\"Home\"}},{\"@type\":\"ListItem\",\"position\":2,\"item\":{\"@type\":\"WebPage\",\"@id\":\"https:\/\/www.buefa.ee\/lt\/praktine-patirtis\/\",\"url\":\"https:\/\/www.buefa.ee\/lt\/praktine-patirtis\/\",\"name\":\"Praktin\\u0117 patirtis\"}}]}]}<\/script>\n<!-- \/ Yoast SEO plugin. -->","_links":{"self":[{"href":"https:\/\/www.buefa.ee\/lt\/wp-json\/wp\/v2\/pages\/2922"}],"collection":[{"href":"https:\/\/www.buefa.ee\/lt\/wp-json\/wp\/v2\/pages"}],"about":[{"href":"https:\/\/www.buefa.ee\/lt\/wp-json\/wp\/v2\/types\/page"}],"author":[{"embeddable":true,"href":"https:\/\/www.buefa.ee\/lt\/wp-json\/wp\/v2\/users\/1"}],"replies":[{"embeddable":true,"href":"https:\/\/www.buefa.ee\/lt\/wp-json\/wp\/v2\/comments?post=2922"}],"version-history":[{"count":1,"href":"https:\/\/www.buefa.ee\/lt\/wp-json\/wp\/v2\/pages\/2922\/revisions"}],"predecessor-version":[{"id":2930,"href":"https:\/\/www.buefa.ee\/lt\/wp-json\/wp\/v2\/pages\/2922\/revisions\/2930"}],"wp:attachment":[{"href":"https:\/\/www.buefa.ee\/lt\/wp-json\/wp\/v2\/media?parent=2922"}],"curies":[{"name":"wp","href":"https:\/\/api.w.org\/{rel}","templated":true}]}}