{"id":2934,"date":"2018-10-28T15:05:54","date_gmt":"2018-10-28T15:05:54","guid":{"rendered":"https:\/\/www.buefa.ee\/praktine-patirtis\/application\/"},"modified":"2019-02-28T14:32:15","modified_gmt":"2019-02-28T14:32:15","slug":"taikymo-sritis","status":"publish","type":"page","link":"https:\/\/www.buefa.ee\/lt\/praktine-patirtis\/taikymo-sritis\/","title":{"rendered":"Taikymo sritis"},"content":{"rendered":"<p>Mums patinka su jumis bendradarbiauti atvirai ir skaidriai, kurti vert\u0119 abiems \u0161alims ir prakti\u0161kai \u012fgyvendinti sud\u0117tini\u0173 med\u017eiag\u0173 naujoves. D\u0117l \u0161ios prie\u017easties galime pasi\u016blyti puiki\u0105 sud\u0117tini\u0173 med\u017eiag\u0173 gamybos \u012frang\u0105 savo mokslini\u0173 tyrim\u0173 ir technologin\u0117s pl\u0117tros \u012fstaigoje ir daugyb\u0117je kit\u0173 m\u016bs\u0173 partneri\u0173 viet\u0173 visame pasaulyje.<\/p>\n","protected":false},"excerpt":{"rendered":"<p>Mums patinka su jumis bendradarbiauti atvirai ir skaidriai, kurti vert\u0119 abiems \u0161alims ir prakti\u0161kai \u012fgyvendinti sud\u0117tini\u0173 med\u017eiag\u0173 naujoves. <\/p>\n","protected":false},"author":1,"featured_media":2935,"parent":2922,"menu_order":0,"comment_status":"closed","ping_status":"closed","template":"","meta":[],"yoast_head":"<!-- This site is optimized with the Yoast SEO plugin v16.0.2 - https:\/\/yoast.com\/wordpress\/plugins\/seo\/ -->\n<title>Taikymo sritis - B\u00dcFA<\/title>\n<link rel=\"canonical\" href=\"https:\/\/www.buefa.ee\/lt\/praktine-patirtis\/taikymo-sritis\/\" \/>\n<meta property=\"og:locale\" content=\"lt_LT\" \/>\n<meta property=\"og:type\" content=\"article\" \/>\n<meta property=\"og:title\" content=\"Taikymo sritis - B\u00dcFA\" \/>\n<meta property=\"og:description\" content=\"Mums patinka su jumis bendradarbiauti atvirai ir skaidriai, kurti vert\u0119 abiems \u0161alims ir prakti\u0161kai \u012fgyvendinti sud\u0117tini\u0173 med\u017eiag\u0173 naujoves.\" \/>\n<meta property=\"og:url\" content=\"https:\/\/www.buefa.ee\/lt\/praktine-patirtis\/taikymo-sritis\/\" \/>\n<meta property=\"og:site_name\" content=\"B\u00dcFA\" \/>\n<meta property=\"article:modified_time\" content=\"2019-02-28T14:32:15+00:00\" \/>\n<meta property=\"og:image\" content=\"https:\/\/www.buefa.ee\/wp-content\/uploads\/2018\/10\/Product-application.jpg\" \/>\n\t<meta property=\"og:image:width\" content=\"520\" \/>\n\t<meta property=\"og:image:height\" content=\"425\" \/>\n<meta name=\"twitter:card\" content=\"summary_large_image\" \/>\n<script type=\"application\/ld+json\" class=\"yoast-schema-graph\">{\"@context\":\"https:\/\/schema.org\",\"@graph\":[{\"@type\":\"WebSite\",\"@id\":\"https:\/\/www.buefa.ee\/#website\",\"url\":\"https:\/\/www.buefa.ee\/\",\"name\":\"B\\u00dcFA\",\"description\":\"New Chemistry, composite raw materials, komposiit materjalid\",\"potentialAction\":[{\"@type\":\"SearchAction\",\"target\":\"https:\/\/www.buefa.ee\/?s={search_term_string}\",\"query-input\":\"required name=search_term_string\"}],\"inLanguage\":\"lt-LT\"},{\"@type\":\"ImageObject\",\"@id\":\"https:\/\/www.buefa.ee\/lt\/praktine-patirtis\/taikymo-sritis\/#primaryimage\",\"inLanguage\":\"lt-LT\",\"url\":\"https:\/\/www.buefa.ee\/wp-content\/uploads\/2018\/10\/Product-application.jpg\",\"width\":520,\"height\":425},{\"@type\":\"WebPage\",\"@id\":\"https:\/\/www.buefa.ee\/lt\/praktine-patirtis\/taikymo-sritis\/#webpage\",\"url\":\"https:\/\/www.buefa.ee\/lt\/praktine-patirtis\/taikymo-sritis\/\",\"name\":\"Taikymo sritis - B\\u00dcFA\",\"isPartOf\":{\"@id\":\"https:\/\/www.buefa.ee\/#website\"},\"primaryImageOfPage\":{\"@id\":\"https:\/\/www.buefa.ee\/lt\/praktine-patirtis\/taikymo-sritis\/#primaryimage\"},\"datePublished\":\"2018-10-28T15:05:54+00:00\",\"dateModified\":\"2019-02-28T14:32:15+00:00\",\"breadcrumb\":{\"@id\":\"https:\/\/www.buefa.ee\/lt\/praktine-patirtis\/taikymo-sritis\/#breadcrumb\"},\"inLanguage\":\"lt-LT\",\"potentialAction\":[{\"@type\":\"ReadAction\",\"target\":[\"https:\/\/www.buefa.ee\/lt\/praktine-patirtis\/taikymo-sritis\/\"]}]},{\"@type\":\"BreadcrumbList\",\"@id\":\"https:\/\/www.buefa.ee\/lt\/praktine-patirtis\/taikymo-sritis\/#breadcrumb\",\"itemListElement\":[{\"@type\":\"ListItem\",\"position\":1,\"item\":{\"@type\":\"WebPage\",\"@id\":\"https:\/\/www.buefa.ee\/lt\/\",\"url\":\"https:\/\/www.buefa.ee\/lt\/\",\"name\":\"Home\"}},{\"@type\":\"ListItem\",\"position\":2,\"item\":{\"@type\":\"WebPage\",\"@id\":\"https:\/\/www.buefa.ee\/lt\/praktine-patirtis\/\",\"url\":\"https:\/\/www.buefa.ee\/lt\/praktine-patirtis\/\",\"name\":\"Praktin\\u0117 patirtis\"}},{\"@type\":\"ListItem\",\"position\":3,\"item\":{\"@type\":\"WebPage\",\"@id\":\"https:\/\/www.buefa.ee\/lt\/praktine-patirtis\/taikymo-sritis\/\",\"url\":\"https:\/\/www.buefa.ee\/lt\/praktine-patirtis\/taikymo-sritis\/\",\"name\":\"Taikymo sritis\"}}]}]}<\/script>\n<!-- \/ Yoast SEO plugin. -->","_links":{"self":[{"href":"https:\/\/www.buefa.ee\/lt\/wp-json\/wp\/v2\/pages\/2934"}],"collection":[{"href":"https:\/\/www.buefa.ee\/lt\/wp-json\/wp\/v2\/pages"}],"about":[{"href":"https:\/\/www.buefa.ee\/lt\/wp-json\/wp\/v2\/types\/page"}],"author":[{"embeddable":true,"href":"https:\/\/www.buefa.ee\/lt\/wp-json\/wp\/v2\/users\/1"}],"replies":[{"embeddable":true,"href":"https:\/\/www.buefa.ee\/lt\/wp-json\/wp\/v2\/comments?post=2934"}],"version-history":[{"count":1,"href":"https:\/\/www.buefa.ee\/lt\/wp-json\/wp\/v2\/pages\/2934\/revisions"}],"predecessor-version":[{"id":2944,"href":"https:\/\/www.buefa.ee\/lt\/wp-json\/wp\/v2\/pages\/2934\/revisions\/2944"}],"up":[{"embeddable":true,"href":"https:\/\/www.buefa.ee\/lt\/wp-json\/wp\/v2\/pages\/2922"}],"wp:featuredmedia":[{"embeddable":true,"href":"https:\/\/www.buefa.ee\/lt\/wp-json\/wp\/v2\/media\/2935"}],"wp:attachment":[{"href":"https:\/\/www.buefa.ee\/lt\/wp-json\/wp\/v2\/media?parent=2934"}],"curies":[{"name":"wp","href":"https:\/\/api.w.org\/{rel}","templated":true}]}}