{"id":2948,"date":"2018-10-28T15:15:14","date_gmt":"2018-10-28T15:15:14","guid":{"rendered":"https:\/\/www.buefa.ee\/praktine-patirtis\/lab-services-rd\/"},"modified":"2019-06-04T13:40:12","modified_gmt":"2019-06-04T13:40:12","slug":"laboratorijos-paslaugos-bei-moksliniai-tyrimai-ir-technologine-pletra","status":"publish","type":"page","link":"https:\/\/www.buefa.ee\/lt\/praktine-patirtis\/laboratorijos-paslaugos-bei-moksliniai-tyrimai-ir-technologine-pletra\/","title":{"rendered":"Laboratorijos paslaugos bei moksliniai tyrimai ir technologin\u0117 pl\u0117tra"},"content":{"rendered":"<p>Sud\u0117tin\u0117s med\u017eiagos ir mokslas taip pat yra labai glaud\u017eiai susij\u0119, pirmiausia d\u0117l didel\u0117s pa\u017eangos mokslini\u0173 tyrim\u0173 ir technologin\u0117s pl\u0117tros srityje.<\/p>\n<p>\u201eB\u00fcfa\u201c gali pad\u0117ti pastumti sud\u0117tini\u0173 dali\u0173 technini\u0173 savybi\u0173 ir komponent\u0173 gamybos ribas. Laikydamiesi integralaus po\u017ei\u016brio \u012f nauj\u0173 produkt\u0173 k\u016brim\u0105, i\u0161naudojame visas turimas med\u017eiag\u0173 mokslo, bandym\u0173 ir sertifikavimo bei sud\u0117tini\u0173 med\u017eiag\u0173 komponent\u0173 gamybos \u017einias, kad b\u016bt\u0173 galima sukurti naujas pritaikymo sritis sud\u0117tin\u0117ms med\u017eiagoms.<\/p>\n<p>Vidaus mokslini\u0173 tyrim\u0173 ir technologin\u0117s pl\u0117tros skyrius Vokietijoje (Rastede). Mes kuriame produktus, artimai bendradarbiaudami su klientu. Turime vidaus tyrim\u0173 centr\u0105, atitinkant\u012f toliau nurodytus standartus. Tai tik keli pavyzd\u017eiai \u0161alia daugyb\u0117s kit\u0173, k\u0105 mes atliekame<\/p>\n<ul>\n<li>ISO 5660 (k\u016bginis kalorimetras)<\/li>\n<li>DIN 5510<\/li>\n<li>LOI (ribotas deguonies indeksas)<\/li>\n<li>UIC 564<\/li>\n<\/ul>\n<p>Bendradarbiaudami su savo partneriais, \u010dia pateikiame daugiau parink\u010di\u0173.<\/p>\n<p><strong>Pluo\u0161to ir audinio analiz\u0117<\/strong><\/p>\n<ul>\n<li>Tarpo ir pluo\u0161to matavimai<\/li>\n<li>Pluo\u0161to ki\u0161en\u0117s matavimai<\/li>\n<li>Mezginio matavimai<\/li>\n<li>Plau\u0161eli\u0173 skersmens matavimai<\/li>\n<\/ul>\n<p><strong>Proces\u0173 bandymai<\/strong><\/p>\n<ul>\n<li>RTM ir infuzijos tyrimai\u00a0\/ srauto\u00a0\/ kar\u0161tojo spaudimo bandymai<\/li>\n<li>Klasikiniai ir keli kiti srauto tyrimai<\/li>\n<\/ul>\n<p><strong>Med\u017eiag\u0173 testai<\/strong><\/p>\n<ul>\n<li>Sud\u0117tini\u0173 med\u017eiag\u0173 kietumo analiz\u0117: barkolis<\/li>\n<li>Pluo\u0161to frakcijos tyrimai: sud\u0117tini\u0173 med\u017eiag\u0173 pluo\u0161to ir dervos turinio analiz\u0117 bei auk\u0161tos temperat\u016bros krosnies ir r\u016bg\u0161ties skaidymo analiz\u0117<\/li>\n<\/ul>\n<p><strong>Mechaniniai testai<\/strong><\/p>\n<ul>\n<li>Laminato tempimo testai<\/li>\n<li>Laminato suspaudimo testai: pagal ISO ir ASTM standartus<\/li>\n<li>Laminato lenkimo testai<\/li>\n<li>Kombinuot\u0173j\u0173 laminat\u0173 poslinkio testas<\/li>\n<\/ul>\n","protected":false},"excerpt":{"rendered":"<p>Sud\u0117tin\u0117s med\u017eiagos ir mokslas taip pat yra labai glaud\u017eiai susij\u0119, pirmiausia d\u0117l didel\u0117s pa\u017eangos mokslini\u0173 tyrim\u0173 ir technologin\u0117s pl\u0117tros srityje.<\/p>\n","protected":false},"author":1,"featured_media":2949,"parent":2922,"menu_order":0,"comment_status":"closed","ping_status":"closed","template":"","meta":[],"yoast_head":"<!-- This site is optimized with the Yoast SEO plugin v16.0.2 - https:\/\/yoast.com\/wordpress\/plugins\/seo\/ -->\n<title>Laboratorijos paslaugos bei moksliniai tyrimai ir technologin\u0117 pl\u0117tra - B\u00dcFA<\/title>\n<link rel=\"canonical\" href=\"https:\/\/www.buefa.ee\/lt\/praktine-patirtis\/laboratorijos-paslaugos-bei-moksliniai-tyrimai-ir-technologine-pletra\/\" \/>\n<meta property=\"og:locale\" content=\"lt_LT\" \/>\n<meta property=\"og:type\" content=\"article\" \/>\n<meta property=\"og:title\" content=\"Laboratorijos paslaugos bei moksliniai tyrimai ir technologin\u0117 pl\u0117tra - B\u00dcFA\" \/>\n<meta property=\"og:description\" content=\"Sud\u0117tin\u0117s med\u017eiagos ir mokslas taip pat yra labai glaud\u017eiai susij\u0119, pirmiausia d\u0117l didel\u0117s pa\u017eangos mokslini\u0173 tyrim\u0173 ir technologin\u0117s pl\u0117tros srityje.\" \/>\n<meta property=\"og:url\" content=\"https:\/\/www.buefa.ee\/lt\/praktine-patirtis\/laboratorijos-paslaugos-bei-moksliniai-tyrimai-ir-technologine-pletra\/\" \/>\n<meta property=\"og:site_name\" content=\"B\u00dcFA\" \/>\n<meta property=\"article:modified_time\" content=\"2019-06-04T13:40:12+00:00\" \/>\n<meta property=\"og:image\" content=\"https:\/\/www.buefa.ee\/wp-content\/uploads\/2018\/10\/LabTesting-1024x682.jpg\" \/>\n\t<meta property=\"og:image:width\" content=\"1024\" \/>\n\t<meta property=\"og:image:height\" content=\"682\" \/>\n<meta name=\"twitter:card\" content=\"summary_large_image\" \/>\n<meta name=\"twitter:label1\" content=\"Est. reading time\">\n\t<meta name=\"twitter:data1\" content=\"1 minut\u0117\">\n<script type=\"application\/ld+json\" class=\"yoast-schema-graph\">{\"@context\":\"https:\/\/schema.org\",\"@graph\":[{\"@type\":\"WebSite\",\"@id\":\"https:\/\/www.buefa.ee\/#website\",\"url\":\"https:\/\/www.buefa.ee\/\",\"name\":\"B\\u00dcFA\",\"description\":\"New Chemistry, composite raw materials, komposiit materjalid\",\"potentialAction\":[{\"@type\":\"SearchAction\",\"target\":\"https:\/\/www.buefa.ee\/?s={search_term_string}\",\"query-input\":\"required name=search_term_string\"}],\"inLanguage\":\"lt-LT\"},{\"@type\":\"ImageObject\",\"@id\":\"https:\/\/www.buefa.ee\/lt\/praktine-patirtis\/laboratorijos-paslaugos-bei-moksliniai-tyrimai-ir-technologine-pletra\/#primaryimage\",\"inLanguage\":\"lt-LT\",\"url\":\"https:\/\/www.buefa.ee\/wp-content\/uploads\/2018\/10\/LabTesting.jpg\",\"width\":5426,\"height\":3616},{\"@type\":\"WebPage\",\"@id\":\"https:\/\/www.buefa.ee\/lt\/praktine-patirtis\/laboratorijos-paslaugos-bei-moksliniai-tyrimai-ir-technologine-pletra\/#webpage\",\"url\":\"https:\/\/www.buefa.ee\/lt\/praktine-patirtis\/laboratorijos-paslaugos-bei-moksliniai-tyrimai-ir-technologine-pletra\/\",\"name\":\"Laboratorijos paslaugos bei moksliniai tyrimai ir technologin\\u0117 pl\\u0117tra - B\\u00dcFA\",\"isPartOf\":{\"@id\":\"https:\/\/www.buefa.ee\/#website\"},\"primaryImageOfPage\":{\"@id\":\"https:\/\/www.buefa.ee\/lt\/praktine-patirtis\/laboratorijos-paslaugos-bei-moksliniai-tyrimai-ir-technologine-pletra\/#primaryimage\"},\"datePublished\":\"2018-10-28T15:15:14+00:00\",\"dateModified\":\"2019-06-04T13:40:12+00:00\",\"breadcrumb\":{\"@id\":\"https:\/\/www.buefa.ee\/lt\/praktine-patirtis\/laboratorijos-paslaugos-bei-moksliniai-tyrimai-ir-technologine-pletra\/#breadcrumb\"},\"inLanguage\":\"lt-LT\",\"potentialAction\":[{\"@type\":\"ReadAction\",\"target\":[\"https:\/\/www.buefa.ee\/lt\/praktine-patirtis\/laboratorijos-paslaugos-bei-moksliniai-tyrimai-ir-technologine-pletra\/\"]}]},{\"@type\":\"BreadcrumbList\",\"@id\":\"https:\/\/www.buefa.ee\/lt\/praktine-patirtis\/laboratorijos-paslaugos-bei-moksliniai-tyrimai-ir-technologine-pletra\/#breadcrumb\",\"itemListElement\":[{\"@type\":\"ListItem\",\"position\":1,\"item\":{\"@type\":\"WebPage\",\"@id\":\"https:\/\/www.buefa.ee\/lt\/\",\"url\":\"https:\/\/www.buefa.ee\/lt\/\",\"name\":\"Home\"}},{\"@type\":\"ListItem\",\"position\":2,\"item\":{\"@type\":\"WebPage\",\"@id\":\"https:\/\/www.buefa.ee\/lt\/praktine-patirtis\/\",\"url\":\"https:\/\/www.buefa.ee\/lt\/praktine-patirtis\/\",\"name\":\"Praktin\\u0117 patirtis\"}},{\"@type\":\"ListItem\",\"position\":3,\"item\":{\"@type\":\"WebPage\",\"@id\":\"https:\/\/www.buefa.ee\/lt\/praktine-patirtis\/laboratorijos-paslaugos-bei-moksliniai-tyrimai-ir-technologine-pletra\/\",\"url\":\"https:\/\/www.buefa.ee\/lt\/praktine-patirtis\/laboratorijos-paslaugos-bei-moksliniai-tyrimai-ir-technologine-pletra\/\",\"name\":\"Laboratorijos paslaugos bei moksliniai tyrimai ir technologin\\u0117 pl\\u0117tra\"}}]}]}<\/script>\n<!-- \/ Yoast SEO plugin. -->","_links":{"self":[{"href":"https:\/\/www.buefa.ee\/lt\/wp-json\/wp\/v2\/pages\/2948"}],"collection":[{"href":"https:\/\/www.buefa.ee\/lt\/wp-json\/wp\/v2\/pages"}],"about":[{"href":"https:\/\/www.buefa.ee\/lt\/wp-json\/wp\/v2\/types\/page"}],"author":[{"embeddable":true,"href":"https:\/\/www.buefa.ee\/lt\/wp-json\/wp\/v2\/users\/1"}],"replies":[{"embeddable":true,"href":"https:\/\/www.buefa.ee\/lt\/wp-json\/wp\/v2\/comments?post=2948"}],"version-history":[{"count":2,"href":"https:\/\/www.buefa.ee\/lt\/wp-json\/wp\/v2\/pages\/2948\/revisions"}],"predecessor-version":[{"id":3822,"href":"https:\/\/www.buefa.ee\/lt\/wp-json\/wp\/v2\/pages\/2948\/revisions\/3822"}],"up":[{"embeddable":true,"href":"https:\/\/www.buefa.ee\/lt\/wp-json\/wp\/v2\/pages\/2922"}],"wp:featuredmedia":[{"embeddable":true,"href":"https:\/\/www.buefa.ee\/lt\/wp-json\/wp\/v2\/media\/2949"}],"wp:attachment":[{"href":"https:\/\/www.buefa.ee\/lt\/wp-json\/wp\/v2\/media?parent=2948"}],"curies":[{"name":"wp","href":"https:\/\/api.w.org\/{rel}","templated":true}]}}