{"id":2961,"date":"2018-10-28T15:09:48","date_gmt":"2018-10-28T15:09:48","guid":{"rendered":"https:\/\/www.buefa.ee\/praktine-patirtis\/processing\/"},"modified":"2019-06-04T13:39:41","modified_gmt":"2019-06-04T13:39:41","slug":"processing","status":"publish","type":"page","link":"https:\/\/www.buefa.ee\/lt\/praktine-patirtis\/processing\/","title":{"rendered":"Apdorojimas"},"content":{"rendered":"<p>Dirbame, kad pad\u0117tume pasirinkti produktus ir apdorojimo metodus, bei galime pasi\u016blyti technin\u0119 pagalb\u0105 vietoje bei pritaikytus sprendimus, kai j\u0173 prireiks. M\u016bs\u0173 ekspertai d\u017eiaugiasi gal\u0117dami jums pad\u0117ti.<\/p>\n<p>Mumis pasitiki jau daugyb\u0117 bendrovi\u0173, tikim\u0117s, kad ir j\u016bs tapsite m\u016bs\u0173 didel\u0117s \u0161eimos dalimi. \u201eB\u00fcfa\u201c grup\u0117 gali pasi\u016blyti jums ekspert\u0173 komand\u0105, kuri nukreips jus tinkama kryptimi rengiant projektus. Susisiekite su mumis ir pasidalykite savo l\u016bkes\u010diais \u2013 su d\u017eiaugsmu jums pad\u0117sime. Toliau pateikiama pirma ap\u017evalga.<\/p>\n<p><strong>Rankinis laminavimas: <\/strong>ma\u017eiausios investavimo s\u0105naudos, maksimali laisv\u0117 renkantis komponent\u0173 dizain\u0105. \u0160is procesas turi du didelius jau min\u0117tus privalumus. Tre\u010dias \u2013 didelis tinkam\u0173 pluo\u0161tini\u0173 pusgamini\u0173 pasirinkimas.<\/p>\n<p><strong>Pluo\u0161tinis pur\u0161kimas:<\/strong> Tai \u2013 rankinio laminavimo patobulinimas, med\u017eiagos u\u017ed\u0117jimas yra i\u0161 dalies mechanizuotas. Kai stiklo pluo\u0161tas pur\u0161kiamas, naudojama med\u017eiaga yra sunaudojama beveik nepaliekant atliek\u0173.<\/p>\n<p><strong>Liejimas: <\/strong>aktyvi derva rankiniu b\u016bdu \u012fliejama arba \u012fterpiama dozavimo ma\u0161inos \u012f tu\u0161\u010di\u0105 form\u0105, kurioje ji sustingsta ir sukiet\u0117ja. Daugeliu atvej\u0173 dervos sumai\u0161omos su u\u017epildais, kad ma\u017eiau susitraukt\u0173 stingdamos arba b\u016bt\u0173 i\u0161leista ma\u017eiau s\u0105naud\u0173 \u017ealiavoms.<\/p>\n<p><strong>Sukimas:<\/strong> med\u017eiaga, da\u017eniausiai pusverpaliai, praleid\u017eiama per impregnavimo vonel\u0119 su reaguojan\u010dia derva ir paduodama per skutikl\u012f \u012f pur\u0161kimo galvut\u0119. Taip pusverpalis atsiranda ant besisukan\u010dios \u0161erdies.<\/p>\n<p><strong>Pultrazija:<\/strong> nuolatin\u0117 strypeli\u0173, vamzdeli\u0173 ir profili\u0173 gamyba, taip pat vadinama pultrazija.<\/p>\n<p><strong>Vakuumin\u0117 infuzija:<\/strong> \u0161io metodo privalumas, lyginant su rankiniu laminavimu, yra didesnis atkuriamumas pluo\u0161to t\u016brio at\u017evilgiu.<\/p>\n<p><strong>RTM: <\/strong>dervos \u012fpur\u0161kimo procesas arba dervos perk\u0117limo forma. Procesas u\u017e pagr\u012fst\u0105 kain\u0105, skirtas gaminti komponentus, kuri\u0173 abi pus\u0117s lygios, ma\u017eoms ir vidutinio dyd\u017eio gamybos serijoms.<\/p>\n","protected":false},"excerpt":{"rendered":"<p>Dirbame, kad pad\u0117tume pasirinkti produktus ir apdorojimo metodus, bei galime pasi\u016blyti technin\u0119 pagalb\u0105 vietoje bei pritaikytus sprendimus, kai j\u0173 prireiks. M\u016bs\u0173 ekspertai d\u017eiaugiasi gal\u0117dami jums pad\u0117ti.<\/p>\n","protected":false},"author":1,"featured_media":2962,"parent":2922,"menu_order":0,"comment_status":"closed","ping_status":"closed","template":"","meta":[],"yoast_head":"<!-- This site is optimized with the Yoast SEO plugin v16.0.2 - https:\/\/yoast.com\/wordpress\/plugins\/seo\/ -->\n<title>Apdorojimas - B\u00dcFA<\/title>\n<link rel=\"canonical\" href=\"https:\/\/www.buefa.ee\/lt\/praktine-patirtis\/processing\/\" \/>\n<meta property=\"og:locale\" content=\"lt_LT\" \/>\n<meta property=\"og:type\" content=\"article\" \/>\n<meta property=\"og:title\" content=\"Apdorojimas - B\u00dcFA\" \/>\n<meta property=\"og:description\" content=\"Dirbame, kad pad\u0117tume pasirinkti produktus ir apdorojimo metodus, bei galime pasi\u016blyti technin\u0119 pagalb\u0105 vietoje bei pritaikytus sprendimus, kai j\u0173 prireiks. M\u016bs\u0173 ekspertai d\u017eiaugiasi gal\u0117dami jums pad\u0117ti.\" \/>\n<meta property=\"og:url\" content=\"https:\/\/www.buefa.ee\/lt\/praktine-patirtis\/processing\/\" \/>\n<meta property=\"og:site_name\" content=\"B\u00dcFA\" \/>\n<meta property=\"article:modified_time\" content=\"2019-06-04T13:39:41+00:00\" \/>\n<meta property=\"og:image\" content=\"https:\/\/www.buefa.ee\/wp-content\/uploads\/2018\/10\/Process-1024x683.jpg\" \/>\n\t<meta property=\"og:image:width\" content=\"1024\" \/>\n\t<meta property=\"og:image:height\" content=\"683\" \/>\n<meta name=\"twitter:card\" content=\"summary_large_image\" \/>\n<meta name=\"twitter:label1\" content=\"Est. reading time\">\n\t<meta name=\"twitter:data1\" content=\"1 minut\u0117\">\n<script type=\"application\/ld+json\" class=\"yoast-schema-graph\">{\"@context\":\"https:\/\/schema.org\",\"@graph\":[{\"@type\":\"WebSite\",\"@id\":\"https:\/\/www.buefa.ee\/#website\",\"url\":\"https:\/\/www.buefa.ee\/\",\"name\":\"B\\u00dcFA\",\"description\":\"New Chemistry, composite raw materials, komposiit materjalid\",\"potentialAction\":[{\"@type\":\"SearchAction\",\"target\":\"https:\/\/www.buefa.ee\/?s={search_term_string}\",\"query-input\":\"required name=search_term_string\"}],\"inLanguage\":\"lt-LT\"},{\"@type\":\"ImageObject\",\"@id\":\"https:\/\/www.buefa.ee\/lt\/praktine-patirtis\/processing\/#primaryimage\",\"inLanguage\":\"lt-LT\",\"url\":\"https:\/\/www.buefa.ee\/wp-content\/uploads\/2018\/10\/Process.jpg\",\"width\":5616,\"height\":3744},{\"@type\":\"WebPage\",\"@id\":\"https:\/\/www.buefa.ee\/lt\/praktine-patirtis\/processing\/#webpage\",\"url\":\"https:\/\/www.buefa.ee\/lt\/praktine-patirtis\/processing\/\",\"name\":\"Apdorojimas - B\\u00dcFA\",\"isPartOf\":{\"@id\":\"https:\/\/www.buefa.ee\/#website\"},\"primaryImageOfPage\":{\"@id\":\"https:\/\/www.buefa.ee\/lt\/praktine-patirtis\/processing\/#primaryimage\"},\"datePublished\":\"2018-10-28T15:09:48+00:00\",\"dateModified\":\"2019-06-04T13:39:41+00:00\",\"breadcrumb\":{\"@id\":\"https:\/\/www.buefa.ee\/lt\/praktine-patirtis\/processing\/#breadcrumb\"},\"inLanguage\":\"lt-LT\",\"potentialAction\":[{\"@type\":\"ReadAction\",\"target\":[\"https:\/\/www.buefa.ee\/lt\/praktine-patirtis\/processing\/\"]}]},{\"@type\":\"BreadcrumbList\",\"@id\":\"https:\/\/www.buefa.ee\/lt\/praktine-patirtis\/processing\/#breadcrumb\",\"itemListElement\":[{\"@type\":\"ListItem\",\"position\":1,\"item\":{\"@type\":\"WebPage\",\"@id\":\"https:\/\/www.buefa.ee\/lt\/\",\"url\":\"https:\/\/www.buefa.ee\/lt\/\",\"name\":\"Home\"}},{\"@type\":\"ListItem\",\"position\":2,\"item\":{\"@type\":\"WebPage\",\"@id\":\"https:\/\/www.buefa.ee\/lt\/praktine-patirtis\/\",\"url\":\"https:\/\/www.buefa.ee\/lt\/praktine-patirtis\/\",\"name\":\"Praktin\\u0117 patirtis\"}},{\"@type\":\"ListItem\",\"position\":3,\"item\":{\"@type\":\"WebPage\",\"@id\":\"https:\/\/www.buefa.ee\/lt\/praktine-patirtis\/processing\/\",\"url\":\"https:\/\/www.buefa.ee\/lt\/praktine-patirtis\/processing\/\",\"name\":\"Apdorojimas\"}}]}]}<\/script>\n<!-- \/ Yoast SEO plugin. -->","_links":{"self":[{"href":"https:\/\/www.buefa.ee\/lt\/wp-json\/wp\/v2\/pages\/2961"}],"collection":[{"href":"https:\/\/www.buefa.ee\/lt\/wp-json\/wp\/v2\/pages"}],"about":[{"href":"https:\/\/www.buefa.ee\/lt\/wp-json\/wp\/v2\/types\/page"}],"author":[{"embeddable":true,"href":"https:\/\/www.buefa.ee\/lt\/wp-json\/wp\/v2\/users\/1"}],"replies":[{"embeddable":true,"href":"https:\/\/www.buefa.ee\/lt\/wp-json\/wp\/v2\/comments?post=2961"}],"version-history":[{"count":2,"href":"https:\/\/www.buefa.ee\/lt\/wp-json\/wp\/v2\/pages\/2961\/revisions"}],"predecessor-version":[{"id":3821,"href":"https:\/\/www.buefa.ee\/lt\/wp-json\/wp\/v2\/pages\/2961\/revisions\/3821"}],"up":[{"embeddable":true,"href":"https:\/\/www.buefa.ee\/lt\/wp-json\/wp\/v2\/pages\/2922"}],"wp:featuredmedia":[{"embeddable":true,"href":"https:\/\/www.buefa.ee\/lt\/wp-json\/wp\/v2\/media\/2962"}],"wp:attachment":[{"href":"https:\/\/www.buefa.ee\/lt\/wp-json\/wp\/v2\/media?parent=2961"}],"curies":[{"name":"wp","href":"https:\/\/api.w.org\/{rel}","templated":true}]}}