{"id":2975,"date":"2018-10-28T15:26:53","date_gmt":"2018-10-28T15:26:53","guid":{"rendered":"https:\/\/www.buefa.ee\/praktine-patirtis\/machine-engineering\/"},"modified":"2019-02-28T14:46:47","modified_gmt":"2019-02-28T14:46:47","slug":"masinu-inzinerija","status":"publish","type":"page","link":"https:\/\/www.buefa.ee\/lt\/praktine-patirtis\/masinu-inzinerija\/","title":{"rendered":"Ma\u0161in\u0173 in\u017einerija"},"content":{"rendered":"<p>Kiekvienam gamybos procesui keliami skirtingi reikalavimai, tod\u0117l atsiranda ir skirtingi aptarnavimo poreikiai. Sistemos tipas ir am\u017eius, pur\u0161kimo arba laminavimo na\u0161umas bei apmokyt\u0173 darbuotoj\u0173 skai\u010dius yra tik keli pavyzd\u017eiai, darantys \u012ftak\u0105 paslaug\u0173 apim\u010diai.<\/p>\n<p>J\u016bs nusprend\u017eiate d\u0117l paslaug\u0173 apimties, kuri tenkint\u0173 esamus poreikius. Kartu su \u201eB\u00dcFA Tec\u201c sutarsime d\u0117l s\u0105naud\u0173, kurios kils teikiant paslaugas:<\/p>\n<ul>\n<li>Sistemos palaikymas per vis\u0105 naudojimo laikotarp\u012f.<\/li>\n<li>Sistemos patikra ir prie\u017ei\u016bra, atliekama m\u016bs\u0173 aptarnavimo techniko (priklausomai nuo darbo valand\u0173, vien\u0105 arba du kartus per metus).<\/li>\n<li>Nusid\u0117vin\u010di\u0173 dali\u0173 keitimas (pvz., siurblio \u012fd\u0117klai ir sandarikliai), funkcij\u0173 patikrinimo testas.<\/li>\n<li>Ma\u0161inos nustatym\u0173 optimizavimas siekiant suma\u017einti emisijas ir perpur\u0161kim\u0105.<\/li>\n<li>Profesionalus konsultavimas d\u0117l projekt\u0173, atliekamas in\u017einieri\u0173 ir technik\u0173.<\/li>\n<li>J\u016bs\u0173 darbuotoj\u0173 mokymas, sutelkiant d\u0117mes\u012f \u012f ma\u0161inos valdym\u0105, technin\u0119 prie\u017ei\u016br\u0105 ir remont\u0105.<\/li>\n<li>Pasinaudokite m\u016bs\u0173 ekspert\u0173 praktin\u0117mis \u017einiomis. Nedvejodami skambinkite mums \u2013 visada d\u017eiaugiam\u0117s gal\u0117dami pad\u0117ti<\/li>\n<\/ul>\n<p>M\u016bs\u0173 in\u017einieriai ir technikai projektuoja, pristato ir \u012fdiegia sprendimus, kurie sukurti pagal j\u016bs\u0173 reikalavimus.<\/p>\n<ul>\n<li>Specialiosios sistemos<\/li>\n<li>Bakai, talpos<\/li>\n<li>Med\u017eiag\u0173 tiekimas<\/li>\n<li>Mai\u0161ymo ir paskirstymo technologija<\/li>\n<li>Pripildymo lygis ir srauto steb\u0117jimo sistemos atkuriamiems ir optimizuotiems procesams<\/li>\n<li>Proces\u0173 duomen\u0173 vizualizacija bei ilgalaikis fiksavimas<\/li>\n<li>Integralios taikymo sistemos<\/li>\n<\/ul>\n","protected":false},"excerpt":{"rendered":"<p>Kiekvienam gamybos procesui keliami skirtingi reikalavimai, tod\u0117l atsiranda ir skirtingi aptarnavimo poreikiai. <\/p>\n","protected":false},"author":1,"featured_media":2976,"parent":2922,"menu_order":0,"comment_status":"closed","ping_status":"closed","template":"","meta":[],"yoast_head":"<!-- This site is optimized with the Yoast SEO plugin v16.0.2 - https:\/\/yoast.com\/wordpress\/plugins\/seo\/ -->\n<title>Ma\u0161in\u0173 in\u017einerija - B\u00dcFA<\/title>\n<link rel=\"canonical\" href=\"https:\/\/www.buefa.ee\/lt\/praktine-patirtis\/masinu-inzinerija\/\" \/>\n<meta property=\"og:locale\" content=\"lt_LT\" \/>\n<meta property=\"og:type\" content=\"article\" \/>\n<meta property=\"og:title\" content=\"Ma\u0161in\u0173 in\u017einerija - B\u00dcFA\" \/>\n<meta property=\"og:description\" content=\"Kiekvienam gamybos procesui keliami skirtingi reikalavimai, tod\u0117l atsiranda ir skirtingi aptarnavimo poreikiai.\" \/>\n<meta property=\"og:url\" content=\"https:\/\/www.buefa.ee\/lt\/praktine-patirtis\/masinu-inzinerija\/\" \/>\n<meta property=\"og:site_name\" content=\"B\u00dcFA\" \/>\n<meta property=\"article:modified_time\" content=\"2019-02-28T14:46:47+00:00\" \/>\n<meta property=\"og:image\" content=\"https:\/\/www.buefa.ee\/wp-content\/uploads\/2018\/12\/Machine-Engineering-pilt.png\" \/>\n\t<meta property=\"og:image:width\" content=\"1000\" \/>\n\t<meta property=\"og:image:height\" content=\"1240\" \/>\n<meta name=\"twitter:card\" content=\"summary_large_image\" \/>\n<meta name=\"twitter:label1\" content=\"Est. reading time\">\n\t<meta name=\"twitter:data1\" content=\"1 minut\u0117\">\n<script type=\"application\/ld+json\" class=\"yoast-schema-graph\">{\"@context\":\"https:\/\/schema.org\",\"@graph\":[{\"@type\":\"WebSite\",\"@id\":\"https:\/\/www.buefa.ee\/#website\",\"url\":\"https:\/\/www.buefa.ee\/\",\"name\":\"B\\u00dcFA\",\"description\":\"New Chemistry, composite raw materials, komposiit materjalid\",\"potentialAction\":[{\"@type\":\"SearchAction\",\"target\":\"https:\/\/www.buefa.ee\/?s={search_term_string}\",\"query-input\":\"required name=search_term_string\"}],\"inLanguage\":\"lt-LT\"},{\"@type\":\"ImageObject\",\"@id\":\"https:\/\/www.buefa.ee\/lt\/praktine-patirtis\/masinu-inzinerija\/#primaryimage\",\"inLanguage\":\"lt-LT\",\"url\":\"https:\/\/www.buefa.ee\/wp-content\/uploads\/2018\/12\/Machine-Engineering-pilt.png\",\"width\":1000,\"height\":1240},{\"@type\":\"WebPage\",\"@id\":\"https:\/\/www.buefa.ee\/lt\/praktine-patirtis\/masinu-inzinerija\/#webpage\",\"url\":\"https:\/\/www.buefa.ee\/lt\/praktine-patirtis\/masinu-inzinerija\/\",\"name\":\"Ma\\u0161in\\u0173 in\\u017einerija - B\\u00dcFA\",\"isPartOf\":{\"@id\":\"https:\/\/www.buefa.ee\/#website\"},\"primaryImageOfPage\":{\"@id\":\"https:\/\/www.buefa.ee\/lt\/praktine-patirtis\/masinu-inzinerija\/#primaryimage\"},\"datePublished\":\"2018-10-28T15:26:53+00:00\",\"dateModified\":\"2019-02-28T14:46:47+00:00\",\"breadcrumb\":{\"@id\":\"https:\/\/www.buefa.ee\/lt\/praktine-patirtis\/masinu-inzinerija\/#breadcrumb\"},\"inLanguage\":\"lt-LT\",\"potentialAction\":[{\"@type\":\"ReadAction\",\"target\":[\"https:\/\/www.buefa.ee\/lt\/praktine-patirtis\/masinu-inzinerija\/\"]}]},{\"@type\":\"BreadcrumbList\",\"@id\":\"https:\/\/www.buefa.ee\/lt\/praktine-patirtis\/masinu-inzinerija\/#breadcrumb\",\"itemListElement\":[{\"@type\":\"ListItem\",\"position\":1,\"item\":{\"@type\":\"WebPage\",\"@id\":\"https:\/\/www.buefa.ee\/lt\/\",\"url\":\"https:\/\/www.buefa.ee\/lt\/\",\"name\":\"Home\"}},{\"@type\":\"ListItem\",\"position\":2,\"item\":{\"@type\":\"WebPage\",\"@id\":\"https:\/\/www.buefa.ee\/lt\/praktine-patirtis\/\",\"url\":\"https:\/\/www.buefa.ee\/lt\/praktine-patirtis\/\",\"name\":\"Praktin\\u0117 patirtis\"}},{\"@type\":\"ListItem\",\"position\":3,\"item\":{\"@type\":\"WebPage\",\"@id\":\"https:\/\/www.buefa.ee\/lt\/praktine-patirtis\/masinu-inzinerija\/\",\"url\":\"https:\/\/www.buefa.ee\/lt\/praktine-patirtis\/masinu-inzinerija\/\",\"name\":\"Ma\\u0161in\\u0173 in\\u017einerija\"}}]}]}<\/script>\n<!-- \/ Yoast SEO plugin. -->","_links":{"self":[{"href":"https:\/\/www.buefa.ee\/lt\/wp-json\/wp\/v2\/pages\/2975"}],"collection":[{"href":"https:\/\/www.buefa.ee\/lt\/wp-json\/wp\/v2\/pages"}],"about":[{"href":"https:\/\/www.buefa.ee\/lt\/wp-json\/wp\/v2\/types\/page"}],"author":[{"embeddable":true,"href":"https:\/\/www.buefa.ee\/lt\/wp-json\/wp\/v2\/users\/1"}],"replies":[{"embeddable":true,"href":"https:\/\/www.buefa.ee\/lt\/wp-json\/wp\/v2\/comments?post=2975"}],"version-history":[{"count":1,"href":"https:\/\/www.buefa.ee\/lt\/wp-json\/wp\/v2\/pages\/2975\/revisions"}],"predecessor-version":[{"id":2987,"href":"https:\/\/www.buefa.ee\/lt\/wp-json\/wp\/v2\/pages\/2975\/revisions\/2987"}],"up":[{"embeddable":true,"href":"https:\/\/www.buefa.ee\/lt\/wp-json\/wp\/v2\/pages\/2922"}],"wp:featuredmedia":[{"embeddable":true,"href":"https:\/\/www.buefa.ee\/lt\/wp-json\/wp\/v2\/media\/2976"}],"wp:attachment":[{"href":"https:\/\/www.buefa.ee\/lt\/wp-json\/wp\/v2\/media?parent=2975"}],"curies":[{"name":"wp","href":"https:\/\/api.w.org\/{rel}","templated":true}]}}