{"id":2991,"date":"2018-10-28T15:29:41","date_gmt":"2018-10-28T15:29:41","guid":{"rendered":"https:\/\/www.buefa.ee\/praktine-patirtis\/technical-documents\/"},"modified":"2019-02-28T14:51:00","modified_gmt":"2019-02-28T14:51:00","slug":"techniniai-dokumentai","status":"publish","type":"page","link":"https:\/\/www.buefa.ee\/lt\/praktine-patirtis\/techniniai-dokumentai\/","title":{"rendered":"Techniniai dokumentai"},"content":{"rendered":"<p><strong>Jei reikia, pra\u0161ykite technini\u0173 dokument\u0173<\/strong><\/p>\n<p>\u010cia pateikiama informacija apie pagrindinius atrinktus dokumentus, kuriuos galime pateikti papra\u0161ius.<\/p>\n<ul>\n<li>MSDS \u2013 med\u017eiagos saugos duomen\u0173 lapas<\/li>\n<li>TDS \u2013 technini\u0173 duomen\u0173 lapas<\/li>\n<li>CoA \u2013 analiz\u0117s sertifikatas<\/li>\n<li>GL, DNV, RINA \u2013 tam tikr\u0105 savyb\u0119 patvirtinantys sertifikatai<\/li>\n<\/ul>\n<p>Jei turite daugiau klausim\u0173, nedvejodami susisiekite su mumis.<\/p>\n","protected":false},"excerpt":{"rendered":"<p>Jei reikia, pra\u0161ykite technini\u0173 dokument\u0173<\/p>\n","protected":false},"author":1,"featured_media":2992,"parent":2922,"menu_order":0,"comment_status":"closed","ping_status":"closed","template":"","meta":[],"yoast_head":"<!-- This site is optimized with the Yoast SEO plugin v16.0.2 - https:\/\/yoast.com\/wordpress\/plugins\/seo\/ -->\n<title>Techniniai dokumentai - B\u00dcFA<\/title>\n<link rel=\"canonical\" href=\"https:\/\/www.buefa.ee\/lt\/praktine-patirtis\/techniniai-dokumentai\/\" \/>\n<meta property=\"og:locale\" content=\"lt_LT\" \/>\n<meta property=\"og:type\" content=\"article\" \/>\n<meta property=\"og:title\" content=\"Techniniai dokumentai - B\u00dcFA\" \/>\n<meta property=\"og:description\" content=\"Jei reikia, pra\u0161ykite technini\u0173 dokument\u0173\" \/>\n<meta property=\"og:url\" content=\"https:\/\/www.buefa.ee\/lt\/praktine-patirtis\/techniniai-dokumentai\/\" \/>\n<meta property=\"og:site_name\" content=\"B\u00dcFA\" \/>\n<meta property=\"article:modified_time\" content=\"2019-02-28T14:51:00+00:00\" \/>\n<meta property=\"og:image\" content=\"https:\/\/www.buefa.ee\/wp-content\/uploads\/2018\/10\/3978_1024_1024.png\" \/>\n\t<meta property=\"og:image:width\" content=\"1024\" \/>\n\t<meta property=\"og:image:height\" content=\"683\" \/>\n<meta name=\"twitter:card\" content=\"summary_large_image\" \/>\n<script type=\"application\/ld+json\" class=\"yoast-schema-graph\">{\"@context\":\"https:\/\/schema.org\",\"@graph\":[{\"@type\":\"WebSite\",\"@id\":\"https:\/\/www.buefa.ee\/#website\",\"url\":\"https:\/\/www.buefa.ee\/\",\"name\":\"B\\u00dcFA\",\"description\":\"New Chemistry, composite raw materials, komposiit materjalid\",\"potentialAction\":[{\"@type\":\"SearchAction\",\"target\":\"https:\/\/www.buefa.ee\/?s={search_term_string}\",\"query-input\":\"required name=search_term_string\"}],\"inLanguage\":\"lt-LT\"},{\"@type\":\"ImageObject\",\"@id\":\"https:\/\/www.buefa.ee\/lt\/praktine-patirtis\/techniniai-dokumentai\/#primaryimage\",\"inLanguage\":\"lt-LT\",\"url\":\"https:\/\/www.buefa.ee\/wp-content\/uploads\/2018\/10\/3978_1024_1024.png\",\"width\":1024,\"height\":683},{\"@type\":\"WebPage\",\"@id\":\"https:\/\/www.buefa.ee\/lt\/praktine-patirtis\/techniniai-dokumentai\/#webpage\",\"url\":\"https:\/\/www.buefa.ee\/lt\/praktine-patirtis\/techniniai-dokumentai\/\",\"name\":\"Techniniai dokumentai - B\\u00dcFA\",\"isPartOf\":{\"@id\":\"https:\/\/www.buefa.ee\/#website\"},\"primaryImageOfPage\":{\"@id\":\"https:\/\/www.buefa.ee\/lt\/praktine-patirtis\/techniniai-dokumentai\/#primaryimage\"},\"datePublished\":\"2018-10-28T15:29:41+00:00\",\"dateModified\":\"2019-02-28T14:51:00+00:00\",\"breadcrumb\":{\"@id\":\"https:\/\/www.buefa.ee\/lt\/praktine-patirtis\/techniniai-dokumentai\/#breadcrumb\"},\"inLanguage\":\"lt-LT\",\"potentialAction\":[{\"@type\":\"ReadAction\",\"target\":[\"https:\/\/www.buefa.ee\/lt\/praktine-patirtis\/techniniai-dokumentai\/\"]}]},{\"@type\":\"BreadcrumbList\",\"@id\":\"https:\/\/www.buefa.ee\/lt\/praktine-patirtis\/techniniai-dokumentai\/#breadcrumb\",\"itemListElement\":[{\"@type\":\"ListItem\",\"position\":1,\"item\":{\"@type\":\"WebPage\",\"@id\":\"https:\/\/www.buefa.ee\/lt\/\",\"url\":\"https:\/\/www.buefa.ee\/lt\/\",\"name\":\"Home\"}},{\"@type\":\"ListItem\",\"position\":2,\"item\":{\"@type\":\"WebPage\",\"@id\":\"https:\/\/www.buefa.ee\/lt\/praktine-patirtis\/\",\"url\":\"https:\/\/www.buefa.ee\/lt\/praktine-patirtis\/\",\"name\":\"Praktin\\u0117 patirtis\"}},{\"@type\":\"ListItem\",\"position\":3,\"item\":{\"@type\":\"WebPage\",\"@id\":\"https:\/\/www.buefa.ee\/lt\/praktine-patirtis\/techniniai-dokumentai\/\",\"url\":\"https:\/\/www.buefa.ee\/lt\/praktine-patirtis\/techniniai-dokumentai\/\",\"name\":\"Techniniai dokumentai\"}}]}]}<\/script>\n<!-- \/ Yoast SEO plugin. -->","_links":{"self":[{"href":"https:\/\/www.buefa.ee\/lt\/wp-json\/wp\/v2\/pages\/2991"}],"collection":[{"href":"https:\/\/www.buefa.ee\/lt\/wp-json\/wp\/v2\/pages"}],"about":[{"href":"https:\/\/www.buefa.ee\/lt\/wp-json\/wp\/v2\/types\/page"}],"author":[{"embeddable":true,"href":"https:\/\/www.buefa.ee\/lt\/wp-json\/wp\/v2\/users\/1"}],"replies":[{"embeddable":true,"href":"https:\/\/www.buefa.ee\/lt\/wp-json\/wp\/v2\/comments?post=2991"}],"version-history":[{"count":1,"href":"https:\/\/www.buefa.ee\/lt\/wp-json\/wp\/v2\/pages\/2991\/revisions"}],"predecessor-version":[{"id":3000,"href":"https:\/\/www.buefa.ee\/lt\/wp-json\/wp\/v2\/pages\/2991\/revisions\/3000"}],"up":[{"embeddable":true,"href":"https:\/\/www.buefa.ee\/lt\/wp-json\/wp\/v2\/pages\/2922"}],"wp:featuredmedia":[{"embeddable":true,"href":"https:\/\/www.buefa.ee\/lt\/wp-json\/wp\/v2\/media\/2992"}],"wp:attachment":[{"href":"https:\/\/www.buefa.ee\/lt\/wp-json\/wp\/v2\/media?parent=2991"}],"curies":[{"name":"wp","href":"https:\/\/api.w.org\/{rel}","templated":true}]}}