{"id":3018,"date":"2018-07-23T08:01:03","date_gmt":"2018-07-23T08:01:03","guid":{"rendered":"https:\/\/www.buefa.ee\/about\/"},"modified":"2019-03-01T11:55:20","modified_gmt":"2019-03-01T11:55:20","slug":"apie-mus","status":"publish","type":"page","link":"https:\/\/www.buefa.ee\/lt\/apie-mus\/","title":{"rendered":"Apie mus"},"content":{"rendered":"<p><strong>Padedame klientams sud\u0117tini\u0173 med\u017eiag\u0173 verslo srityje pristatydami jiems sud\u0117tinius produktus ir \u012fvairiapusius sprendimus. Taip pat esame puikus sistemos tiek\u0117jas d\u0117l i\u0161skirtin\u0117s technin\u0117s prie\u017ei\u016bros ir visapusi\u0161kos technin\u0117s \u012frangos.<\/strong><\/p>\n<h3>M\u016bs\u0173 pagrindiniai principai<\/h3>\n<p>Kaip \u0161eimos \u012fmon\u0117, turinti ilgas tradicijas, ne\u017ei\u016brime \u012f ketvir\u010dio rezultatus \u2013 mums svarbu kartos rezultatai. Dirbame tik\u0117damiesi naudos bendrovei ilguoju laikotarpiu.<\/p>\n<p>Nepaisant to, \u017einome, kad vienintelis pastovus dalykas gyvenime yra poky\u010diai. Esame nepriklausoma, vidutinio dyd\u017eio \u0161eimos \u012fmon\u0117, tad esame naujovi\u0161ki, greitai ir lanks\u010diai reaguojame \u012f savo klient\u0173 reikalavimus bei kintan\u010dius rinkos ir ekologinius poreikius. \u0160iuo pagrindiniu po\u017ei\u016briu vadovaujasi visa m\u016bs\u0173 grup\u0117.<\/p>\n<p><a href=\"#related-brochures\">Per\u017ei\u016br\u0117ti \u201eB\u00fcfa\u201c princip\u0173 PDF ir vaizdo \u012fra\u0161\u0105 \u017eemiau<\/a><\/p>\n<h3>Sud\u0117tin\u0117s med\u017eiagos<\/h3>\n<p>\u201eB\u00dcFA Composite Systems\u201c yra sistem\u0173 tiek\u0117ja, si\u016blanti naujovi\u0161kus, pritaikytus sud\u0117tinius produktus, puik\u0173 technin\u012f aptarnavim\u0105, \u012fvairiapusius sprendimus bei \u012frang\u0105 ir ekspertines \u017einias.<\/p>\n<p>Platus technologij\u0173 asortimentas, kur\u012f si\u016blo \u201eB\u00dcFA Composite Systems\u201c, rei\u0161kia pa\u017eangias \u017einias gamintojams, dirbantiems automobili\u0173, gele\u017einkelio riedmen\u0173, v\u0117jo energijos, statybos, santechnikos, bak\u0173 ir vamzd\u017ei\u0173, j\u016breivyst\u0117s ir laisvalaikio pramon\u0117s \u0161akose.<\/p>\n<h3>Darna<\/h3>\n<p>\u201eB\u00dcFA Composite Systems\u201c siekiame, kad daugiau negu 50\u00a0% m\u016bs\u0173 produkt\u0173 asortimento b\u016bt\u0173 be kobalto.<\/p>\n<p>Dirbame \u012fvairiose srityse, kad m\u016bs\u0173 produktai kuo labiau atitikt\u0173 darnos standartus. Nuo praeit\u0173 met\u0173 naudojame ekologin\u0119 derv\u0105, kurios sud\u0117tyje yra iki 40\u00a0procent\u0173 perdirbam\u0173 med\u017eiag\u0173 kaip \u017ealiavos.<\/p>\n<p>Su daugybe produkt\u0173 dirbame naudodami sistemas be stireno, kurios padeda suma\u017einti emisijas ir LOJ (laki\u0173j\u0173 organini\u0173 jungini\u0173) tar\u0161\u0105. Kitas LOJ prevencijos pavyzdys yra \u201eB\u00dcFA\u00ae-AE-Cleaner\u201c, itin efektyvi valymo med\u017eiaga, kuri\u0105 naudotojai priima kaip standartines valymo med\u017eiagas, pavyzd\u017eiui, aceton\u0105.<\/p>\n<p>\u201eB\u00dcFA Composite Systems\u201c taip pat yra suk\u016brusi B\u00dcFA putojan\u010di\u0105 dervos sistem\u0105. Jei med\u017eiaga putoja, galime suma\u017einti komponent\u0173 svor\u012f iki 45\u00a0%.<\/p>\n","protected":false},"excerpt":{"rendered":"<p>.<\/p>\n","protected":false},"author":1,"featured_media":0,"parent":0,"menu_order":0,"comment_status":"closed","ping_status":"closed","template":"templates\/about.php","meta":[],"yoast_head":"<!-- This site is optimized with the Yoast SEO plugin v16.0.2 - https:\/\/yoast.com\/wordpress\/plugins\/seo\/ -->\n<title>Apie mus - B\u00dcFA<\/title>\n<link rel=\"canonical\" href=\"https:\/\/www.buefa.ee\/lt\/apie-mus\/\" \/>\n<meta property=\"og:locale\" content=\"lt_LT\" \/>\n<meta property=\"og:type\" content=\"article\" \/>\n<meta property=\"og:title\" content=\"Apie mus - B\u00dcFA\" \/>\n<meta property=\"og:description\" content=\".\" \/>\n<meta property=\"og:url\" content=\"https:\/\/www.buefa.ee\/lt\/apie-mus\/\" \/>\n<meta property=\"og:site_name\" content=\"B\u00dcFA\" \/>\n<meta property=\"article:modified_time\" content=\"2019-03-01T11:55:20+00:00\" \/>\n<meta property=\"og:image\" content=\"https:\/\/www.buefa.ee\/wp-content\/uploads\/2018\/12\/FB-share.png\" \/>\n\t<meta property=\"og:image:width\" content=\"1200\" \/>\n\t<meta property=\"og:image:height\" content=\"630\" \/>\n<meta name=\"twitter:card\" content=\"summary_large_image\" \/>\n<meta name=\"twitter:label1\" content=\"Est. reading time\">\n\t<meta name=\"twitter:data1\" content=\"2 minut\u0117s\">\n<script type=\"application\/ld+json\" class=\"yoast-schema-graph\">{\"@context\":\"https:\/\/schema.org\",\"@graph\":[{\"@type\":\"WebSite\",\"@id\":\"https:\/\/www.buefa.ee\/#website\",\"url\":\"https:\/\/www.buefa.ee\/\",\"name\":\"B\\u00dcFA\",\"description\":\"New Chemistry, composite raw materials, komposiit materjalid\",\"potentialAction\":[{\"@type\":\"SearchAction\",\"target\":\"https:\/\/www.buefa.ee\/?s={search_term_string}\",\"query-input\":\"required name=search_term_string\"}],\"inLanguage\":\"lt-LT\"},{\"@type\":\"WebPage\",\"@id\":\"https:\/\/www.buefa.ee\/lt\/apie-mus\/#webpage\",\"url\":\"https:\/\/www.buefa.ee\/lt\/apie-mus\/\",\"name\":\"Apie mus - B\\u00dcFA\",\"isPartOf\":{\"@id\":\"https:\/\/www.buefa.ee\/#website\"},\"datePublished\":\"2018-07-23T08:01:03+00:00\",\"dateModified\":\"2019-03-01T11:55:20+00:00\",\"breadcrumb\":{\"@id\":\"https:\/\/www.buefa.ee\/lt\/apie-mus\/#breadcrumb\"},\"inLanguage\":\"lt-LT\",\"potentialAction\":[{\"@type\":\"ReadAction\",\"target\":[\"https:\/\/www.buefa.ee\/lt\/apie-mus\/\"]}]},{\"@type\":\"BreadcrumbList\",\"@id\":\"https:\/\/www.buefa.ee\/lt\/apie-mus\/#breadcrumb\",\"itemListElement\":[{\"@type\":\"ListItem\",\"position\":1,\"item\":{\"@type\":\"WebPage\",\"@id\":\"https:\/\/www.buefa.ee\/lt\/\",\"url\":\"https:\/\/www.buefa.ee\/lt\/\",\"name\":\"Home\"}},{\"@type\":\"ListItem\",\"position\":2,\"item\":{\"@type\":\"WebPage\",\"@id\":\"https:\/\/www.buefa.ee\/lt\/apie-mus\/\",\"url\":\"https:\/\/www.buefa.ee\/lt\/apie-mus\/\",\"name\":\"Apie mus\"}}]}]}<\/script>\n<!-- \/ Yoast SEO plugin. -->","_links":{"self":[{"href":"https:\/\/www.buefa.ee\/lt\/wp-json\/wp\/v2\/pages\/3018"}],"collection":[{"href":"https:\/\/www.buefa.ee\/lt\/wp-json\/wp\/v2\/pages"}],"about":[{"href":"https:\/\/www.buefa.ee\/lt\/wp-json\/wp\/v2\/types\/page"}],"author":[{"embeddable":true,"href":"https:\/\/www.buefa.ee\/lt\/wp-json\/wp\/v2\/users\/1"}],"replies":[{"embeddable":true,"href":"https:\/\/www.buefa.ee\/lt\/wp-json\/wp\/v2\/comments?post=3018"}],"version-history":[{"count":2,"href":"https:\/\/www.buefa.ee\/lt\/wp-json\/wp\/v2\/pages\/3018\/revisions"}],"predecessor-version":[{"id":3318,"href":"https:\/\/www.buefa.ee\/lt\/wp-json\/wp\/v2\/pages\/3018\/revisions\/3318"}],"wp:attachment":[{"href":"https:\/\/www.buefa.ee\/lt\/wp-json\/wp\/v2\/media?parent=3018"}],"curies":[{"name":"wp","href":"https:\/\/api.w.org\/{rel}","templated":true}]}}