{"id":3873,"date":"2019-06-21T11:51:30","date_gmt":"2019-06-21T11:51:30","guid":{"rendered":"https:\/\/www.buefa.ee\/praktine-patirtis\/bufa-composites-baltic-ou-general-terms-and-conditions-of-sale\/"},"modified":"2019-07-31T07:19:42","modified_gmt":"2019-07-31T07:19:42","slug":"bufa-composites-baltic-ou-bendrosios-pardavimo-taisykles-ir-salygos","status":"publish","type":"page","link":"https:\/\/www.buefa.ee\/lt\/praktine-patirtis\/bufa-composites-baltic-ou-bendrosios-pardavimo-taisykles-ir-salygos\/","title":{"rendered":"\u201eB\u00fcfa Composites Baltic O\u00dc\u201c bendrosios pardavimo taisykl\u0117s ir s\u0105lygos"},"content":{"rendered":"<p>\u017demiau pateiktos pardavimo taisykl\u0117s i\u0161skirtinai taikomos m\u016bs\u0173 klient\u0173 u\u017esakymams. Tuo atveju, jei b\u016bt\u0173 prie\u0161taravim\u0173 tarp u\u017esakymo teksto reik\u0161m\u0117s ar kit\u0173 u\u017esakymo dokument\u0173 tekst\u0173 bei \u0161i\u0173 pardavimo taisykli\u0173 ir s\u0105lyg\u0173, u\u017esakymo s\u0105lyg\u0173 traktavimo vir\u0161enyb\u0117 bus teikiama \u0161ioms Taisykl\u0117ms ir s\u0105lygoms<\/p>\n<p><a href=\"https:\/\/www.buefa.ee\/wp-content\/uploads\/2019\/07\/GTC-s-BU-FA.2016-08-19_ENG.pdf\" target=\"_blank\" rel=\"noopener noreferrer\">\u201eB\u00fcfa Composites Baltic O\u00dc\u201c bendrosios pardavimo taisykl\u0117s ir s\u0105lygos (.PDF)<\/a><\/p>\n","protected":false},"excerpt":{"rendered":"<p>\u017demiau pateiktos pardavimo taisykl\u0117s i\u0161skirtinai taikomos m\u016bs\u0173 klient\u0173 u\u017esakymams. Tuo atveju, jei b\u016bt\u0173 prie\u0161taravim\u0173 tarp u\u017esakymo teksto reik\u0161m\u0117s ar kit\u0173 u\u017esakymo dokument\u0173 tekst\u0173 bei \u0161i\u0173 pardavimo taisykli\u0173 ir s\u0105lyg\u0173, u\u017esakymo s\u0105lyg\u0173 traktavimo vir\u0161enyb\u0117 bus teikiama \u0161ioms Taisykl\u0117ms ir s\u0105lygoms<\/p>\n","protected":false},"author":1,"featured_media":3832,"parent":2922,"menu_order":0,"comment_status":"closed","ping_status":"closed","template":"","meta":[],"yoast_head":"<!-- This site is optimized with the Yoast SEO plugin v16.0.2 - https:\/\/yoast.com\/wordpress\/plugins\/seo\/ -->\n<title>\u201eB\u00fcfa Composites Baltic O\u00dc\u201c bendrosios pardavimo taisykl\u0117s ir s\u0105lygos - B\u00dcFA<\/title>\n<link rel=\"canonical\" href=\"https:\/\/www.buefa.ee\/lt\/praktine-patirtis\/bufa-composites-baltic-ou-bendrosios-pardavimo-taisykles-ir-salygos\/\" \/>\n<meta property=\"og:locale\" content=\"lt_LT\" \/>\n<meta property=\"og:type\" content=\"article\" \/>\n<meta property=\"og:title\" content=\"\u201eB\u00fcfa Composites Baltic O\u00dc\u201c bendrosios pardavimo taisykl\u0117s ir s\u0105lygos - B\u00dcFA\" \/>\n<meta property=\"og:description\" content=\"\u017demiau pateiktos pardavimo taisykl\u0117s i\u0161skirtinai taikomos m\u016bs\u0173 klient\u0173 u\u017esakymams. Tuo atveju, jei b\u016bt\u0173 prie\u0161taravim\u0173 tarp u\u017esakymo teksto reik\u0161m\u0117s ar kit\u0173 u\u017esakymo dokument\u0173 tekst\u0173 bei \u0161i\u0173 pardavimo taisykli\u0173 ir s\u0105lyg\u0173, u\u017esakymo s\u0105lyg\u0173 traktavimo vir\u0161enyb\u0117 bus teikiama \u0161ioms Taisykl\u0117ms ir s\u0105lygoms\" \/>\n<meta property=\"og:url\" content=\"https:\/\/www.buefa.ee\/lt\/praktine-patirtis\/bufa-composites-baltic-ou-bendrosios-pardavimo-taisykles-ir-salygos\/\" \/>\n<meta property=\"og:site_name\" content=\"B\u00dcFA\" \/>\n<meta property=\"article:modified_time\" content=\"2019-07-31T07:19:42+00:00\" \/>\n<meta property=\"og:image\" content=\"https:\/\/www.buefa.ee\/wp-content\/uploads\/2019\/06\/shutterstock_39122326-2.png\" \/>\n\t<meta property=\"og:image:width\" content=\"800\" \/>\n\t<meta property=\"og:image:height\" content=\"533\" \/>\n<meta name=\"twitter:card\" content=\"summary_large_image\" \/>\n<script type=\"application\/ld+json\" class=\"yoast-schema-graph\">{\"@context\":\"https:\/\/schema.org\",\"@graph\":[{\"@type\":\"WebSite\",\"@id\":\"https:\/\/www.buefa.ee\/#website\",\"url\":\"https:\/\/www.buefa.ee\/\",\"name\":\"B\\u00dcFA\",\"description\":\"New Chemistry, composite raw materials, komposiit materjalid\",\"potentialAction\":[{\"@type\":\"SearchAction\",\"target\":\"https:\/\/www.buefa.ee\/?s={search_term_string}\",\"query-input\":\"required name=search_term_string\"}],\"inLanguage\":\"lt-LT\"},{\"@type\":\"ImageObject\",\"@id\":\"https:\/\/www.buefa.ee\/lt\/praktine-patirtis\/bufa-composites-baltic-ou-bendrosios-pardavimo-taisykles-ir-salygos\/#primaryimage\",\"inLanguage\":\"lt-LT\",\"url\":\"https:\/\/www.buefa.ee\/wp-content\/uploads\/2019\/06\/shutterstock_39122326-2.png\",\"width\":800,\"height\":533},{\"@type\":\"WebPage\",\"@id\":\"https:\/\/www.buefa.ee\/lt\/praktine-patirtis\/bufa-composites-baltic-ou-bendrosios-pardavimo-taisykles-ir-salygos\/#webpage\",\"url\":\"https:\/\/www.buefa.ee\/lt\/praktine-patirtis\/bufa-composites-baltic-ou-bendrosios-pardavimo-taisykles-ir-salygos\/\",\"name\":\"\\u201eB\\u00fcfa Composites Baltic O\\u00dc\\u201c bendrosios pardavimo taisykl\\u0117s ir s\\u0105lygos - B\\u00dcFA\",\"isPartOf\":{\"@id\":\"https:\/\/www.buefa.ee\/#website\"},\"primaryImageOfPage\":{\"@id\":\"https:\/\/www.buefa.ee\/lt\/praktine-patirtis\/bufa-composites-baltic-ou-bendrosios-pardavimo-taisykles-ir-salygos\/#primaryimage\"},\"datePublished\":\"2019-06-21T11:51:30+00:00\",\"dateModified\":\"2019-07-31T07:19:42+00:00\",\"breadcrumb\":{\"@id\":\"https:\/\/www.buefa.ee\/lt\/praktine-patirtis\/bufa-composites-baltic-ou-bendrosios-pardavimo-taisykles-ir-salygos\/#breadcrumb\"},\"inLanguage\":\"lt-LT\",\"potentialAction\":[{\"@type\":\"ReadAction\",\"target\":[\"https:\/\/www.buefa.ee\/lt\/praktine-patirtis\/bufa-composites-baltic-ou-bendrosios-pardavimo-taisykles-ir-salygos\/\"]}]},{\"@type\":\"BreadcrumbList\",\"@id\":\"https:\/\/www.buefa.ee\/lt\/praktine-patirtis\/bufa-composites-baltic-ou-bendrosios-pardavimo-taisykles-ir-salygos\/#breadcrumb\",\"itemListElement\":[{\"@type\":\"ListItem\",\"position\":1,\"item\":{\"@type\":\"WebPage\",\"@id\":\"https:\/\/www.buefa.ee\/lt\/\",\"url\":\"https:\/\/www.buefa.ee\/lt\/\",\"name\":\"Home\"}},{\"@type\":\"ListItem\",\"position\":2,\"item\":{\"@type\":\"WebPage\",\"@id\":\"https:\/\/www.buefa.ee\/lt\/praktine-patirtis\/\",\"url\":\"https:\/\/www.buefa.ee\/lt\/praktine-patirtis\/\",\"name\":\"Praktin\\u0117 patirtis\"}},{\"@type\":\"ListItem\",\"position\":3,\"item\":{\"@type\":\"WebPage\",\"@id\":\"https:\/\/www.buefa.ee\/lt\/praktine-patirtis\/bufa-composites-baltic-ou-bendrosios-pardavimo-taisykles-ir-salygos\/\",\"url\":\"https:\/\/www.buefa.ee\/lt\/praktine-patirtis\/bufa-composites-baltic-ou-bendrosios-pardavimo-taisykles-ir-salygos\/\",\"name\":\"\\u201eB\\u00fcfa Composites Baltic O\\u00dc\\u201c bendrosios pardavimo taisykl\\u0117s ir s\\u0105lygos\"}}]}]}<\/script>\n<!-- \/ Yoast SEO plugin. -->","_links":{"self":[{"href":"https:\/\/www.buefa.ee\/lt\/wp-json\/wp\/v2\/pages\/3873"}],"collection":[{"href":"https:\/\/www.buefa.ee\/lt\/wp-json\/wp\/v2\/pages"}],"about":[{"href":"https:\/\/www.buefa.ee\/lt\/wp-json\/wp\/v2\/types\/page"}],"author":[{"embeddable":true,"href":"https:\/\/www.buefa.ee\/lt\/wp-json\/wp\/v2\/users\/1"}],"replies":[{"embeddable":true,"href":"https:\/\/www.buefa.ee\/lt\/wp-json\/wp\/v2\/comments?post=3873"}],"version-history":[{"count":3,"href":"https:\/\/www.buefa.ee\/lt\/wp-json\/wp\/v2\/pages\/3873\/revisions"}],"predecessor-version":[{"id":3879,"href":"https:\/\/www.buefa.ee\/lt\/wp-json\/wp\/v2\/pages\/3873\/revisions\/3879"}],"up":[{"embeddable":true,"href":"https:\/\/www.buefa.ee\/lt\/wp-json\/wp\/v2\/pages\/2922"}],"wp:featuredmedia":[{"embeddable":true,"href":"https:\/\/www.buefa.ee\/lt\/wp-json\/wp\/v2\/media\/3832"}],"wp:attachment":[{"href":"https:\/\/www.buefa.ee\/lt\/wp-json\/wp\/v2\/media?parent=3873"}],"curies":[{"name":"wp","href":"https:\/\/api.w.org\/{rel}","templated":true}]}}