{"id":2921,"date":"2018-10-28T15:03:18","date_gmt":"2018-10-28T15:03:18","guid":{"rendered":"https:\/\/www.buefa.ee\/know-how\/"},"modified":"2019-02-28T14:28:13","modified_gmt":"2019-02-28T14:28:13","slug":"zinatiba","status":"publish","type":"page","link":"https:\/\/www.buefa.ee\/lv\/zinatiba\/","title":{"rendered":"Zin\u0101t\u012bba"},"content":{"rendered":"<p>Uz\u0146\u0113mum\u0101 \u201cB\u00dcFA\u201d m\u0113s atbalst\u0101m savus klientus visos to projektu izstr\u0101des posmos, s\u0101kot ar detaliz\u0113t\u0101m tehnisk\u0101m konsult\u0101cij\u0101m, l\u012bdz pat r\u016bp\u012bgi m\u0113r\u0137\u0113tam produktu m\u0101rketingam. Varat pa\u013cauties uz m\u016bsu produktu p\u0101rvald\u012bbas un p\u0101rdo\u0161anas noda\u013cu tehniskaj\u0101m un komerci\u0101laj\u0101m prasm\u0113m, kas Jums nodro\u0161in\u0101s pla\u0161as zin\u0101\u0161anas par materi\u0101liem, pielietojuma specifiku un tirgus zin\u0101t\u012bbu.<\/p>\n","protected":false},"excerpt":{"rendered":"<p>Uz\u0146\u0113mum\u0101 \u201cB\u00dcFA\u201d m\u0113s atbalst\u0101m savus klientus visos to projektu izstr\u0101des posmos, s\u0101kot ar detaliz\u0113t\u0101m tehnisk\u0101m konsult\u0101cij\u0101m, l\u012bdz pat r\u016bp\u012bgi m\u0113r\u0137\u0113tam produktu m\u0101rketingam. Varat pa\u013cauties uz m\u016bsu produktu p\u0101rvald\u012bbas un p\u0101rdo\u0161anas noda\u013cu tehniskaj\u0101m un komerci\u0101laj\u0101m prasm\u0113m, kas Jums nodro\u0161in\u0101s pla\u0161as zin\u0101\u0161anas par materi\u0101liem, pielietojuma specifiku un tirgus zin\u0101t\u012bbu.<\/p>\n","protected":false},"author":1,"featured_media":0,"parent":0,"menu_order":0,"comment_status":"closed","ping_status":"closed","template":"","meta":[],"yoast_head":"<!-- This site is optimized with the Yoast SEO plugin v16.0.2 - https:\/\/yoast.com\/wordpress\/plugins\/seo\/ -->\n<title>Zin\u0101t\u012bba - B\u00dcFA<\/title>\n<link rel=\"canonical\" href=\"https:\/\/www.buefa.ee\/lv\/zinatiba\/\" \/>\n<meta property=\"og:locale\" content=\"lv_LV\" \/>\n<meta property=\"og:type\" content=\"article\" \/>\n<meta property=\"og:title\" content=\"Zin\u0101t\u012bba - B\u00dcFA\" \/>\n<meta property=\"og:description\" content=\"Uz\u0146\u0113mum\u0101 \u201cB\u00dcFA\u201d m\u0113s atbalst\u0101m savus klientus visos to projektu izstr\u0101des posmos, s\u0101kot ar detaliz\u0113t\u0101m tehnisk\u0101m konsult\u0101cij\u0101m, l\u012bdz pat r\u016bp\u012bgi m\u0113r\u0137\u0113tam produktu m\u0101rketingam. Varat pa\u013cauties uz m\u016bsu produktu p\u0101rvald\u012bbas un p\u0101rdo\u0161anas noda\u013cu tehniskaj\u0101m un komerci\u0101laj\u0101m prasm\u0113m, kas Jums nodro\u0161in\u0101s pla\u0161as zin\u0101\u0161anas par materi\u0101liem, pielietojuma specifiku un tirgus zin\u0101t\u012bbu.\" \/>\n<meta property=\"og:url\" content=\"https:\/\/www.buefa.ee\/lv\/zinatiba\/\" \/>\n<meta property=\"og:site_name\" content=\"B\u00dcFA\" \/>\n<meta property=\"article:modified_time\" content=\"2019-02-28T14:28:13+00:00\" \/>\n<meta property=\"og:image\" content=\"https:\/\/www.buefa.ee\/wp-content\/uploads\/2018\/12\/FB-share.png\" \/>\n\t<meta property=\"og:image:width\" content=\"1200\" \/>\n\t<meta property=\"og:image:height\" content=\"630\" \/>\n<meta name=\"twitter:card\" content=\"summary_large_image\" \/>\n<script type=\"application\/ld+json\" class=\"yoast-schema-graph\">{\"@context\":\"https:\/\/schema.org\",\"@graph\":[{\"@type\":\"WebSite\",\"@id\":\"https:\/\/www.buefa.ee\/#website\",\"url\":\"https:\/\/www.buefa.ee\/\",\"name\":\"B\\u00dcFA\",\"description\":\"New Chemistry, composite raw materials, komposiit materjalid\",\"potentialAction\":[{\"@type\":\"SearchAction\",\"target\":\"https:\/\/www.buefa.ee\/?s={search_term_string}\",\"query-input\":\"required name=search_term_string\"}],\"inLanguage\":\"lv-LV\"},{\"@type\":\"WebPage\",\"@id\":\"https:\/\/www.buefa.ee\/lv\/zinatiba\/#webpage\",\"url\":\"https:\/\/www.buefa.ee\/lv\/zinatiba\/\",\"name\":\"Zin\\u0101t\\u012bba - B\\u00dcFA\",\"isPartOf\":{\"@id\":\"https:\/\/www.buefa.ee\/#website\"},\"datePublished\":\"2018-10-28T15:03:18+00:00\",\"dateModified\":\"2019-02-28T14:28:13+00:00\",\"breadcrumb\":{\"@id\":\"https:\/\/www.buefa.ee\/lv\/zinatiba\/#breadcrumb\"},\"inLanguage\":\"lv-LV\",\"potentialAction\":[{\"@type\":\"ReadAction\",\"target\":[\"https:\/\/www.buefa.ee\/lv\/zinatiba\/\"]}]},{\"@type\":\"BreadcrumbList\",\"@id\":\"https:\/\/www.buefa.ee\/lv\/zinatiba\/#breadcrumb\",\"itemListElement\":[{\"@type\":\"ListItem\",\"position\":1,\"item\":{\"@type\":\"WebPage\",\"@id\":\"https:\/\/www.buefa.ee\/lv\/\",\"url\":\"https:\/\/www.buefa.ee\/lv\/\",\"name\":\"Home\"}},{\"@type\":\"ListItem\",\"position\":2,\"item\":{\"@type\":\"WebPage\",\"@id\":\"https:\/\/www.buefa.ee\/lv\/zinatiba\/\",\"url\":\"https:\/\/www.buefa.ee\/lv\/zinatiba\/\",\"name\":\"Zin\\u0101t\\u012bba\"}}]}]}<\/script>\n<!-- \/ Yoast SEO plugin. -->","_links":{"self":[{"href":"https:\/\/www.buefa.ee\/lv\/wp-json\/wp\/v2\/pages\/2921"}],"collection":[{"href":"https:\/\/www.buefa.ee\/lv\/wp-json\/wp\/v2\/pages"}],"about":[{"href":"https:\/\/www.buefa.ee\/lv\/wp-json\/wp\/v2\/types\/page"}],"author":[{"embeddable":true,"href":"https:\/\/www.buefa.ee\/lv\/wp-json\/wp\/v2\/users\/1"}],"replies":[{"embeddable":true,"href":"https:\/\/www.buefa.ee\/lv\/wp-json\/wp\/v2\/comments?post=2921"}],"version-history":[{"count":1,"href":"https:\/\/www.buefa.ee\/lv\/wp-json\/wp\/v2\/pages\/2921\/revisions"}],"predecessor-version":[{"id":2929,"href":"https:\/\/www.buefa.ee\/lv\/wp-json\/wp\/v2\/pages\/2921\/revisions\/2929"}],"wp:attachment":[{"href":"https:\/\/www.buefa.ee\/lv\/wp-json\/wp\/v2\/media?parent=2921"}],"curies":[{"name":"wp","href":"https:\/\/api.w.org\/{rel}","templated":true}]}}