{"id":2932,"date":"2018-10-28T15:05:54","date_gmt":"2018-10-28T15:05:54","guid":{"rendered":"https:\/\/www.buefa.ee\/zinatiba\/application\/"},"modified":"2019-02-28T14:31:36","modified_gmt":"2019-02-28T14:31:36","slug":"pielietojums","status":"publish","type":"page","link":"https:\/\/www.buefa.ee\/lv\/zinatiba\/pielietojums\/","title":{"rendered":"Pielietojums"},"content":{"rendered":"<p>Mums pat\u012bk sadarb\u012bba ar Jums atkl\u0101t\u0101 un caurskat\u0101m\u0101 veid\u0101, nodro\u0161inot ieguvumus ab\u0101m pus\u0113m un \u012bstenojot inov\u0101cijas kompoz\u012btmateri\u0101lu nozar\u0113. \u0160im nol\u016bkam mums ir piem\u0113rots kompoz\u012btmateri\u0101lu ra\u017eo\u0161anas apr\u012bkojuma komplekts m\u016bsu p\u0113tniec\u012bbas un att\u012bst\u012bbas centr\u0101, k\u0101 ar\u012b daudzos m\u016bsu partneru centros vis\u0101 pasaul\u0113.<\/p>\n","protected":false},"excerpt":{"rendered":"<p>Mums pat\u012bk sadarb\u012bba ar Jums atkl\u0101t\u0101 un caurskat\u0101m\u0101 veid\u0101, nodro\u0161inot ieguvumus ab\u0101m pus\u0113m un \u012bstenojot inov\u0101cijas kompoz\u012btmateri\u0101lu nozar\u0113.<\/p>\n","protected":false},"author":1,"featured_media":2933,"parent":2921,"menu_order":0,"comment_status":"closed","ping_status":"closed","template":"","meta":[],"yoast_head":"<!-- This site is optimized with the Yoast SEO plugin v16.0.2 - https:\/\/yoast.com\/wordpress\/plugins\/seo\/ -->\n<title>Pielietojums - B\u00dcFA<\/title>\n<link rel=\"canonical\" href=\"https:\/\/www.buefa.ee\/lv\/zinatiba\/pielietojums\/\" \/>\n<meta property=\"og:locale\" content=\"lv_LV\" \/>\n<meta property=\"og:type\" content=\"article\" \/>\n<meta property=\"og:title\" content=\"Pielietojums - B\u00dcFA\" \/>\n<meta property=\"og:description\" content=\"Mums pat\u012bk sadarb\u012bba ar Jums atkl\u0101t\u0101 un caurskat\u0101m\u0101 veid\u0101, nodro\u0161inot ieguvumus ab\u0101m pus\u0113m un \u012bstenojot inov\u0101cijas kompoz\u012btmateri\u0101lu nozar\u0113.\" \/>\n<meta property=\"og:url\" content=\"https:\/\/www.buefa.ee\/lv\/zinatiba\/pielietojums\/\" \/>\n<meta property=\"og:site_name\" content=\"B\u00dcFA\" \/>\n<meta property=\"article:modified_time\" content=\"2019-02-28T14:31:36+00:00\" \/>\n<meta property=\"og:image\" content=\"https:\/\/www.buefa.ee\/wp-content\/uploads\/2018\/10\/Product-application.jpg\" \/>\n\t<meta property=\"og:image:width\" content=\"520\" \/>\n\t<meta property=\"og:image:height\" content=\"425\" \/>\n<meta name=\"twitter:card\" content=\"summary_large_image\" \/>\n<script type=\"application\/ld+json\" class=\"yoast-schema-graph\">{\"@context\":\"https:\/\/schema.org\",\"@graph\":[{\"@type\":\"WebSite\",\"@id\":\"https:\/\/www.buefa.ee\/#website\",\"url\":\"https:\/\/www.buefa.ee\/\",\"name\":\"B\\u00dcFA\",\"description\":\"New Chemistry, composite raw materials, komposiit materjalid\",\"potentialAction\":[{\"@type\":\"SearchAction\",\"target\":\"https:\/\/www.buefa.ee\/?s={search_term_string}\",\"query-input\":\"required name=search_term_string\"}],\"inLanguage\":\"lv-LV\"},{\"@type\":\"ImageObject\",\"@id\":\"https:\/\/www.buefa.ee\/lv\/zinatiba\/pielietojums\/#primaryimage\",\"inLanguage\":\"lv-LV\",\"url\":\"https:\/\/www.buefa.ee\/wp-content\/uploads\/2018\/10\/Product-application.jpg\",\"width\":520,\"height\":425},{\"@type\":\"WebPage\",\"@id\":\"https:\/\/www.buefa.ee\/lv\/zinatiba\/pielietojums\/#webpage\",\"url\":\"https:\/\/www.buefa.ee\/lv\/zinatiba\/pielietojums\/\",\"name\":\"Pielietojums - B\\u00dcFA\",\"isPartOf\":{\"@id\":\"https:\/\/www.buefa.ee\/#website\"},\"primaryImageOfPage\":{\"@id\":\"https:\/\/www.buefa.ee\/lv\/zinatiba\/pielietojums\/#primaryimage\"},\"datePublished\":\"2018-10-28T15:05:54+00:00\",\"dateModified\":\"2019-02-28T14:31:36+00:00\",\"breadcrumb\":{\"@id\":\"https:\/\/www.buefa.ee\/lv\/zinatiba\/pielietojums\/#breadcrumb\"},\"inLanguage\":\"lv-LV\",\"potentialAction\":[{\"@type\":\"ReadAction\",\"target\":[\"https:\/\/www.buefa.ee\/lv\/zinatiba\/pielietojums\/\"]}]},{\"@type\":\"BreadcrumbList\",\"@id\":\"https:\/\/www.buefa.ee\/lv\/zinatiba\/pielietojums\/#breadcrumb\",\"itemListElement\":[{\"@type\":\"ListItem\",\"position\":1,\"item\":{\"@type\":\"WebPage\",\"@id\":\"https:\/\/www.buefa.ee\/lv\/\",\"url\":\"https:\/\/www.buefa.ee\/lv\/\",\"name\":\"Home\"}},{\"@type\":\"ListItem\",\"position\":2,\"item\":{\"@type\":\"WebPage\",\"@id\":\"https:\/\/www.buefa.ee\/lv\/zinatiba\/\",\"url\":\"https:\/\/www.buefa.ee\/lv\/zinatiba\/\",\"name\":\"Zin\\u0101t\\u012bba\"}},{\"@type\":\"ListItem\",\"position\":3,\"item\":{\"@type\":\"WebPage\",\"@id\":\"https:\/\/www.buefa.ee\/lv\/zinatiba\/pielietojums\/\",\"url\":\"https:\/\/www.buefa.ee\/lv\/zinatiba\/pielietojums\/\",\"name\":\"Pielietojums\"}}]}]}<\/script>\n<!-- \/ Yoast SEO plugin. -->","_links":{"self":[{"href":"https:\/\/www.buefa.ee\/lv\/wp-json\/wp\/v2\/pages\/2932"}],"collection":[{"href":"https:\/\/www.buefa.ee\/lv\/wp-json\/wp\/v2\/pages"}],"about":[{"href":"https:\/\/www.buefa.ee\/lv\/wp-json\/wp\/v2\/types\/page"}],"author":[{"embeddable":true,"href":"https:\/\/www.buefa.ee\/lv\/wp-json\/wp\/v2\/users\/1"}],"replies":[{"embeddable":true,"href":"https:\/\/www.buefa.ee\/lv\/wp-json\/wp\/v2\/comments?post=2932"}],"version-history":[{"count":1,"href":"https:\/\/www.buefa.ee\/lv\/wp-json\/wp\/v2\/pages\/2932\/revisions"}],"predecessor-version":[{"id":2943,"href":"https:\/\/www.buefa.ee\/lv\/wp-json\/wp\/v2\/pages\/2932\/revisions\/2943"}],"up":[{"embeddable":true,"href":"https:\/\/www.buefa.ee\/lv\/wp-json\/wp\/v2\/pages\/2921"}],"wp:featuredmedia":[{"embeddable":true,"href":"https:\/\/www.buefa.ee\/lv\/wp-json\/wp\/v2\/media\/2933"}],"wp:attachment":[{"href":"https:\/\/www.buefa.ee\/lv\/wp-json\/wp\/v2\/media?parent=2932"}],"curies":[{"name":"wp","href":"https:\/\/api.w.org\/{rel}","templated":true}]}}