{"id":2946,"date":"2018-10-28T15:15:14","date_gmt":"2018-10-28T15:15:14","guid":{"rendered":"https:\/\/www.buefa.ee\/zinatiba\/lab-services-rd\/"},"modified":"2019-02-28T14:35:50","modified_gmt":"2019-02-28T14:35:50","slug":"laboratorijas-pakalpojumi-un-p-i","status":"publish","type":"page","link":"https:\/\/www.buefa.ee\/lv\/zinatiba\/laboratorijas-pakalpojumi-un-p-i\/","title":{"rendered":"Laboratorijas pakalpojumi un P&#038;I"},"content":{"rendered":"<p>Kompoz\u012btmateri\u0101lu nozare un zin\u0101tne ir \u013coti cie\u0161a saist\u012bta, galvenok\u0101rt pateicoties iev\u0113rojamiem pan\u0101kumiem p\u0113tniec\u012bb\u0101 un att\u012bst\u012bb\u0101.<\/p>\n<p>\u201cB\u00fcfa\u201d var pal\u012bdz\u0113t sasniegt jaunas kompoz\u012btmateri\u0101lu da\u013cu veiktsp\u0113jas un komponentu ra\u017eo\u0161anas robe\u017eas. Pateicoties integr\u0113tai pieejai jaunu produktu izstr\u0101d\u0113, m\u0113s izmantojam visas savas zin\u0101\u0161anas materi\u0101lu zin\u0101tn\u0113, test\u0113\u0161an\u0101 un sertific\u0113\u0161an\u0101, k\u0101 ar\u012b kompoz\u012btu komponentu ra\u017eo\u0161an\u0101, lai veidotu jaunus kompoz\u012btmateri\u0101lu pielietojumus.<\/p>\n<p>Uz\u0146\u0113muma iek\u0161\u0113j\u0101 p\u0113tniec\u012bba un att\u012bst\u012bba V\u0101cij\u0101 (Rastede). Cie\u0161i sadarbojoties ar klientu, m\u0113s izstr\u0101d\u0101jam ilgi kalpojo\u0161us produktus. Mums ir iek\u0161\u0113jais test\u0113\u0161anas centrs, kas atbilst \u0161\u0101diem standartiem. \u0160ie ir tikai da\u017ei m\u016bsu darb\u012bbu piem\u0113ri, bet m\u016bsu pied\u0101v\u0101jums ir v\u0113l pla\u0161\u0101ks<\/p>\n<ul>\n<li>ISO 5660 (Koniskais kalorimetrs)<\/li>\n<li>DIN 5510<\/li>\n<li>LOI (sk\u0101bek\u013ca robe\u017ekoncentr\u0101cija)<\/li>\n<li>UIC 564<\/li>\n<\/ul>\n<p>Sadarb\u012bb\u0101 ar m\u016bsu partneriem \u0161eit ir inform\u0101cija par cit\u0101m iesp\u0113j\u0101m;<\/p>\n<p><strong>\u0160\u0137iedras un auduma anal\u012bze<\/strong><\/p>\n<ul>\n<li>Spraugu un \u0161\u0137iedras le\u0146\u0137a m\u0113r\u012bjumi<\/li>\n<li>\u0160\u0137iedras kabatas m\u0113r\u012bjumi<\/li>\n<li>Ad\u012bjuma izm\u0113ri<\/li>\n<li>Pavediena diametra m\u0113r\u012bjumi<\/li>\n<\/ul>\n<p><strong>Procesa p\u0101rbaudes<\/strong><\/p>\n<ul>\n<li>RTM un inf\u016bzijas izm\u0113\u0123in\u0101jumi\/pl\u016bsmas\/karst\u0101s pres\u0113\u0161anas testi<\/li>\n<li>Klasiskie un vair\u0101ki citi pl\u016bsmas testi<\/li>\n<\/ul>\n<p><strong>Materi\u0101lu testi<\/strong><\/p>\n<ul>\n<li>Kompoz\u012btmateri\u0101lu ciet\u012bbas anal\u012bze: Barcol<\/li>\n<li>\u0160\u0137iedras frakcijas anal\u012bzes: kompoz\u012btmateri\u0101lu \u0161\u0137iedras un sve\u0137u satura anal\u012bze, k\u0101 ar\u012b izdeg\u0161ana (augstas temperat\u016bras kr\u0101sns) un sk\u0101bes sadal\u012b\u0161an\u0101s<\/li>\n<\/ul>\n<p><strong>Meh\u0101nisk\u0101s p\u0101rbaudes<\/strong><\/p>\n<ul>\n<li>Ar \u0161\u0137iedru pastiprin\u0101to kompoz\u012btmateri\u0101lu stiepes testi<\/li>\n<li>Ar \u0161\u0137iedru pastiprin\u0101to kompoz\u012btmateri\u0101lu spiedes p\u0101rbaudes: saska\u0146\u0101 ar ISO un ASTM standartiem<\/li>\n<li>Ar \u0161\u0137iedru pastiprin\u0101to kompoz\u012btmateri\u0101lu lieces testi<\/li>\n<li>K\u0101rtain\u0101 lamin\u0101ta b\u012bdes testi<\/li>\n<\/ul>\n","protected":false},"excerpt":{"rendered":"<p>Kompoz\u012btmateri\u0101lu nozare un zin\u0101tne ir \u013coti cie\u0161a saist\u012bta, galvenok\u0101rt pateicoties iev\u0113rojamiem pan\u0101kumiem p\u0113tniec\u012bb\u0101 un att\u012bst\u012bb\u0101.<\/p>\n","protected":false},"author":1,"featured_media":2947,"parent":2921,"menu_order":0,"comment_status":"closed","ping_status":"closed","template":"","meta":[],"yoast_head":"<!-- This site is optimized with the Yoast SEO plugin v16.0.2 - https:\/\/yoast.com\/wordpress\/plugins\/seo\/ -->\n<title>Laboratorijas pakalpojumi un P&amp;I - B\u00dcFA<\/title>\n<link rel=\"canonical\" href=\"https:\/\/www.buefa.ee\/lv\/zinatiba\/laboratorijas-pakalpojumi-un-p-i\/\" \/>\n<meta property=\"og:locale\" content=\"lv_LV\" \/>\n<meta property=\"og:type\" content=\"article\" \/>\n<meta property=\"og:title\" content=\"Laboratorijas pakalpojumi un P&amp;I - B\u00dcFA\" \/>\n<meta property=\"og:description\" content=\"Kompoz\u012btmateri\u0101lu nozare un zin\u0101tne ir \u013coti cie\u0161a saist\u012bta, galvenok\u0101rt pateicoties iev\u0113rojamiem pan\u0101kumiem p\u0113tniec\u012bb\u0101 un att\u012bst\u012bb\u0101.\" \/>\n<meta property=\"og:url\" content=\"https:\/\/www.buefa.ee\/lv\/zinatiba\/laboratorijas-pakalpojumi-un-p-i\/\" \/>\n<meta property=\"og:site_name\" content=\"B\u00dcFA\" \/>\n<meta property=\"article:modified_time\" content=\"2019-02-28T14:35:50+00:00\" \/>\n<meta property=\"og:image\" content=\"https:\/\/www.buefa.ee\/wp-content\/uploads\/2018\/10\/LabTesting-1024x682.jpg\" \/>\n\t<meta property=\"og:image:width\" content=\"1024\" \/>\n\t<meta property=\"og:image:height\" content=\"682\" \/>\n<meta name=\"twitter:card\" content=\"summary_large_image\" \/>\n<meta name=\"twitter:label1\" content=\"Est. reading time\">\n\t<meta name=\"twitter:data1\" content=\"2 minutes\">\n<script type=\"application\/ld+json\" class=\"yoast-schema-graph\">{\"@context\":\"https:\/\/schema.org\",\"@graph\":[{\"@type\":\"WebSite\",\"@id\":\"https:\/\/www.buefa.ee\/#website\",\"url\":\"https:\/\/www.buefa.ee\/\",\"name\":\"B\\u00dcFA\",\"description\":\"New Chemistry, composite raw materials, komposiit materjalid\",\"potentialAction\":[{\"@type\":\"SearchAction\",\"target\":\"https:\/\/www.buefa.ee\/?s={search_term_string}\",\"query-input\":\"required name=search_term_string\"}],\"inLanguage\":\"lv-LV\"},{\"@type\":\"ImageObject\",\"@id\":\"https:\/\/www.buefa.ee\/lv\/zinatiba\/laboratorijas-pakalpojumi-un-p-i\/#primaryimage\",\"inLanguage\":\"lv-LV\",\"url\":\"https:\/\/www.buefa.ee\/wp-content\/uploads\/2018\/10\/LabTesting.jpg\",\"width\":5426,\"height\":3616},{\"@type\":\"WebPage\",\"@id\":\"https:\/\/www.buefa.ee\/lv\/zinatiba\/laboratorijas-pakalpojumi-un-p-i\/#webpage\",\"url\":\"https:\/\/www.buefa.ee\/lv\/zinatiba\/laboratorijas-pakalpojumi-un-p-i\/\",\"name\":\"Laboratorijas pakalpojumi un P&I - B\\u00dcFA\",\"isPartOf\":{\"@id\":\"https:\/\/www.buefa.ee\/#website\"},\"primaryImageOfPage\":{\"@id\":\"https:\/\/www.buefa.ee\/lv\/zinatiba\/laboratorijas-pakalpojumi-un-p-i\/#primaryimage\"},\"datePublished\":\"2018-10-28T15:15:14+00:00\",\"dateModified\":\"2019-02-28T14:35:50+00:00\",\"breadcrumb\":{\"@id\":\"https:\/\/www.buefa.ee\/lv\/zinatiba\/laboratorijas-pakalpojumi-un-p-i\/#breadcrumb\"},\"inLanguage\":\"lv-LV\",\"potentialAction\":[{\"@type\":\"ReadAction\",\"target\":[\"https:\/\/www.buefa.ee\/lv\/zinatiba\/laboratorijas-pakalpojumi-un-p-i\/\"]}]},{\"@type\":\"BreadcrumbList\",\"@id\":\"https:\/\/www.buefa.ee\/lv\/zinatiba\/laboratorijas-pakalpojumi-un-p-i\/#breadcrumb\",\"itemListElement\":[{\"@type\":\"ListItem\",\"position\":1,\"item\":{\"@type\":\"WebPage\",\"@id\":\"https:\/\/www.buefa.ee\/lv\/\",\"url\":\"https:\/\/www.buefa.ee\/lv\/\",\"name\":\"Home\"}},{\"@type\":\"ListItem\",\"position\":2,\"item\":{\"@type\":\"WebPage\",\"@id\":\"https:\/\/www.buefa.ee\/lv\/zinatiba\/\",\"url\":\"https:\/\/www.buefa.ee\/lv\/zinatiba\/\",\"name\":\"Zin\\u0101t\\u012bba\"}},{\"@type\":\"ListItem\",\"position\":3,\"item\":{\"@type\":\"WebPage\",\"@id\":\"https:\/\/www.buefa.ee\/lv\/zinatiba\/laboratorijas-pakalpojumi-un-p-i\/\",\"url\":\"https:\/\/www.buefa.ee\/lv\/zinatiba\/laboratorijas-pakalpojumi-un-p-i\/\",\"name\":\"Laboratorijas pakalpojumi un P&#038;I\"}}]}]}<\/script>\n<!-- \/ Yoast SEO plugin. -->","_links":{"self":[{"href":"https:\/\/www.buefa.ee\/lv\/wp-json\/wp\/v2\/pages\/2946"}],"collection":[{"href":"https:\/\/www.buefa.ee\/lv\/wp-json\/wp\/v2\/pages"}],"about":[{"href":"https:\/\/www.buefa.ee\/lv\/wp-json\/wp\/v2\/types\/page"}],"author":[{"embeddable":true,"href":"https:\/\/www.buefa.ee\/lv\/wp-json\/wp\/v2\/users\/1"}],"replies":[{"embeddable":true,"href":"https:\/\/www.buefa.ee\/lv\/wp-json\/wp\/v2\/comments?post=2946"}],"version-history":[{"count":1,"href":"https:\/\/www.buefa.ee\/lv\/wp-json\/wp\/v2\/pages\/2946\/revisions"}],"predecessor-version":[{"id":2956,"href":"https:\/\/www.buefa.ee\/lv\/wp-json\/wp\/v2\/pages\/2946\/revisions\/2956"}],"up":[{"embeddable":true,"href":"https:\/\/www.buefa.ee\/lv\/wp-json\/wp\/v2\/pages\/2921"}],"wp:featuredmedia":[{"embeddable":true,"href":"https:\/\/www.buefa.ee\/lv\/wp-json\/wp\/v2\/media\/2947"}],"wp:attachment":[{"href":"https:\/\/www.buefa.ee\/lv\/wp-json\/wp\/v2\/media?parent=2946"}],"curies":[{"name":"wp","href":"https:\/\/api.w.org\/{rel}","templated":true}]}}