{"id":2959,"date":"2018-10-28T15:09:48","date_gmt":"2018-10-28T15:09:48","guid":{"rendered":"https:\/\/www.buefa.ee\/zinatiba\/processing\/"},"modified":"2019-02-28T14:41:27","modified_gmt":"2019-02-28T14:41:27","slug":"apstrade","status":"publish","type":"page","link":"https:\/\/www.buefa.ee\/lv\/zinatiba\/apstrade\/","title":{"rendered":"Apstr\u0101de"},"content":{"rendered":"<p>M\u0113s cen\u0161amies atbalst\u012bt J\u016bs produktu un apstr\u0101des meto\u017eu izv\u0113l\u0113, un varam pied\u0101v\u0101t Jums tehnisko pal\u012bdz\u012bbu uz vietas, k\u0101 ar\u012b piel\u0101gotus risin\u0101jumus, kad vien tas ir nepiecie\u0161ams. M\u016bsu speci\u0101listi labpr\u0101t Jums pal\u012bdz\u0113s.<\/p>\n<p>Jau \u0161obr\u012bd daudz uz\u0146\u0113mumu pa\u013caujas uz m\u016bsu darb\u012bbu, un m\u0113s ceram, ka ar\u012b j\u016bs esat m\u016bsu lielaj\u0101 kompoz\u012btmateri\u0101lu lietot\u0101ju saim\u0113. \u201cB\u00dcFA\u201d grupa Jums nodro\u0161ina ekspertu grupu, kas pal\u012bdz\u0113s un vad\u012bs J\u016bs, \u013caujot \u012bstenot J\u016bsu projektus. Sazinieties ar mums un izkl\u0101stiet savas vajadz\u012bbas, un m\u0113s b\u016bsim priec\u012bgi Jums pal\u012bdz\u0113t. L\u016bk, pirmais p\u0101rskats;<\/p>\n<p><strong>Manu\u0101l\u0101 lamin\u0113\u0161ana: <\/strong>Zem\u0101k\u0101s invest\u012bciju izmaksas, maksim\u0101la br\u012bv\u012bba komponentu projekt\u0113\u0161an\u0101. T\u0101s ir divas galven\u0101s \u0161\u012b procesa priek\u0161roc\u012bbas, bet tre\u0161\u0101 \u2013 liel\u0101 piem\u0113roto \u0161\u0137iedras pusfabrik\u0101tu daudzveid\u012bba.<\/p>\n<p><strong>\u0160\u0137iedras smidzin\u0101\u0161ana:<\/strong> \u0160aj\u0101 pilnveidotaj\u0101 manu\u0101l\u0101s lamin\u0113\u0161anas darbar\u012bk\u0101 materi\u0101la uzkl\u0101\u0161ana ir da\u013c\u0113ji mehaniz\u0113ta. \u0160\u0137iedru smidzin\u0101\u0161anas gad\u012bjum\u0101 izmantotais materi\u0101ls tiek izmantots gandr\u012bz bez atkritumiem.<\/p>\n<p><strong>Lie\u0161ana: <\/strong>Aktiv\u0113to sve\u0137u lie\u0161ana tiek veikta manu\u0101li vai ar doz\u0113\u0161anas iek\u0101rtu dobaj\u0101 veidn\u0113, kur tie sasaist\u0101s un saciet\u0113. Daudzos gad\u012bjumos sve\u0137i tiek samais\u012bti ar pildviel\u0101m, lai saciet\u0113\u0161anas laik\u0101 nodro\u0161in\u0101tu maz\u0101ku rukumu vai samazin\u0101tu izejmateri\u0101lu izmaksas.<\/p>\n<p><strong>T\u012b\u0161ana:<\/strong> Materi\u0101ls (parasti tekstur\u0113tie diegi) tiek izvad\u012bts caur impregn\u0113\u0161anas vannu ar reakcijas sve\u0137iem un ar kas\u012bkli padots uz iekl\u0101\u0161anas galvu. T\u0101 tekstur\u0113tais diegs tiek novietots uz rot\u0113jo\u0161\u0101 serde\u0146a.<\/p>\n<p><strong>Pultr\u016bzija:<\/strong> Nep\u0101rtraukts process stie\u0146u, cauru\u013cu un profil\u0113to materi\u0101lu ra\u017eo\u0161anai, ko sauc ar\u012b par pultr\u016bziju<\/p>\n<p><strong>Vakuuma inf\u016bzija:<\/strong> \u0160\u012bs metodes priek\u0161roc\u012bba, sal\u012bdzinot ar manu\u0101lo lamin\u0113\u0161anu, ir liel\u0101ka reproduc\u0113jam\u012bba \u0161\u0137iedru tilpuma satura zi\u0146\u0101.<\/p>\n<p><strong>Ra\u017eo\u0161anas laidiens: <\/strong>Sve\u0137u iesmidzin\u0101\u0161anas process vai sve\u0137u p\u0101rne\u0161anas lie\u0161ana. Izmaksu zi\u0146\u0101 izdev\u012bgs process abpus\u0113ji gludu deta\u013cu ra\u017eo\u0161anas s\u0113rij\u0101m ar mazu un vid\u0113ju apjomu.<\/p>\n","protected":false},"excerpt":{"rendered":"<p>M\u0113s cen\u0161amies atbalst\u012bt J\u016bs produktu un apstr\u0101des meto\u017eu izv\u0113l\u0113, un varam pied\u0101v\u0101t Jums tehnisko pal\u012bdz\u012bbu uz vietas, k\u0101 ar\u012b piel\u0101gotus risin\u0101jumus, kad vien tas ir nepiecie\u0161ams. M\u016bsu speci\u0101listi labpr\u0101t Jums pal\u012bdz\u0113s.<\/p>\n","protected":false},"author":1,"featured_media":2960,"parent":2921,"menu_order":0,"comment_status":"closed","ping_status":"closed","template":"","meta":[],"yoast_head":"<!-- This site is optimized with the Yoast SEO plugin v16.0.2 - https:\/\/yoast.com\/wordpress\/plugins\/seo\/ -->\n<title>Apstr\u0101de - B\u00dcFA<\/title>\n<link rel=\"canonical\" href=\"https:\/\/www.buefa.ee\/lv\/zinatiba\/apstrade\/\" \/>\n<meta property=\"og:locale\" content=\"lv_LV\" \/>\n<meta property=\"og:type\" content=\"article\" \/>\n<meta property=\"og:title\" content=\"Apstr\u0101de - B\u00dcFA\" \/>\n<meta property=\"og:description\" content=\"M\u0113s cen\u0161amies atbalst\u012bt J\u016bs produktu un apstr\u0101des meto\u017eu izv\u0113l\u0113, un varam pied\u0101v\u0101t Jums tehnisko pal\u012bdz\u012bbu uz vietas, k\u0101 ar\u012b piel\u0101gotus risin\u0101jumus, kad vien tas ir nepiecie\u0161ams. M\u016bsu speci\u0101listi labpr\u0101t Jums pal\u012bdz\u0113s.\" \/>\n<meta property=\"og:url\" content=\"https:\/\/www.buefa.ee\/lv\/zinatiba\/apstrade\/\" \/>\n<meta property=\"og:site_name\" content=\"B\u00dcFA\" \/>\n<meta property=\"article:modified_time\" content=\"2019-02-28T14:41:27+00:00\" \/>\n<meta property=\"og:image\" content=\"https:\/\/www.buefa.ee\/wp-content\/uploads\/2018\/10\/Process-1024x683.jpg\" \/>\n\t<meta property=\"og:image:width\" content=\"1024\" \/>\n\t<meta property=\"og:image:height\" content=\"683\" \/>\n<meta name=\"twitter:card\" content=\"summary_large_image\" \/>\n<meta name=\"twitter:label1\" content=\"Est. reading time\">\n\t<meta name=\"twitter:data1\" content=\"2 minutes\">\n<script type=\"application\/ld+json\" class=\"yoast-schema-graph\">{\"@context\":\"https:\/\/schema.org\",\"@graph\":[{\"@type\":\"WebSite\",\"@id\":\"https:\/\/www.buefa.ee\/#website\",\"url\":\"https:\/\/www.buefa.ee\/\",\"name\":\"B\\u00dcFA\",\"description\":\"New Chemistry, composite raw materials, komposiit materjalid\",\"potentialAction\":[{\"@type\":\"SearchAction\",\"target\":\"https:\/\/www.buefa.ee\/?s={search_term_string}\",\"query-input\":\"required name=search_term_string\"}],\"inLanguage\":\"lv-LV\"},{\"@type\":\"ImageObject\",\"@id\":\"https:\/\/www.buefa.ee\/lv\/zinatiba\/apstrade\/#primaryimage\",\"inLanguage\":\"lv-LV\",\"url\":\"https:\/\/www.buefa.ee\/wp-content\/uploads\/2018\/10\/Process.jpg\",\"width\":5616,\"height\":3744},{\"@type\":\"WebPage\",\"@id\":\"https:\/\/www.buefa.ee\/lv\/zinatiba\/apstrade\/#webpage\",\"url\":\"https:\/\/www.buefa.ee\/lv\/zinatiba\/apstrade\/\",\"name\":\"Apstr\\u0101de - B\\u00dcFA\",\"isPartOf\":{\"@id\":\"https:\/\/www.buefa.ee\/#website\"},\"primaryImageOfPage\":{\"@id\":\"https:\/\/www.buefa.ee\/lv\/zinatiba\/apstrade\/#primaryimage\"},\"datePublished\":\"2018-10-28T15:09:48+00:00\",\"dateModified\":\"2019-02-28T14:41:27+00:00\",\"breadcrumb\":{\"@id\":\"https:\/\/www.buefa.ee\/lv\/zinatiba\/apstrade\/#breadcrumb\"},\"inLanguage\":\"lv-LV\",\"potentialAction\":[{\"@type\":\"ReadAction\",\"target\":[\"https:\/\/www.buefa.ee\/lv\/zinatiba\/apstrade\/\"]}]},{\"@type\":\"BreadcrumbList\",\"@id\":\"https:\/\/www.buefa.ee\/lv\/zinatiba\/apstrade\/#breadcrumb\",\"itemListElement\":[{\"@type\":\"ListItem\",\"position\":1,\"item\":{\"@type\":\"WebPage\",\"@id\":\"https:\/\/www.buefa.ee\/lv\/\",\"url\":\"https:\/\/www.buefa.ee\/lv\/\",\"name\":\"Home\"}},{\"@type\":\"ListItem\",\"position\":2,\"item\":{\"@type\":\"WebPage\",\"@id\":\"https:\/\/www.buefa.ee\/lv\/zinatiba\/\",\"url\":\"https:\/\/www.buefa.ee\/lv\/zinatiba\/\",\"name\":\"Zin\\u0101t\\u012bba\"}},{\"@type\":\"ListItem\",\"position\":3,\"item\":{\"@type\":\"WebPage\",\"@id\":\"https:\/\/www.buefa.ee\/lv\/zinatiba\/apstrade\/\",\"url\":\"https:\/\/www.buefa.ee\/lv\/zinatiba\/apstrade\/\",\"name\":\"Apstr\\u0101de\"}}]}]}<\/script>\n<!-- \/ Yoast SEO plugin. -->","_links":{"self":[{"href":"https:\/\/www.buefa.ee\/lv\/wp-json\/wp\/v2\/pages\/2959"}],"collection":[{"href":"https:\/\/www.buefa.ee\/lv\/wp-json\/wp\/v2\/pages"}],"about":[{"href":"https:\/\/www.buefa.ee\/lv\/wp-json\/wp\/v2\/types\/page"}],"author":[{"embeddable":true,"href":"https:\/\/www.buefa.ee\/lv\/wp-json\/wp\/v2\/users\/1"}],"replies":[{"embeddable":true,"href":"https:\/\/www.buefa.ee\/lv\/wp-json\/wp\/v2\/comments?post=2959"}],"version-history":[{"count":1,"href":"https:\/\/www.buefa.ee\/lv\/wp-json\/wp\/v2\/pages\/2959\/revisions"}],"predecessor-version":[{"id":2970,"href":"https:\/\/www.buefa.ee\/lv\/wp-json\/wp\/v2\/pages\/2959\/revisions\/2970"}],"up":[{"embeddable":true,"href":"https:\/\/www.buefa.ee\/lv\/wp-json\/wp\/v2\/pages\/2921"}],"wp:featuredmedia":[{"embeddable":true,"href":"https:\/\/www.buefa.ee\/lv\/wp-json\/wp\/v2\/media\/2960"}],"wp:attachment":[{"href":"https:\/\/www.buefa.ee\/lv\/wp-json\/wp\/v2\/media?parent=2959"}],"curies":[{"name":"wp","href":"https:\/\/api.w.org\/{rel}","templated":true}]}}