{"id":2973,"date":"2018-10-28T15:26:53","date_gmt":"2018-10-28T15:26:53","guid":{"rendered":"https:\/\/www.buefa.ee\/zinatiba\/machine-engineering\/"},"modified":"2019-02-28T14:45:59","modified_gmt":"2019-02-28T14:45:59","slug":"masinbuve","status":"publish","type":"page","link":"https:\/\/www.buefa.ee\/lv\/zinatiba\/masinbuve\/","title":{"rendered":"Ma\u0161\u012bnb\u016bve"},"content":{"rendered":"<p>Ikvienam ra\u017eo\u0161anas procesam tiek izvirz\u012btas at\u0161\u0137ir\u012bgas pras\u012bbas un l\u012bdz ar to ar\u012b at\u0161\u0137ir\u012bgi apkopes nosac\u012bjumi. Sist\u0113mas veids un vecums, smidzin\u0101\u0161ana vai lamin\u0113\u0161anas jauda, k\u0101 ar\u012b apm\u0101c\u012bto darbinieku skaits ir tikai da\u017ei aspekti, kas ietekm\u0113 pakalpojumu apjomu.<\/p>\n<p>J\u016bsu izlem\u0161an\u0101 ir pakalpojumu apjoms, kas atbilst J\u016bsu pa\u0161reiz\u0113j\u0101m vajadz\u012bb\u0101m, un kop\u0101 ar \u201cB\u00dcFA Tec\u201d m\u0113s apr\u0113\u0137in\u0101sim izmaksas, kas b\u016bs saist\u012btas ar apkalpo\u0161anu:<\/p>\n<ul>\n<li>Sist\u0113mas atbalsts vis\u0101 ekspluat\u0101cijas period\u0101.<\/li>\n<li>Sist\u0113mas p\u0101rbaude un uztur\u0113\u0161ana, ko nodro\u0161ina m\u016bsu apkopes speci\u0101lists (atkar\u012bb\u0101 no ekspluat\u0101cijas stund\u0101m \u2013 vienreiz vai divreiz gad\u0101).<\/li>\n<li>Nodilumam pak\u013cauto deta\u013cu nomai\u0146a (piem\u0113ram, s\u016bk\u0146a bl\u012bv\u0113jumi un bl\u012bves), kam seko darb\u012bbas p\u0101rbaude.<\/li>\n<li>Iek\u0101rtu iestat\u012bjumu optimiz\u0101cija, lai samazin\u0101tu emisijas un p\u0101rsmidzin\u0101\u0161anu.<\/li>\n<li>M\u016bsu in\u017eenieru un tehni\u0137u nodro\u0161in\u0101t\u0101 profesion\u0101l\u0101 konsult\u0113\u0161ana par projektu.<\/li>\n<li>J\u016bsu darbinieku apm\u0101c\u012bba, koncentr\u0113joties uz ma\u0161\u012bnu ekspluat\u0101ciju, apkopi un remontu.<\/li>\n<li>Izmantojiet m\u016bsu speci\u0101listu zin\u0101\u0161anas. L\u016bdzu, nekav\u0113jieties mums piezvan\u012bt \u2013 m\u0113s vienm\u0113r priec\u0101jamies par iesp\u0113ju sniegt pal\u012bdz\u012bbu!<\/li>\n<\/ul>\n<p>M\u016bsu in\u017eenieri un tehni\u0137i izstr\u0101d\u0101, pieg\u0101d\u0101 un uzst\u0101da J\u016bsu vajadz\u012bb\u0101m piel\u0101gotus risin\u0101jumus.<\/p>\n<ul>\n<li>\u012apa\u0161\u0101s sist\u0113mas<\/li>\n<li>Tvertnes, konteineri<\/li>\n<li>Materi\u0101la pieg\u0101de<\/li>\n<li>Mais\u012b\u0161anas un izklied\u0113\u0161anas tehnolo\u0123ija<\/li>\n<li>Uzpildes l\u012bme\u0146a un pl\u016bsmas uzraudz\u012bbas sist\u0113mas reproduc\u0113jamiem un optimiz\u0113tiem procesiem<\/li>\n<li>Procesa datu vizualiz\u0101cija, k\u0101 ar\u012b ilgtermi\u0146a re\u0123istr\u0113\u0161ana<\/li>\n<li>Integr\u0101l\u0101s pielietojuma sist\u0113mas<\/li>\n<\/ul>\n","protected":false},"excerpt":{"rendered":"<p>Ikvienam ra\u017eo\u0161anas procesam tiek izvirz\u012btas at\u0161\u0137ir\u012bgas pras\u012bbas un l\u012bdz ar to ar\u012b at\u0161\u0137ir\u012bgi apkopes nosac\u012bjumi.<\/p>\n","protected":false},"author":1,"featured_media":2974,"parent":2921,"menu_order":0,"comment_status":"closed","ping_status":"closed","template":"","meta":[],"yoast_head":"<!-- This site is optimized with the Yoast SEO plugin v16.0.2 - https:\/\/yoast.com\/wordpress\/plugins\/seo\/ -->\n<title>Ma\u0161\u012bnb\u016bve - B\u00dcFA<\/title>\n<link rel=\"canonical\" href=\"https:\/\/www.buefa.ee\/lv\/zinatiba\/masinbuve\/\" \/>\n<meta property=\"og:locale\" content=\"lv_LV\" \/>\n<meta property=\"og:type\" content=\"article\" \/>\n<meta property=\"og:title\" content=\"Ma\u0161\u012bnb\u016bve - B\u00dcFA\" \/>\n<meta property=\"og:description\" content=\"Ikvienam ra\u017eo\u0161anas procesam tiek izvirz\u012btas at\u0161\u0137ir\u012bgas pras\u012bbas un l\u012bdz ar to ar\u012b at\u0161\u0137ir\u012bgi apkopes nosac\u012bjumi.\" \/>\n<meta property=\"og:url\" content=\"https:\/\/www.buefa.ee\/lv\/zinatiba\/masinbuve\/\" \/>\n<meta property=\"og:site_name\" content=\"B\u00dcFA\" \/>\n<meta property=\"article:modified_time\" content=\"2019-02-28T14:45:59+00:00\" \/>\n<meta property=\"og:image\" content=\"https:\/\/www.buefa.ee\/wp-content\/uploads\/2018\/12\/Machine-Engineering-pilt.png\" \/>\n\t<meta property=\"og:image:width\" content=\"1000\" \/>\n\t<meta property=\"og:image:height\" content=\"1240\" \/>\n<meta name=\"twitter:card\" content=\"summary_large_image\" \/>\n<meta name=\"twitter:label1\" content=\"Est. reading time\">\n\t<meta name=\"twitter:data1\" content=\"1 minute\">\n<script type=\"application\/ld+json\" class=\"yoast-schema-graph\">{\"@context\":\"https:\/\/schema.org\",\"@graph\":[{\"@type\":\"WebSite\",\"@id\":\"https:\/\/www.buefa.ee\/#website\",\"url\":\"https:\/\/www.buefa.ee\/\",\"name\":\"B\\u00dcFA\",\"description\":\"New Chemistry, composite raw materials, komposiit materjalid\",\"potentialAction\":[{\"@type\":\"SearchAction\",\"target\":\"https:\/\/www.buefa.ee\/?s={search_term_string}\",\"query-input\":\"required name=search_term_string\"}],\"inLanguage\":\"lv-LV\"},{\"@type\":\"ImageObject\",\"@id\":\"https:\/\/www.buefa.ee\/lv\/zinatiba\/masinbuve\/#primaryimage\",\"inLanguage\":\"lv-LV\",\"url\":\"https:\/\/www.buefa.ee\/wp-content\/uploads\/2018\/12\/Machine-Engineering-pilt.png\",\"width\":1000,\"height\":1240},{\"@type\":\"WebPage\",\"@id\":\"https:\/\/www.buefa.ee\/lv\/zinatiba\/masinbuve\/#webpage\",\"url\":\"https:\/\/www.buefa.ee\/lv\/zinatiba\/masinbuve\/\",\"name\":\"Ma\\u0161\\u012bnb\\u016bve - B\\u00dcFA\",\"isPartOf\":{\"@id\":\"https:\/\/www.buefa.ee\/#website\"},\"primaryImageOfPage\":{\"@id\":\"https:\/\/www.buefa.ee\/lv\/zinatiba\/masinbuve\/#primaryimage\"},\"datePublished\":\"2018-10-28T15:26:53+00:00\",\"dateModified\":\"2019-02-28T14:45:59+00:00\",\"breadcrumb\":{\"@id\":\"https:\/\/www.buefa.ee\/lv\/zinatiba\/masinbuve\/#breadcrumb\"},\"inLanguage\":\"lv-LV\",\"potentialAction\":[{\"@type\":\"ReadAction\",\"target\":[\"https:\/\/www.buefa.ee\/lv\/zinatiba\/masinbuve\/\"]}]},{\"@type\":\"BreadcrumbList\",\"@id\":\"https:\/\/www.buefa.ee\/lv\/zinatiba\/masinbuve\/#breadcrumb\",\"itemListElement\":[{\"@type\":\"ListItem\",\"position\":1,\"item\":{\"@type\":\"WebPage\",\"@id\":\"https:\/\/www.buefa.ee\/lv\/\",\"url\":\"https:\/\/www.buefa.ee\/lv\/\",\"name\":\"Home\"}},{\"@type\":\"ListItem\",\"position\":2,\"item\":{\"@type\":\"WebPage\",\"@id\":\"https:\/\/www.buefa.ee\/lv\/zinatiba\/\",\"url\":\"https:\/\/www.buefa.ee\/lv\/zinatiba\/\",\"name\":\"Zin\\u0101t\\u012bba\"}},{\"@type\":\"ListItem\",\"position\":3,\"item\":{\"@type\":\"WebPage\",\"@id\":\"https:\/\/www.buefa.ee\/lv\/zinatiba\/masinbuve\/\",\"url\":\"https:\/\/www.buefa.ee\/lv\/zinatiba\/masinbuve\/\",\"name\":\"Ma\\u0161\\u012bnb\\u016bve\"}}]}]}<\/script>\n<!-- \/ Yoast SEO plugin. -->","_links":{"self":[{"href":"https:\/\/www.buefa.ee\/lv\/wp-json\/wp\/v2\/pages\/2973"}],"collection":[{"href":"https:\/\/www.buefa.ee\/lv\/wp-json\/wp\/v2\/pages"}],"about":[{"href":"https:\/\/www.buefa.ee\/lv\/wp-json\/wp\/v2\/types\/page"}],"author":[{"embeddable":true,"href":"https:\/\/www.buefa.ee\/lv\/wp-json\/wp\/v2\/users\/1"}],"replies":[{"embeddable":true,"href":"https:\/\/www.buefa.ee\/lv\/wp-json\/wp\/v2\/comments?post=2973"}],"version-history":[{"count":1,"href":"https:\/\/www.buefa.ee\/lv\/wp-json\/wp\/v2\/pages\/2973\/revisions"}],"predecessor-version":[{"id":2986,"href":"https:\/\/www.buefa.ee\/lv\/wp-json\/wp\/v2\/pages\/2973\/revisions\/2986"}],"up":[{"embeddable":true,"href":"https:\/\/www.buefa.ee\/lv\/wp-json\/wp\/v2\/pages\/2921"}],"wp:featuredmedia":[{"embeddable":true,"href":"https:\/\/www.buefa.ee\/lv\/wp-json\/wp\/v2\/media\/2974"}],"wp:attachment":[{"href":"https:\/\/www.buefa.ee\/lv\/wp-json\/wp\/v2\/media?parent=2973"}],"curies":[{"name":"wp","href":"https:\/\/api.w.org\/{rel}","templated":true}]}}