{"id":2989,"date":"2018-10-28T15:29:41","date_gmt":"2018-10-28T15:29:41","guid":{"rendered":"https:\/\/www.buefa.ee\/zinatiba\/technical-documents\/"},"modified":"2019-02-28T14:49:59","modified_gmt":"2019-02-28T14:49:59","slug":"tehniskie-dokumenti","status":"publish","type":"page","link":"https:\/\/www.buefa.ee\/lv\/zinatiba\/tehniskie-dokumenti\/","title":{"rendered":"Tehniskie dokumenti"},"content":{"rendered":"<p><strong>Pieprasiet Jums nepiecie\u0161amo tehnisko dokumentu<\/strong><\/p>\n<p>L\u016bdzu, skatiet \u0161eit galveno atlasi par informat\u012bvajiem dokumentiem, kurus m\u0113s varam nodro\u0161in\u0101t p\u0113c piepras\u012bjuma.<\/p>\n<ul>\n<li>MSDS &#8211; Materi\u0101la dro\u0161\u012bbas datu lapa<\/li>\n<li>TDS- Tehnisko datu lapa<\/li>\n<li>CoA &#8211; Anal\u012bzes apliec\u012bba<\/li>\n<li>GL, DNV, RINA standartu pras\u012bbas apliecino\u0161i sertifik\u0101ti<\/li>\n<\/ul>\n<p>Ja Jums ir jebk\u0101di jaut\u0101jumi, l\u016bdzu, sazinieties ar mums.<\/p>\n","protected":false},"excerpt":{"rendered":"<p>Pieprasiet Jums nepiecie\u0161amo tehnisko dokumentu<\/p>\n","protected":false},"author":1,"featured_media":2990,"parent":2921,"menu_order":0,"comment_status":"closed","ping_status":"closed","template":"","meta":[],"yoast_head":"<!-- This site is optimized with the Yoast SEO plugin v16.0.2 - https:\/\/yoast.com\/wordpress\/plugins\/seo\/ -->\n<title>Tehniskie dokumenti - B\u00dcFA<\/title>\n<link rel=\"canonical\" href=\"https:\/\/www.buefa.ee\/lv\/zinatiba\/tehniskie-dokumenti\/\" \/>\n<meta property=\"og:locale\" content=\"lv_LV\" \/>\n<meta property=\"og:type\" content=\"article\" \/>\n<meta property=\"og:title\" content=\"Tehniskie dokumenti - B\u00dcFA\" \/>\n<meta property=\"og:description\" content=\"Pieprasiet Jums nepiecie\u0161amo tehnisko dokumentu\" \/>\n<meta property=\"og:url\" content=\"https:\/\/www.buefa.ee\/lv\/zinatiba\/tehniskie-dokumenti\/\" \/>\n<meta property=\"og:site_name\" content=\"B\u00dcFA\" \/>\n<meta property=\"article:modified_time\" content=\"2019-02-28T14:49:59+00:00\" \/>\n<meta property=\"og:image\" content=\"https:\/\/www.buefa.ee\/wp-content\/uploads\/2018\/10\/3978_1024_1024.png\" \/>\n\t<meta property=\"og:image:width\" content=\"1024\" \/>\n\t<meta property=\"og:image:height\" content=\"683\" \/>\n<meta name=\"twitter:card\" content=\"summary_large_image\" \/>\n<script type=\"application\/ld+json\" class=\"yoast-schema-graph\">{\"@context\":\"https:\/\/schema.org\",\"@graph\":[{\"@type\":\"WebSite\",\"@id\":\"https:\/\/www.buefa.ee\/#website\",\"url\":\"https:\/\/www.buefa.ee\/\",\"name\":\"B\\u00dcFA\",\"description\":\"New Chemistry, composite raw materials, komposiit materjalid\",\"potentialAction\":[{\"@type\":\"SearchAction\",\"target\":\"https:\/\/www.buefa.ee\/?s={search_term_string}\",\"query-input\":\"required name=search_term_string\"}],\"inLanguage\":\"lv-LV\"},{\"@type\":\"ImageObject\",\"@id\":\"https:\/\/www.buefa.ee\/lv\/zinatiba\/tehniskie-dokumenti\/#primaryimage\",\"inLanguage\":\"lv-LV\",\"url\":\"https:\/\/www.buefa.ee\/wp-content\/uploads\/2018\/10\/3978_1024_1024.png\",\"width\":1024,\"height\":683},{\"@type\":\"WebPage\",\"@id\":\"https:\/\/www.buefa.ee\/lv\/zinatiba\/tehniskie-dokumenti\/#webpage\",\"url\":\"https:\/\/www.buefa.ee\/lv\/zinatiba\/tehniskie-dokumenti\/\",\"name\":\"Tehniskie dokumenti - B\\u00dcFA\",\"isPartOf\":{\"@id\":\"https:\/\/www.buefa.ee\/#website\"},\"primaryImageOfPage\":{\"@id\":\"https:\/\/www.buefa.ee\/lv\/zinatiba\/tehniskie-dokumenti\/#primaryimage\"},\"datePublished\":\"2018-10-28T15:29:41+00:00\",\"dateModified\":\"2019-02-28T14:49:59+00:00\",\"breadcrumb\":{\"@id\":\"https:\/\/www.buefa.ee\/lv\/zinatiba\/tehniskie-dokumenti\/#breadcrumb\"},\"inLanguage\":\"lv-LV\",\"potentialAction\":[{\"@type\":\"ReadAction\",\"target\":[\"https:\/\/www.buefa.ee\/lv\/zinatiba\/tehniskie-dokumenti\/\"]}]},{\"@type\":\"BreadcrumbList\",\"@id\":\"https:\/\/www.buefa.ee\/lv\/zinatiba\/tehniskie-dokumenti\/#breadcrumb\",\"itemListElement\":[{\"@type\":\"ListItem\",\"position\":1,\"item\":{\"@type\":\"WebPage\",\"@id\":\"https:\/\/www.buefa.ee\/lv\/\",\"url\":\"https:\/\/www.buefa.ee\/lv\/\",\"name\":\"Home\"}},{\"@type\":\"ListItem\",\"position\":2,\"item\":{\"@type\":\"WebPage\",\"@id\":\"https:\/\/www.buefa.ee\/lv\/zinatiba\/\",\"url\":\"https:\/\/www.buefa.ee\/lv\/zinatiba\/\",\"name\":\"Zin\\u0101t\\u012bba\"}},{\"@type\":\"ListItem\",\"position\":3,\"item\":{\"@type\":\"WebPage\",\"@id\":\"https:\/\/www.buefa.ee\/lv\/zinatiba\/tehniskie-dokumenti\/\",\"url\":\"https:\/\/www.buefa.ee\/lv\/zinatiba\/tehniskie-dokumenti\/\",\"name\":\"Tehniskie dokumenti\"}}]}]}<\/script>\n<!-- \/ Yoast SEO plugin. -->","_links":{"self":[{"href":"https:\/\/www.buefa.ee\/lv\/wp-json\/wp\/v2\/pages\/2989"}],"collection":[{"href":"https:\/\/www.buefa.ee\/lv\/wp-json\/wp\/v2\/pages"}],"about":[{"href":"https:\/\/www.buefa.ee\/lv\/wp-json\/wp\/v2\/types\/page"}],"author":[{"embeddable":true,"href":"https:\/\/www.buefa.ee\/lv\/wp-json\/wp\/v2\/users\/1"}],"replies":[{"embeddable":true,"href":"https:\/\/www.buefa.ee\/lv\/wp-json\/wp\/v2\/comments?post=2989"}],"version-history":[{"count":1,"href":"https:\/\/www.buefa.ee\/lv\/wp-json\/wp\/v2\/pages\/2989\/revisions"}],"predecessor-version":[{"id":2999,"href":"https:\/\/www.buefa.ee\/lv\/wp-json\/wp\/v2\/pages\/2989\/revisions\/2999"}],"up":[{"embeddable":true,"href":"https:\/\/www.buefa.ee\/lv\/wp-json\/wp\/v2\/pages\/2921"}],"wp:featuredmedia":[{"embeddable":true,"href":"https:\/\/www.buefa.ee\/lv\/wp-json\/wp\/v2\/media\/2990"}],"wp:attachment":[{"href":"https:\/\/www.buefa.ee\/lv\/wp-json\/wp\/v2\/media?parent=2989"}],"curies":[{"name":"wp","href":"https:\/\/api.w.org\/{rel}","templated":true}]}}