{"id":3016,"date":"2018-07-23T08:01:03","date_gmt":"2018-07-23T08:01:03","guid":{"rendered":"https:\/\/www.buefa.ee\/about\/"},"modified":"2019-03-01T11:53:51","modified_gmt":"2019-03-01T11:53:51","slug":"par-mums","status":"publish","type":"page","link":"https:\/\/www.buefa.ee\/lv\/par-mums\/","title":{"rendered":"Par mums"},"content":{"rendered":"<p><strong>M\u0113s apkalpojam klientus kompoz\u012btmateri\u0101lu uz\u0146\u0113m\u0113jdarb\u012bbas jom\u0101, nodro\u0161inot piel\u0101gotus kompoz\u012btmateri\u0101lu produktus un kompleksus risin\u0101jumus. M\u0113s k\u0101 sist\u0113mas pieg\u0101d\u0101t\u0101js izce\u013camies ar\u012b ar izciliem tehniskajiem pakalpojumiem un visaptvero\u0161o zin\u0101t\u012bbu par iek\u0101rt\u0101m un to pielietojumu.<\/strong><\/p>\n<h3>Pieeja<\/h3>\n<p>Mums k\u0101 \u0123imenes uz\u0146\u0113mumam ar sen\u0101m trad\u012bcij\u0101m galvenais nav ceturk\u0161\u0146a darb\u012bbas rezult\u0101ti, bet gan izaugsme paaud\u017eu garum\u0101. M\u016bsu darb\u012bbas pamat\u0101 ir uz\u0146\u0113muma att\u012bst\u012bba ilgtermi\u0146\u0101.<\/p>\n<p>Neskatoties uz to, m\u0113s zin\u0101m, ka vien\u012bgais nemain\u012bgais lielums dz\u012bv\u0113 ir p\u0101rmai\u0146as. M\u0113s k\u0101 neatkar\u012bgs, vid\u0113ji liels \u0123imenes uz\u0146\u0113mums esam inovat\u012bvi, \u0101tri un elast\u012bgi, attiec\u012bgi piel\u0101gojoties m\u016bsu klientu pras\u012bb\u0101m un main\u012bgajiem tirgus apst\u0101k\u013ciem, k\u0101 ar\u012b izaicin\u0101jumiem ekolo\u0123ijas aspektos. M\u016bsu attieksme pret uz\u0146\u0113m\u0113jdarb\u012bbu atspogu\u013cojas vis\u0101 grup\u0101.<\/p>\n<p><a href=\"#related-brochures\">Iepaz\u012bstieties ar \u201cB\u00fcfa\u201d darb\u012bbas principiem zem\u0101k eso\u0161aj\u0101 PDF fail\u0101 un videoierakst\u0101<\/a><\/p>\n<h3>Kompoz\u012btmateri\u0101li<\/h3>\n<p>\u201cB\u00dcFA Composite Systems\u201d ir sist\u0113mu pieg\u0101d\u0101t\u0101js, kas pied\u0101v\u0101 inovat\u012bvus, \u012bpa\u0161i piel\u0101gotus kompoz\u012btmateri\u0101lu izstr\u0101d\u0101jumus, izcilu tehnisko apkalpo\u0161anu, piln\u012bgus risin\u0101jumus un apr\u012bkojumu, k\u0101 ar\u012b zin\u0101\u0161anas par pielietojumiem.<\/p>\n<p>Pla\u0161ais tehnolo\u0123iju kl\u0101sts, ko pied\u0101v\u0101 \u201cB\u00dcFA Composite Systems\u201d, ir \u013c\u0101vis rad\u012bt uzlabojumus automobi\u013cu, dzelzce\u013ca transporta, v\u0113ja ener\u0123ijas, celtniec\u012bbas, sanit\u0101r\u0101s tehnikas, cisternu un cauru\u013cu, k\u0101 ari j\u016brniec\u012bbas un atp\u016btas nozares ra\u017eot\u0101jiem.<\/p>\n<h3>Ilgtsp\u0113ja<\/h3>\n<p>\u201cB\u00dcFA Composite Systems\u201d kl\u0101st\u0101 ir vair\u0101k nek\u0101 50% kobaltu nesaturo\u0161u produktu.<\/p>\n<p>M\u0113s str\u0101d\u0101jam da\u017e\u0101d\u0101s jom\u0101s, lai m\u016bsu izstr\u0101d\u0101tie produkti b\u016btu ilgtsp\u0113j\u012bg\u0101ki. Kop\u0161 pag\u0101ju\u0161\u0101 gada m\u0113s k\u0101 izejvielu izmantojam ekolo\u0123iskos sve\u0137us, kas sast\u0101v no aptuveni 40% atk\u0101rtoti p\u0101rstr\u0101d\u0101tu izejmateri\u0101lu.<\/p>\n<p>Neskait\u0101mos projektu m\u0113s str\u0101d\u0101jam pie bezstirola sist\u0113m\u0101m, kuras pal\u012bdz p\u0101rstr\u0101des uz\u0146\u0113mumiem samazin\u0101t emisijas un pies\u0101r\u0146ojumu ar GOS (gaisto\u0161ie organiskie savienojumi). V\u0113l viens piem\u0113rs, k\u0101 izvair\u012bties no GOS izmanto\u0161anas, ir \u201cB\u00dcFA\u00ae-AE-Cleaner\u201d\u00a0\u2013 tas ir \u013coti efekt\u012bvs t\u012br\u012b\u0161anas l\u012bdzeklis, ar ko lietot\u0101ji labpr\u0101t aizst\u0101j parastos t\u012br\u012b\u0161anas l\u012bdzek\u013cus, piem\u0113ram, acetonu.<\/p>\n<p>Turkl\u0101t \u201cB\u00dcFA Composite Systems\u201d ir izstr\u0101d\u0101jis \u201cB\u00dcFA putojo\u0161o sve\u0137u pilno sist\u0113mu\u201d. Materi\u0101la puto\u0161ana nodro\u0161ina komponentu svara samazin\u0101jumu par l\u012bdz pat 45%.<\/p>\n","protected":false},"excerpt":{"rendered":"<p>.<\/p>\n","protected":false},"author":1,"featured_media":0,"parent":0,"menu_order":0,"comment_status":"closed","ping_status":"closed","template":"templates\/about.php","meta":[],"yoast_head":"<!-- This site is optimized with the Yoast SEO plugin v16.0.2 - https:\/\/yoast.com\/wordpress\/plugins\/seo\/ -->\n<title>Par mums - B\u00dcFA<\/title>\n<link rel=\"canonical\" href=\"https:\/\/www.buefa.ee\/lv\/par-mums\/\" \/>\n<meta property=\"og:locale\" content=\"lv_LV\" \/>\n<meta property=\"og:type\" content=\"article\" \/>\n<meta property=\"og:title\" content=\"Par mums - B\u00dcFA\" \/>\n<meta property=\"og:description\" content=\".\" \/>\n<meta property=\"og:url\" content=\"https:\/\/www.buefa.ee\/lv\/par-mums\/\" \/>\n<meta property=\"og:site_name\" content=\"B\u00dcFA\" \/>\n<meta property=\"article:modified_time\" content=\"2019-03-01T11:53:51+00:00\" \/>\n<meta property=\"og:image\" content=\"https:\/\/www.buefa.ee\/wp-content\/uploads\/2018\/12\/FB-share.png\" \/>\n\t<meta property=\"og:image:width\" content=\"1200\" \/>\n\t<meta property=\"og:image:height\" content=\"630\" \/>\n<meta name=\"twitter:card\" content=\"summary_large_image\" \/>\n<meta name=\"twitter:label1\" content=\"Est. reading time\">\n\t<meta name=\"twitter:data1\" content=\"2 minutes\">\n<script type=\"application\/ld+json\" class=\"yoast-schema-graph\">{\"@context\":\"https:\/\/schema.org\",\"@graph\":[{\"@type\":\"WebSite\",\"@id\":\"https:\/\/www.buefa.ee\/#website\",\"url\":\"https:\/\/www.buefa.ee\/\",\"name\":\"B\\u00dcFA\",\"description\":\"New Chemistry, composite raw materials, komposiit materjalid\",\"potentialAction\":[{\"@type\":\"SearchAction\",\"target\":\"https:\/\/www.buefa.ee\/?s={search_term_string}\",\"query-input\":\"required name=search_term_string\"}],\"inLanguage\":\"lv-LV\"},{\"@type\":\"WebPage\",\"@id\":\"https:\/\/www.buefa.ee\/lv\/par-mums\/#webpage\",\"url\":\"https:\/\/www.buefa.ee\/lv\/par-mums\/\",\"name\":\"Par mums - B\\u00dcFA\",\"isPartOf\":{\"@id\":\"https:\/\/www.buefa.ee\/#website\"},\"datePublished\":\"2018-07-23T08:01:03+00:00\",\"dateModified\":\"2019-03-01T11:53:51+00:00\",\"breadcrumb\":{\"@id\":\"https:\/\/www.buefa.ee\/lv\/par-mums\/#breadcrumb\"},\"inLanguage\":\"lv-LV\",\"potentialAction\":[{\"@type\":\"ReadAction\",\"target\":[\"https:\/\/www.buefa.ee\/lv\/par-mums\/\"]}]},{\"@type\":\"BreadcrumbList\",\"@id\":\"https:\/\/www.buefa.ee\/lv\/par-mums\/#breadcrumb\",\"itemListElement\":[{\"@type\":\"ListItem\",\"position\":1,\"item\":{\"@type\":\"WebPage\",\"@id\":\"https:\/\/www.buefa.ee\/lv\/\",\"url\":\"https:\/\/www.buefa.ee\/lv\/\",\"name\":\"Home\"}},{\"@type\":\"ListItem\",\"position\":2,\"item\":{\"@type\":\"WebPage\",\"@id\":\"https:\/\/www.buefa.ee\/lv\/par-mums\/\",\"url\":\"https:\/\/www.buefa.ee\/lv\/par-mums\/\",\"name\":\"Par mums\"}}]}]}<\/script>\n<!-- \/ Yoast SEO plugin. -->","_links":{"self":[{"href":"https:\/\/www.buefa.ee\/lv\/wp-json\/wp\/v2\/pages\/3016"}],"collection":[{"href":"https:\/\/www.buefa.ee\/lv\/wp-json\/wp\/v2\/pages"}],"about":[{"href":"https:\/\/www.buefa.ee\/lv\/wp-json\/wp\/v2\/types\/page"}],"author":[{"embeddable":true,"href":"https:\/\/www.buefa.ee\/lv\/wp-json\/wp\/v2\/users\/1"}],"replies":[{"embeddable":true,"href":"https:\/\/www.buefa.ee\/lv\/wp-json\/wp\/v2\/comments?post=3016"}],"version-history":[{"count":2,"href":"https:\/\/www.buefa.ee\/lv\/wp-json\/wp\/v2\/pages\/3016\/revisions"}],"predecessor-version":[{"id":3316,"href":"https:\/\/www.buefa.ee\/lv\/wp-json\/wp\/v2\/pages\/3016\/revisions\/3316"}],"wp:attachment":[{"href":"https:\/\/www.buefa.ee\/lv\/wp-json\/wp\/v2\/media?parent=3016"}],"curies":[{"name":"wp","href":"https:\/\/api.w.org\/{rel}","templated":true}]}}