{"id":3872,"date":"2019-06-21T11:51:30","date_gmt":"2019-06-21T11:51:30","guid":{"rendered":"https:\/\/www.buefa.ee\/zinatiba\/bufa-composites-baltic-ou-general-terms-and-conditions-of-sale\/"},"modified":"2019-07-31T07:19:05","modified_gmt":"2019-07-31T07:19:05","slug":"bufa-composites-baltic-ou-general-terms-and-conditions-of-sale","status":"publish","type":"page","link":"https:\/\/www.buefa.ee\/lv\/zinatiba\/bufa-composites-baltic-ou-general-terms-and-conditions-of-sale\/","title":{"rendered":"\u201cB\u00fcfa Composites Baltic\u201d O\u00dc visp\u0101r\u012bgie p\u0101rdo\u0161anas noteikumi un nosac\u012bjumi"},"content":{"rendered":"<p>\u0160ie p\u0101rdo\u0161anas nosac\u012bjumi attiecas tikai uz m\u016bsu klientu pas\u016bt\u012bjumiem. Ja past\u0101v pretrunas starp p\u0101rdo\u0161anas nosac\u012bjumiem un pas\u016bt\u012bjuma tekstu vai pas\u016bt\u012bjum\u0101 min\u0113to dokumentu tekstu, tad noteico\u0161ie ir p\u0101rdo\u0161anas nosac\u012bjumi.<\/p>\n<p><a href=\"https:\/\/www.buefa.ee\/wp-content\/uploads\/2019\/07\/GTC-s-BU-FA.2016-08-19_ENG.pdf\" target=\"_blank\" rel=\"noopener noreferrer\">\u201cB\u00fcfa Composites Baltic\u201d O\u00dc visp\u0101r\u012bgie p\u0101rdo\u0161anas noteikumi un nosac\u012bjumi (.PDF)<\/a><\/p>\n","protected":false},"excerpt":{"rendered":"<p>\u0160ie p\u0101rdo\u0161anas nosac\u012bjumi attiecas tikai uz m\u016bsu klientu pas\u016bt\u012bjumiem. Ja past\u0101v pretrunas starp p\u0101rdo\u0161anas nosac\u012bjumiem un pas\u016bt\u012bjuma tekstu vai pas\u016bt\u012bjum\u0101 min\u0113to dokumentu tekstu, tad noteico\u0161ie ir p\u0101rdo\u0161anas nosac\u012bjumi.<\/p>\n","protected":false},"author":1,"featured_media":3831,"parent":2921,"menu_order":0,"comment_status":"closed","ping_status":"closed","template":"","meta":[],"yoast_head":"<!-- This site is optimized with the Yoast SEO plugin v16.0.2 - https:\/\/yoast.com\/wordpress\/plugins\/seo\/ -->\n<title>\u201cB\u00fcfa Composites Baltic\u201d O\u00dc visp\u0101r\u012bgie p\u0101rdo\u0161anas noteikumi un nosac\u012bjumi - B\u00dcFA<\/title>\n<link rel=\"canonical\" href=\"https:\/\/www.buefa.ee\/lv\/zinatiba\/bufa-composites-baltic-ou-general-terms-and-conditions-of-sale\/\" \/>\n<meta property=\"og:locale\" content=\"lv_LV\" \/>\n<meta property=\"og:type\" content=\"article\" \/>\n<meta property=\"og:title\" content=\"\u201cB\u00fcfa Composites Baltic\u201d O\u00dc visp\u0101r\u012bgie p\u0101rdo\u0161anas noteikumi un nosac\u012bjumi - B\u00dcFA\" \/>\n<meta property=\"og:description\" content=\"\u0160ie p\u0101rdo\u0161anas nosac\u012bjumi attiecas tikai uz m\u016bsu klientu pas\u016bt\u012bjumiem. Ja past\u0101v pretrunas starp p\u0101rdo\u0161anas nosac\u012bjumiem un pas\u016bt\u012bjuma tekstu vai pas\u016bt\u012bjum\u0101 min\u0113to dokumentu tekstu, tad noteico\u0161ie ir p\u0101rdo\u0161anas nosac\u012bjumi.\" \/>\n<meta property=\"og:url\" content=\"https:\/\/www.buefa.ee\/lv\/zinatiba\/bufa-composites-baltic-ou-general-terms-and-conditions-of-sale\/\" \/>\n<meta property=\"og:site_name\" content=\"B\u00dcFA\" \/>\n<meta property=\"article:modified_time\" content=\"2019-07-31T07:19:05+00:00\" \/>\n<meta property=\"og:image\" content=\"https:\/\/www.buefa.ee\/wp-content\/uploads\/2019\/06\/shutterstock_39122326-2.png\" \/>\n\t<meta property=\"og:image:width\" content=\"800\" \/>\n\t<meta property=\"og:image:height\" content=\"533\" \/>\n<meta name=\"twitter:card\" content=\"summary_large_image\" \/>\n<script type=\"application\/ld+json\" class=\"yoast-schema-graph\">{\"@context\":\"https:\/\/schema.org\",\"@graph\":[{\"@type\":\"WebSite\",\"@id\":\"https:\/\/www.buefa.ee\/#website\",\"url\":\"https:\/\/www.buefa.ee\/\",\"name\":\"B\\u00dcFA\",\"description\":\"New Chemistry, composite raw materials, komposiit materjalid\",\"potentialAction\":[{\"@type\":\"SearchAction\",\"target\":\"https:\/\/www.buefa.ee\/?s={search_term_string}\",\"query-input\":\"required name=search_term_string\"}],\"inLanguage\":\"lv-LV\"},{\"@type\":\"ImageObject\",\"@id\":\"https:\/\/www.buefa.ee\/lv\/zinatiba\/bufa-composites-baltic-ou-general-terms-and-conditions-of-sale\/#primaryimage\",\"inLanguage\":\"lv-LV\",\"url\":\"https:\/\/www.buefa.ee\/wp-content\/uploads\/2019\/06\/shutterstock_39122326-2.png\",\"width\":800,\"height\":533},{\"@type\":\"WebPage\",\"@id\":\"https:\/\/www.buefa.ee\/lv\/zinatiba\/bufa-composites-baltic-ou-general-terms-and-conditions-of-sale\/#webpage\",\"url\":\"https:\/\/www.buefa.ee\/lv\/zinatiba\/bufa-composites-baltic-ou-general-terms-and-conditions-of-sale\/\",\"name\":\"\\u201cB\\u00fcfa Composites Baltic\\u201d O\\u00dc visp\\u0101r\\u012bgie p\\u0101rdo\\u0161anas noteikumi un nosac\\u012bjumi - B\\u00dcFA\",\"isPartOf\":{\"@id\":\"https:\/\/www.buefa.ee\/#website\"},\"primaryImageOfPage\":{\"@id\":\"https:\/\/www.buefa.ee\/lv\/zinatiba\/bufa-composites-baltic-ou-general-terms-and-conditions-of-sale\/#primaryimage\"},\"datePublished\":\"2019-06-21T11:51:30+00:00\",\"dateModified\":\"2019-07-31T07:19:05+00:00\",\"breadcrumb\":{\"@id\":\"https:\/\/www.buefa.ee\/lv\/zinatiba\/bufa-composites-baltic-ou-general-terms-and-conditions-of-sale\/#breadcrumb\"},\"inLanguage\":\"lv-LV\",\"potentialAction\":[{\"@type\":\"ReadAction\",\"target\":[\"https:\/\/www.buefa.ee\/lv\/zinatiba\/bufa-composites-baltic-ou-general-terms-and-conditions-of-sale\/\"]}]},{\"@type\":\"BreadcrumbList\",\"@id\":\"https:\/\/www.buefa.ee\/lv\/zinatiba\/bufa-composites-baltic-ou-general-terms-and-conditions-of-sale\/#breadcrumb\",\"itemListElement\":[{\"@type\":\"ListItem\",\"position\":1,\"item\":{\"@type\":\"WebPage\",\"@id\":\"https:\/\/www.buefa.ee\/lv\/\",\"url\":\"https:\/\/www.buefa.ee\/lv\/\",\"name\":\"Home\"}},{\"@type\":\"ListItem\",\"position\":2,\"item\":{\"@type\":\"WebPage\",\"@id\":\"https:\/\/www.buefa.ee\/lv\/zinatiba\/\",\"url\":\"https:\/\/www.buefa.ee\/lv\/zinatiba\/\",\"name\":\"Zin\\u0101t\\u012bba\"}},{\"@type\":\"ListItem\",\"position\":3,\"item\":{\"@type\":\"WebPage\",\"@id\":\"https:\/\/www.buefa.ee\/lv\/zinatiba\/bufa-composites-baltic-ou-general-terms-and-conditions-of-sale\/\",\"url\":\"https:\/\/www.buefa.ee\/lv\/zinatiba\/bufa-composites-baltic-ou-general-terms-and-conditions-of-sale\/\",\"name\":\"\\u201cB\\u00fcfa Composites Baltic\\u201d O\\u00dc visp\\u0101r\\u012bgie p\\u0101rdo\\u0161anas noteikumi un nosac\\u012bjumi\"}}]}]}<\/script>\n<!-- \/ Yoast SEO plugin. -->","_links":{"self":[{"href":"https:\/\/www.buefa.ee\/lv\/wp-json\/wp\/v2\/pages\/3872"}],"collection":[{"href":"https:\/\/www.buefa.ee\/lv\/wp-json\/wp\/v2\/pages"}],"about":[{"href":"https:\/\/www.buefa.ee\/lv\/wp-json\/wp\/v2\/types\/page"}],"author":[{"embeddable":true,"href":"https:\/\/www.buefa.ee\/lv\/wp-json\/wp\/v2\/users\/1"}],"replies":[{"embeddable":true,"href":"https:\/\/www.buefa.ee\/lv\/wp-json\/wp\/v2\/comments?post=3872"}],"version-history":[{"count":2,"href":"https:\/\/www.buefa.ee\/lv\/wp-json\/wp\/v2\/pages\/3872\/revisions"}],"predecessor-version":[{"id":3878,"href":"https:\/\/www.buefa.ee\/lv\/wp-json\/wp\/v2\/pages\/3872\/revisions\/3878"}],"up":[{"embeddable":true,"href":"https:\/\/www.buefa.ee\/lv\/wp-json\/wp\/v2\/pages\/2921"}],"wp:featuredmedia":[{"embeddable":true,"href":"https:\/\/www.buefa.ee\/lv\/wp-json\/wp\/v2\/media\/3831"}],"wp:attachment":[{"href":"https:\/\/www.buefa.ee\/lv\/wp-json\/wp\/v2\/media?parent=3872"}],"curies":[{"name":"wp","href":"https:\/\/api.w.org\/{rel}","templated":true}]}}