{"id":3861,"date":"2019-06-21T11:51:30","date_gmt":"2019-06-21T11:51:30","guid":{"rendered":"https:\/\/www.buefa.ee\/nou-hau\/bufa-composites-baltic-ou-general-terms-and-conditions-of-sale\/"},"modified":"2019-07-31T07:20:24","modified_gmt":"2019-07-31T07:20:24","slug":"obshhie-usloviya-prodazhi-bufa-composites-baltic-ou","status":"publish","type":"page","link":"https:\/\/www.buefa.ee\/ru\/nou-hau\/obshhie-usloviya-prodazhi-bufa-composites-baltic-ou\/","title":{"rendered":"\u041e\u0431\u0449\u0438\u0435 \u0443\u0441\u043b\u043e\u0432\u0438\u044f \u043f\u0440\u043e\u0434\u0430\u0436\u0438 B\u00dcFA Composites Baltic O\u00dc"},"content":{"rendered":"<p>\u041d\u0438\u0436\u0435\u0441\u043b\u0435\u0434\u0443\u044e\u0449\u0438\u0435 \u0443\u0441\u043b\u043e\u0432\u0438\u044f \u043f\u0440\u043e\u0434\u0430\u0436\u0438 \u0440\u0430\u0441\u043f\u0440\u043e\u0441\u0442\u0440\u0430\u043d\u044f\u044e\u0442\u0441\u044f \u0438\u0441\u043a\u043b\u044e\u0447\u0438\u0442\u0435\u043b\u044c\u043d\u043e \u043d\u0430 \u0437\u0430\u043a\u0430\u0437\u044b \u043d\u0430\u0448\u0438\u0445 \u043a\u043b\u0438\u0435\u043d\u0442\u043e\u0432. \u0412 \u0441\u043b\u0443\u0447\u0430\u0435 \u0432\u043e\u0437\u043d\u0438\u043a\u043d\u043e\u0432\u0435\u043d\u0438\u044f \u043f\u0440\u043e\u0442\u0438\u0432\u043e\u0440\u0435\u0447\u0438\u0439 \u043c\u0435\u0436\u0434\u0443 \u0443\u0441\u043b\u043e\u0432\u0438\u044f\u043c\u0438 \u043f\u0440\u043e\u0434\u0430\u0436\u0438 \u0438 \u0442\u0435\u043a\u0441\u0442\u043e\u043c \u0437\u0430\u043a\u0430\u0437\u0430 \u0438\u043b\u0438 \u0442\u0435\u043a\u0441\u0442\u043e\u043c \u0443\u043a\u0430\u0437\u0430\u043d\u043d\u044b\u0445 \u0432 \u0437\u0430\u043a\u0430\u0437\u0435 \u0434\u043e\u043a\u0443\u043c\u0435\u043d\u0442\u043e\u0432, \u043f\u0440\u0435\u0438\u043c\u0443\u0449\u0435\u0441\u0442\u0432\u0435\u043d\u043d\u0443\u044e \u0441\u0438\u043b\u0443 \u0438\u043c\u0435\u044e\u0442 \u0443\u0441\u043b\u043e\u0432\u0438\u044f \u043f\u0440\u043e\u0434\u0430\u0436\u0438.<\/p>\n<p><a href=\"https:\/\/www.buefa.ee\/wp-content\/uploads\/2019\/07\/GTC-s-BU-FA.2016-08-29_RUS.pdf\" target=\"_blank\" rel=\"noopener noreferrer\">\u041e\u0431\u0449\u0438\u0435 \u0443\u0441\u043b\u043e\u0432\u0438\u044f \u043f\u0440\u043e\u0434\u0430\u0436\u0438 B\u00dcFA Composites Baltic O\u00dc (.PDF)<\/a><\/p>\n","protected":false},"excerpt":{"rendered":"<p>\u041d\u0438\u0436\u0435\u0441\u043b\u0435\u0434\u0443\u044e\u0449\u0438\u0435 \u0443\u0441\u043b\u043e\u0432\u0438\u044f \u043f\u0440\u043e\u0434\u0430\u0436\u0438 \u0440\u0430\u0441\u043f\u0440\u043e\u0441\u0442\u0440\u0430\u043d\u044f\u044e\u0442\u0441\u044f \u0438\u0441\u043a\u043b\u044e\u0447\u0438\u0442\u0435\u043b\u044c\u043d\u043e \u043d\u0430 \u0437\u0430\u043a\u0430\u0437\u044b \u043d\u0430\u0448\u0438\u0445 \u043a\u043b\u0438\u0435\u043d\u0442\u043e\u0432. \u0412 \u0441\u043b\u0443\u0447\u0430\u0435 \u0432\u043e\u0437\u043d\u0438\u043a\u043d\u043e\u0432\u0435\u043d\u0438\u044f \u043f\u0440\u043e\u0442\u0438\u0432\u043e\u0440\u0435\u0447\u0438\u0439 \u043c\u0435\u0436\u0434\u0443 \u0443\u0441\u043b\u043e\u0432\u0438\u044f\u043c\u0438 \u043f\u0440\u043e\u0434\u0430\u0436\u0438 \u0438 \u0442\u0435\u043a\u0441\u0442\u043e\u043c \u0437\u0430\u043a\u0430\u0437\u0430 \u0438\u043b\u0438 \u0442\u0435\u043a\u0441\u0442\u043e\u043c \u0443\u043a\u0430\u0437\u0430\u043d\u043d\u044b\u0445 \u0432 \u0437\u0430\u043a\u0430\u0437\u0435 \u0434\u043e\u043a\u0443\u043c\u0435\u043d\u0442\u043e\u0432, \u043f\u0440\u0435\u0438\u043c\u0443\u0449\u0435\u0441\u0442\u0432\u0435\u043d\u043d\u0443\u044e \u0441\u0438\u043b\u0443 \u0438\u043c\u0435\u044e\u0442 \u0443\u0441\u043b\u043e\u0432\u0438\u044f \u043f\u0440\u043e\u0434\u0430\u0436\u0438.<\/p>\n","protected":false},"author":1,"featured_media":3833,"parent":2923,"menu_order":0,"comment_status":"closed","ping_status":"closed","template":"","meta":[],"yoast_head":"<!-- This site is optimized with the Yoast SEO plugin v16.0.2 - https:\/\/yoast.com\/wordpress\/plugins\/seo\/ -->\n<title>\u041e\u0431\u0449\u0438\u0435 \u0443\u0441\u043b\u043e\u0432\u0438\u044f \u043f\u0440\u043e\u0434\u0430\u0436\u0438 B\u00dcFA Composites Baltic O\u00dc - B\u00dcFA<\/title>\n<link rel=\"canonical\" href=\"https:\/\/www.buefa.ee\/ru\/nou-hau\/obshhie-usloviya-prodazhi-bufa-composites-baltic-ou\/\" \/>\n<meta property=\"og:locale\" content=\"ru_RU\" \/>\n<meta property=\"og:type\" content=\"article\" \/>\n<meta property=\"og:title\" content=\"\u041e\u0431\u0449\u0438\u0435 \u0443\u0441\u043b\u043e\u0432\u0438\u044f \u043f\u0440\u043e\u0434\u0430\u0436\u0438 B\u00dcFA Composites Baltic O\u00dc - B\u00dcFA\" \/>\n<meta property=\"og:description\" content=\"\u041d\u0438\u0436\u0435\u0441\u043b\u0435\u0434\u0443\u044e\u0449\u0438\u0435 \u0443\u0441\u043b\u043e\u0432\u0438\u044f \u043f\u0440\u043e\u0434\u0430\u0436\u0438 \u0440\u0430\u0441\u043f\u0440\u043e\u0441\u0442\u0440\u0430\u043d\u044f\u044e\u0442\u0441\u044f \u0438\u0441\u043a\u043b\u044e\u0447\u0438\u0442\u0435\u043b\u044c\u043d\u043e \u043d\u0430 \u0437\u0430\u043a\u0430\u0437\u044b \u043d\u0430\u0448\u0438\u0445 \u043a\u043b\u0438\u0435\u043d\u0442\u043e\u0432. \u0412 \u0441\u043b\u0443\u0447\u0430\u0435 \u0432\u043e\u0437\u043d\u0438\u043a\u043d\u043e\u0432\u0435\u043d\u0438\u044f \u043f\u0440\u043e\u0442\u0438\u0432\u043e\u0440\u0435\u0447\u0438\u0439 \u043c\u0435\u0436\u0434\u0443 \u0443\u0441\u043b\u043e\u0432\u0438\u044f\u043c\u0438 \u043f\u0440\u043e\u0434\u0430\u0436\u0438 \u0438 \u0442\u0435\u043a\u0441\u0442\u043e\u043c \u0437\u0430\u043a\u0430\u0437\u0430 \u0438\u043b\u0438 \u0442\u0435\u043a\u0441\u0442\u043e\u043c \u0443\u043a\u0430\u0437\u0430\u043d\u043d\u044b\u0445 \u0432 \u0437\u0430\u043a\u0430\u0437\u0435 \u0434\u043e\u043a\u0443\u043c\u0435\u043d\u0442\u043e\u0432, \u043f\u0440\u0435\u0438\u043c\u0443\u0449\u0435\u0441\u0442\u0432\u0435\u043d\u043d\u0443\u044e \u0441\u0438\u043b\u0443 \u0438\u043c\u0435\u044e\u0442 \u0443\u0441\u043b\u043e\u0432\u0438\u044f \u043f\u0440\u043e\u0434\u0430\u0436\u0438.\" \/>\n<meta property=\"og:url\" content=\"https:\/\/www.buefa.ee\/ru\/nou-hau\/obshhie-usloviya-prodazhi-bufa-composites-baltic-ou\/\" \/>\n<meta property=\"og:site_name\" content=\"B\u00dcFA\" \/>\n<meta property=\"article:modified_time\" content=\"2019-07-31T07:20:24+00:00\" \/>\n<meta property=\"og:image\" content=\"https:\/\/www.buefa.ee\/wp-content\/uploads\/2019\/06\/shutterstock_39122326-2.png\" \/>\n\t<meta property=\"og:image:width\" content=\"800\" \/>\n\t<meta property=\"og:image:height\" content=\"533\" \/>\n<meta name=\"twitter:card\" content=\"summary_large_image\" \/>\n<script type=\"application\/ld+json\" class=\"yoast-schema-graph\">{\"@context\":\"https:\/\/schema.org\",\"@graph\":[{\"@type\":\"WebSite\",\"@id\":\"https:\/\/www.buefa.ee\/#website\",\"url\":\"https:\/\/www.buefa.ee\/\",\"name\":\"B\\u00dcFA\",\"description\":\"New Chemistry, composite raw materials, komposiit materjalid\",\"potentialAction\":[{\"@type\":\"SearchAction\",\"target\":\"https:\/\/www.buefa.ee\/?s={search_term_string}\",\"query-input\":\"required name=search_term_string\"}],\"inLanguage\":\"ru-RU\"},{\"@type\":\"ImageObject\",\"@id\":\"https:\/\/www.buefa.ee\/ru\/nou-hau\/obshhie-usloviya-prodazhi-bufa-composites-baltic-ou\/#primaryimage\",\"inLanguage\":\"ru-RU\",\"url\":\"https:\/\/www.buefa.ee\/wp-content\/uploads\/2019\/06\/shutterstock_39122326-2.png\",\"width\":800,\"height\":533},{\"@type\":\"WebPage\",\"@id\":\"https:\/\/www.buefa.ee\/ru\/nou-hau\/obshhie-usloviya-prodazhi-bufa-composites-baltic-ou\/#webpage\",\"url\":\"https:\/\/www.buefa.ee\/ru\/nou-hau\/obshhie-usloviya-prodazhi-bufa-composites-baltic-ou\/\",\"name\":\"\\u041e\\u0431\\u0449\\u0438\\u0435 \\u0443\\u0441\\u043b\\u043e\\u0432\\u0438\\u044f \\u043f\\u0440\\u043e\\u0434\\u0430\\u0436\\u0438 B\\u00dcFA Composites Baltic O\\u00dc - B\\u00dcFA\",\"isPartOf\":{\"@id\":\"https:\/\/www.buefa.ee\/#website\"},\"primaryImageOfPage\":{\"@id\":\"https:\/\/www.buefa.ee\/ru\/nou-hau\/obshhie-usloviya-prodazhi-bufa-composites-baltic-ou\/#primaryimage\"},\"datePublished\":\"2019-06-21T11:51:30+00:00\",\"dateModified\":\"2019-07-31T07:20:24+00:00\",\"breadcrumb\":{\"@id\":\"https:\/\/www.buefa.ee\/ru\/nou-hau\/obshhie-usloviya-prodazhi-bufa-composites-baltic-ou\/#breadcrumb\"},\"inLanguage\":\"ru-RU\",\"potentialAction\":[{\"@type\":\"ReadAction\",\"target\":[\"https:\/\/www.buefa.ee\/ru\/nou-hau\/obshhie-usloviya-prodazhi-bufa-composites-baltic-ou\/\"]}]},{\"@type\":\"BreadcrumbList\",\"@id\":\"https:\/\/www.buefa.ee\/ru\/nou-hau\/obshhie-usloviya-prodazhi-bufa-composites-baltic-ou\/#breadcrumb\",\"itemListElement\":[{\"@type\":\"ListItem\",\"position\":1,\"item\":{\"@type\":\"WebPage\",\"@id\":\"https:\/\/www.buefa.ee\/ru\/\",\"url\":\"https:\/\/www.buefa.ee\/ru\/\",\"name\":\"Home\"}},{\"@type\":\"ListItem\",\"position\":2,\"item\":{\"@type\":\"WebPage\",\"@id\":\"https:\/\/www.buefa.ee\/ru\/nou-hau\/\",\"url\":\"https:\/\/www.buefa.ee\/ru\/nou-hau\/\",\"name\":\"\\u041d\\u043e\\u0443-\\u0445\\u0430\\u0443\"}},{\"@type\":\"ListItem\",\"position\":3,\"item\":{\"@type\":\"WebPage\",\"@id\":\"https:\/\/www.buefa.ee\/ru\/nou-hau\/obshhie-usloviya-prodazhi-bufa-composites-baltic-ou\/\",\"url\":\"https:\/\/www.buefa.ee\/ru\/nou-hau\/obshhie-usloviya-prodazhi-bufa-composites-baltic-ou\/\",\"name\":\"\\u041e\\u0431\\u0449\\u0438\\u0435 \\u0443\\u0441\\u043b\\u043e\\u0432\\u0438\\u044f \\u043f\\u0440\\u043e\\u0434\\u0430\\u0436\\u0438 B\\u00dcFA Composites Baltic O\\u00dc\"}}]}]}<\/script>\n<!-- \/ Yoast SEO plugin. -->","_links":{"self":[{"href":"https:\/\/www.buefa.ee\/ru\/wp-json\/wp\/v2\/pages\/3861"}],"collection":[{"href":"https:\/\/www.buefa.ee\/ru\/wp-json\/wp\/v2\/pages"}],"about":[{"href":"https:\/\/www.buefa.ee\/ru\/wp-json\/wp\/v2\/types\/page"}],"author":[{"embeddable":true,"href":"https:\/\/www.buefa.ee\/ru\/wp-json\/wp\/v2\/users\/1"}],"replies":[{"embeddable":true,"href":"https:\/\/www.buefa.ee\/ru\/wp-json\/wp\/v2\/comments?post=3861"}],"version-history":[{"count":5,"href":"https:\/\/www.buefa.ee\/ru\/wp-json\/wp\/v2\/pages\/3861\/revisions"}],"predecessor-version":[{"id":3880,"href":"https:\/\/www.buefa.ee\/ru\/wp-json\/wp\/v2\/pages\/3861\/revisions\/3880"}],"up":[{"embeddable":true,"href":"https:\/\/www.buefa.ee\/ru\/wp-json\/wp\/v2\/pages\/2923"}],"wp:featuredmedia":[{"embeddable":true,"href":"https:\/\/www.buefa.ee\/ru\/wp-json\/wp\/v2\/media\/3833"}],"wp:attachment":[{"href":"https:\/\/www.buefa.ee\/ru\/wp-json\/wp\/v2\/media?parent=3861"}],"curies":[{"name":"wp","href":"https:\/\/api.w.org\/{rel}","templated":true}]}}